{"id":89,"date":"2023-04-11T18:22:07","date_gmt":"2023-04-11T16:22:07","guid":{"rendered":"https:\/\/ambasciatapraga.esteri.it\/?page_id=89"},"modified":"2025-10-01T08:35:09","modified_gmt":"2025-10-01T12:35:09","slug":"visti","status":"publish","type":"page","link":"https:\/\/amblavana.esteri.it\/it\/servizi-consolari-e-visti\/servizi-per-il-cittadino-straniero\/visti\/","title":{"rendered":"Visti"},"content":{"rendered":"<p><strong>Tipi di visto per l\u2019Italia e documentazione necessaria<\/strong><\/p>\n<p style=\"margin-top: 0cm; text-align: justify; background: white;\"><span style=\"font-size: 13.5pt; font-family: 'Titillium Web'; color: #1a1a1a;\">Scopri qual \u00e8 il visto corretto per viaggiare in Italia in base alle tue esigenze e quali sono i documenti da presentare visitando il\u00a0<\/span><a href=\"https:\/\/vistoperitalia.esteri.it\/\"><span style=\"font-size: 13.5pt; font-family: 'Titillium Web';\">portale visti del Ministero degli Esteri e della Cooperazione Internazionale<\/span><\/a><span style=\"font-size: 13.5pt; font-family: 'Titillium Web'; color: #1a1a1a;\">.<\/span><\/p>\n<p style=\"margin-top: 0cm; text-align: justify; background: white;\"><strong><u><span style=\"font-size: 13.5pt; font-family: 'Titillium Web'; color: #1a1a1a;\">NOTA BENE<\/span><\/u><\/strong><strong><span style=\"font-size: 13.5pt; font-family: 'Titillium Web'; color: #1a1a1a;\"> Le Ambasciate dei Paesi dell\u2019area Schengen presenti a Cuba hanno stabilito alcuni <u>requisiti ulteriori<\/u> per la presentazione delle domande di visto rispetto a quelli riportati nel portale visti del MAECI. Per consultare la <u>lista completa dei documenti da presentare<\/u> per i principali tipi di visto clicca\u00a0<\/span><\/strong><a href=\"https:\/\/amblavana.esteri.it\/it\/servizi-consolari-e-visti\/\"><b><span style=\"font-size: 13.5pt; font-family: 'Titillium Web';\">qui<\/span><\/b><\/a><span style=\"font-size: 13.5pt; font-family: 'Titillium Web'; color: #1a1a1a;\">.<\/span><\/p>\n<p>&nbsp;<\/p>\n<p><strong>Orari di apertura al pubblico<\/strong><\/p>\n<p>Il personale dell\u2019ufficio Visti riceve tutti i giorni dalle ore 9:00 alle ore 13:00 su appuntamento.<\/p>\n<p><strong>\u200b<\/strong><strong>La prenotazione degli appuntamenti per i servizi consolari <\/strong><strong>\u00e8<\/strong><strong> totalmente GRATUITA. Si segnala che l<\/strong><strong>\u2019<\/strong><strong>Ambasciata NON autorizza alcun intermediario a prenotare gli appuntamenti.<\/strong><strong><br \/>\nPer prenotare un appuntamento utilizzare il portale\u00a0<\/strong><strong><a href=\"https:\/\/prenotami.esteri.it\">Prenot@mi<\/a><\/strong><strong>.<\/strong><\/p>\n<p>&nbsp;<\/p>\n<p><strong>Informazioni utili per prenotazioni sul portale PRENOT@MI<\/strong><\/p>\n<p>Nuove disponibilit\u00e0 di posti vengono offerte quotidianamente (da domenica a gioved\u00ec) alle 23.30 (orario italiano). Si segnala altres\u00ec che un numero molto limitato di posti, sono resi disponibili dal portale quotidianamente alle ore 12.00 e 00.00 italiane.<\/p>\n<p><strong>Per accedere al portale \u00e8 necessario registrarsi inserendo i dati del <u>richiedente visto<\/u>. Prenotazioni effettuate con informazioni incomplete o non corrette saranno soggette ad annullamento d\u2019ufficio.<\/strong><\/p>\n<p>&nbsp;<\/p>\n<p><strong>Famigliari di cittadini UE ex art. 2 d.lgs. 30\/2007<\/strong><\/p>\n<p>Per i richiedenti visto familiari di cittadini italiani ex art. 2 D.Lgs. 30\/2007 (coniugi, figli e figliastri, genitori e suoceri) che non riescono a prenotare un appuntamento tramite portale Prenot@mi da almeno un mese, \u00e8 stata attivata una email dedicata: <a href=\"mailto:ambavana.familiariue@esteri.it\">ambavana.familiariue@esteri.it<\/a><\/p>\n<p>Il diretto interessato (o il suo parente invitante) potr\u00e0 segnalare a questo indirizzo eventuali problemi di prenotazione specificando e allegando:<\/p>\n<ul>\n<li>Il nominativo del richiedente visto<\/li>\n<li>Il nominativo del parente italiano<\/li>\n<li>Legame di parentela<\/li>\n<li>Documentazione che dimostri il legame di parentela<\/li>\n<li>Numero di passaporto di entrambi<\/li>\n<li>Indirizzo email utilizzato per prenotare il servizio su Prenot@mi (l\u2019account deve essere a nome del richiedente visto)<\/li>\n<\/ul>\n<p>La possibilit\u00e0 di fissare un appuntamento d\u2019ufficio tramite questo servizio non sostituisce Prenot@mi ma rappresenta uno strumento aggiuntivo a supporto dell\u2019utenza. A causa dell\u2019ingente domanda di appuntamenti, non \u00e8 possibile garantire un tempo massimo di attesa dall\u2019invio dell\u2019email alla data dell\u2019appuntamento.<\/p>\n<p>&nbsp;<\/p>\n<p><strong>Chi pu\u00f2 fare domanda di visto\u00a0<\/strong><\/p>\n<p>Possono presentare domanda di visto tutti i cittadini cubani e i cittadini di Paesi soggetti a obbligo di visto residenti nel territorio della Repubblica di Cuba. Possono inoltre presentare domanda di visto i cittadini di Paesi soggetti a obbligo di visto che siano legalmente presenti a Cuba su base temporanea e che abbiano giustificati motivi per presentare domanda di visto a Cuba anzich\u00e9 all\u2019Ambasciata italiana nel Paese di stabile residenza. In tali casi, l\u2019Ambasciata d\u2019Italia a Cuba si riserva di valutare i giustificati motivi prima di dichiarare ricevibile la domanda.<\/p>\n<p>&nbsp;<\/p>\n<p><strong>Approvazione o diniego del visto<\/strong><\/p>\n<p>Si ricorda che il rilascio del visto \u00e8 una concessione e non un diritto, pertanto la domanda di visto potr\u00e0 essere approvata con il rilascio del visto o rifiutata con un diniego.<\/p>\n<p>Nel caso in cui la domanda di visto fosse incompleta o incorretta, l\u2019Ambasciata potr\u00e0 richiedere della documentazione aggiuntiva.<\/p>\n<p>Si sottolinea il fatto che <strong>presentare tutta la documentazione indicata nella lista dei documenti richiesti non garantisce automaticamente la concessione del visto<\/strong>. In molti casi \u00e8 d\u2019obbligo per l\u2019Ambasciata valutare il <span style=\"text-decoration: underline;\">rischio migratorio<\/span> del richiedente, ossia il rischio che il richiedente emigri clandestinamente nell\u2019area Schengen, utilizzando il visto come pretesto e strumento per stabilirsi illegalmente e in modo permanente sul territorio anzidetto. Questa valutazione \u00e8 rimessa, per legge, alla discrezione dell\u2019Ambasciata e viene fatta sulla base della situazione socio-economica del richiedente visto.<\/p>\n<p>&nbsp;<\/p>\n<p><strong>Nuovo sistema di ingressi\/uscite (EES) per la gestione delle frontiere Schengen<\/strong><\/p>\n<p><strong>Il sistema di ingressi\/uscite (Entry\/Exit System, EES)<\/strong> \u00e8 un sistema informatico automatizzato che registrer\u00e0 i cittadini di paesi terzi (cio\u00e8 non UE, n\u00e9 dell&#8217;Islanda, del Liechtenstein, della Norvegia o della Svizzera) che viaggiano per periodi di breve durata (massimo 90 giorni) ogni volta che attraversano le frontiere esterne dell\u2019area Schengen.<\/p>\n<p>Il nuovo sistema, che <strong>entrer\u00e0 in funzione a partire dal 12 ottobre 2025<\/strong>, modernizza la gestione delle frontiere europee migliorandone l&#8217;efficienza e la qualit\u00e0 dei processi: sostituir\u00e0 gradualmente l&#8217;apposizione manuale del timbro sul passaporto con un sistema digitale che registra gli ingressi e le uscite dei viaggiatori rendendo i controlli alle frontiere pi\u00f9 veloci e consentendo al personale di lavorare in modo pi\u00f9 efficiente.<\/p>\n<p>L&#8217;EES raccoglie, registra e conserva: i dati elencati nel documento o nei documenti di viaggio; la data e il luogo di ingresso e di uscita; l&#8217;immagine del volto e le impronte digitali (i cosiddetti &#8220;dati biometrici&#8221;); se l&#8217;ingresso \u00e8 stato rifiutato. <strong>I dati vengo raccolti e conservati nel pieno rispetto delle norme e dei diritti in materia di protezione dei dati<\/strong>.<\/p>\n<p>Per maggiori informazioni visitare il sito: <a href=\"https:\/\/travel-europe.europa.eu\/it\/ees\">EES &#8211; Sistema di ingressi-uscite (EES)<\/a><\/p>\n","protected":false},"excerpt":{"rendered":"Tipi di visto per l\u2019Italia e documentazione necessaria Scopri qual \u00e8 il visto corretto per viaggiare in Italia in base alle tue esigenze e quali sono i documenti da presentare visitando il\u00a0portale visti del Ministero degli Esteri e della Cooperazione Internazionale. NOTA BENE Le Ambasciate dei Paesi dell\u2019area Schengen presenti a Cuba hanno stabilito alcuni [&hellip;]","protected":false},"author":1,"featured_media":0,"parent":48,"menu_order":0,"comment_status":"closed","ping_status":"closed","template":"","meta":{"footnotes":""},"class_list":["post-89","page","type-page","status-publish","hentry"],"_links":{"self":[{"href":"https:\/\/amblavana.esteri.it\/it\/wp-json\/wp\/v2\/pages\/89","targetHints":{"allow":["GET"]}}],"collection":[{"href":"https:\/\/amblavana.esteri.it\/it\/wp-json\/wp\/v2\/pages"}],"about":[{"href":"https:\/\/amblavana.esteri.it\/it\/wp-json\/wp\/v2\/types\/page"}],"author":[{"embeddable":true,"href":"https:\/\/amblavana.esteri.it\/it\/wp-json\/wp\/v2\/users\/1"}],"replies":[{"embeddable":true,"href":"https:\/\/amblavana.esteri.it\/it\/wp-json\/wp\/v2\/comments?post=89"}],"version-history":[{"count":6,"href":"https:\/\/amblavana.esteri.it\/it\/wp-json\/wp\/v2\/pages\/89\/revisions"}],"predecessor-version":[{"id":3774,"href":"https:\/\/amblavana.esteri.it\/it\/wp-json\/wp\/v2\/pages\/89\/revisions\/3774"}],"up":[{"embeddable":true,"href":"https:\/\/amblavana.esteri.it\/it\/wp-json\/wp\/v2\/pages\/48"}],"wp:attachment":[{"href":"https:\/\/amblavana.esteri.it\/it\/wp-json\/wp\/v2\/media?parent=89"}],"curies":[{"name":"wp","href":"https:\/\/api.w.org\/{rel}","templated":true}]}}