{"id":67,"date":"2023-04-11T18:17:44","date_gmt":"2023-04-11T16:17:44","guid":{"rendered":"https:\/\/ambasciatapraga.esteri.it\/?page_id=67"},"modified":"2025-12-09T12:11:55","modified_gmt":"2025-12-09T16:11:55","slug":"emergency-travel-documents-etd","status":"publish","type":"page","link":"https:\/\/amblavana.esteri.it\/it\/servizi-consolari-e-visti\/servizi-per-il-cittadino-italiano\/emergency-travel-documents-etd\/","title":{"rendered":"Emergency Travel Documents (ETD)"},"content":{"rendered":"<p>Il cittadino italiano che, trovandosi momentaneamente a Cuba, subisca il furto\/smarrimento del documento d\u2019identit\u00e0, potr\u00e0 richiedere il rilascio di un documento di viaggio (ETD) con validit\u00e0 limitata al solo rientro nel luogo di residenza.<\/p>\n<p>Per ottenere tale documento bisogner\u00e0 presentarsi negli Uffici della Cancelleria Consolare con la seguente documentazione:<\/p>\n<ul>\n<li>denuncia di furto o smarrimento del passaporto sporta presso le Autorit\u00e0 di Polizia;<\/li>\n<li>altro documento d\u2019identit\u00e0, se disponibile;<\/li>\n<li>n. 1 fotografia frontale a colori, formato tessera;<\/li>\n<li>biglietto aereo.<\/li>\n<\/ul>\n<p><strong>NB: <\/strong>Il documento di viaggio provvisorio ha una validit\u00e0 massima di 7 giorni e pu\u00f2 quindi essere rilasciato in prossimit\u00e0 del viaggio di rientro.<\/p>\n","protected":false},"excerpt":{"rendered":"Il cittadino italiano che, trovandosi momentaneamente a Cuba, subisca il furto\/smarrimento del documento d\u2019identit\u00e0, potr\u00e0 richiedere il rilascio di un documento di viaggio (ETD) con validit\u00e0 limitata al solo rientro nel luogo di residenza. Per ottenere tale documento bisogner\u00e0 presentarsi negli Uffici della Cancelleria Consolare con la seguente documentazione: denuncia di furto o smarrimento del [&hellip;]","protected":false},"author":1,"featured_media":0,"parent":47,"menu_order":2,"comment_status":"closed","ping_status":"closed","template":"","meta":{"footnotes":""},"class_list":["post-67","page","type-page","status-publish","hentry"],"_links":{"self":[{"href":"https:\/\/amblavana.esteri.it\/it\/wp-json\/wp\/v2\/pages\/67","targetHints":{"allow":["GET"]}}],"collection":[{"href":"https:\/\/amblavana.esteri.it\/it\/wp-json\/wp\/v2\/pages"}],"about":[{"href":"https:\/\/amblavana.esteri.it\/it\/wp-json\/wp\/v2\/types\/page"}],"author":[{"embeddable":true,"href":"https:\/\/amblavana.esteri.it\/it\/wp-json\/wp\/v2\/users\/1"}],"replies":[{"embeddable":true,"href":"https:\/\/amblavana.esteri.it\/it\/wp-json\/wp\/v2\/comments?post=67"}],"version-history":[{"count":3,"href":"https:\/\/amblavana.esteri.it\/it\/wp-json\/wp\/v2\/pages\/67\/revisions"}],"predecessor-version":[{"id":3951,"href":"https:\/\/amblavana.esteri.it\/it\/wp-json\/wp\/v2\/pages\/67\/revisions\/3951"}],"up":[{"embeddable":true,"href":"https:\/\/amblavana.esteri.it\/it\/wp-json\/wp\/v2\/pages\/47"}],"wp:attachment":[{"href":"https:\/\/amblavana.esteri.it\/it\/wp-json\/wp\/v2\/media?parent=67"}],"curies":[{"name":"wp","href":"https:\/\/api.w.org\/{rel}","templated":true}]}}