{"id":572,"date":"2023-10-26T16:25:09","date_gmt":"2023-10-26T20:25:09","guid":{"rendered":"https:\/\/amblavana.esteri.it\/?page_id=572"},"modified":"2024-09-10T17:49:37","modified_gmt":"2024-09-10T21:49:37","slug":"domande-frequenti","status":"publish","type":"page","link":"https:\/\/amblavana.esteri.it\/it\/servizi-consolari-e-visti\/servizi-per-il-cittadino-italiano\/domande-frequenti\/","title":{"rendered":"Domande frequenti"},"content":{"rendered":"<div class=\"sr-only\"><strong>AIRE<\/strong><\/div>\n<div>\n<h4>E&#8217; importante iscriversi all&#8217;AIRE?<\/h4>\n<p>E\u2019 molto importante. L\u2019AIRE consente allo Stato italiano di:<\/p>\n<ul>\n<li>garantire e facilitare l\u2019esercizio dei diritti politici (il voto politico, il voto e le candidature per gli organismi rappresentativi);<\/li>\n<li>programmare in modo pi\u00f9 razionale gli interventi della Pubblica Amministrazione a favore delle comunit\u00e0 degli italiani residenti all\u2019estero;<\/li>\n<li>erogare i servizi amministrativi e gli interventi di assistenza previsti per i cittadini italiani residenti all\u2019estero.<\/li>\n<\/ul>\n<h4>Chi deve iscriversi all&#8217;AIRE?<\/h4>\n<p>Si devono iscrivere:<\/p>\n<ul>\n<li>i cittadini italiani che hanno trasferito la loro residenza all\u2019estero;<\/li>\n<li>le persone nate all\u2019estero che hanno acquistato la cittadinanza italiana per nascita;<\/li>\n<li>le persone che hanno acquisito la cittadinanza italiana all\u2019estero.<\/li>\n<\/ul>\n<h4>Chi NON deve iscriversi all&#8217;AIRE?<\/h4>\n<p>Non si devono iscrivere\u00a0i cittadini che si recano all\u2019estero temporaneamente o stagionalmente per una durata non superiore ai dodici mesi.<\/p>\n<h4>Come si aggiorna l&#8217;AIRE?<\/h4>\n<p>L\u2019aggiornamento dipende da ognuno di noi. Ogni cittadino italiano residente all\u2019estero deve comunicare al competente Ufficio Consolare:<\/p>\n<ul>\n<li>il trasferimento della residenza o dell\u2019abitazione;<\/li>\n<li>le modifiche dello stato civile(matrimoni, divorzi, nascite, ecc.);<\/li>\n<li>il cambiamento della qualifica professionale e del titolo di studio.<\/li>\n<\/ul>\n<h4>STATO CIVILE<\/h4>\n<h4>Perch\u00e9 si devono legalizzare i documenti cubani ?<\/h4>\n<p>Perch\u00e9 non possono avere valore in Italia cos\u00ec come sono. Essi infatti provengono da un ordinamento straniero e non sono riconosciuti nel nostro.\u00a0E&#8217; dunque necessario che il Ministero degli Esteri cubano legalizzi la firma del pubblico ufficiale che ha sottoscritto il documento cubano. A sua volta, l\u2019Ambasciata d\u2019Italia legalizza la firma e il timbro del Ministero degli Esteri e il documento o l\u2019 atto puo\u2019 cosi\u2019 aver valore nel nostro Paese.<\/p>\n<h4>Che cosa deve fare un cittadino italiano residente all\u2019estero per registrare la\u00a0 famiglia?<\/h4>\n<p>I cittadini italiani sono tenuti a registrare in Italia tutte le variazioni di stato civile (matrimonio, nascite, decessi di familiari nati in Italia).\u00a0E&#8217; quindi necessario presentare alla Cancelleria Consolare tutti i relativi certificati legalizzati\u00a0accompagnandoli da prova della cittadinanza italiana al momento dell\u2019evento (passaporto).<\/p>\n<h4>Divorzi<\/h4>\n<p>Per trascrivere una sentenza di divorzio in Italia il cittadino italiano deve presentare i seguenti documenti:<\/p>\n<ol>\n<li>Copia integrale della sentenza da cui risulta il passaggio in giudicato rilasciata dal Tribunale competente, legalizzata dal Ministero degli Esteri cubano;<\/li>\n<li>Traduzione in italiano, effettuata da un traduttore autorizzato, di detta sentenza;<\/li>\n<li>Passaporto in corso di validit\u00e0; Fotocopia dei summenzionati documenti;<\/li>\n<li>Istanza in carta semplice di trascrizione della sentenza e dichiarazione sostitutiva di atto di notoriet\u00e0 attestante che non esiste procedimento analogo tra le stesse parti, pendente davanti al giudice italiano, che abbia avuto inizio prima del processo.<\/li>\n<\/ol>\n<h4>ATTI NOTARILI<\/h4>\n<h4>Che tipo di atti si possono fare presso l\u2018Ambasciata a Cuba?<\/h4>\n<p>Tutti quegli atti che vengono ricevuti o eseguiti in Italia presso gli Studi Notarili, quali:<\/p>\n<ul>\n<li>\u00a0Procure, generali e speciali;<\/li>\n<li>\u00a0Atti di notoriet\u00e0;<\/li>\n<li>\u00a0Autenticazioni di firma;<\/li>\n<li>\u00a0Dichiarazioni sostitutive di atti di notoriet\u00e0, etc.<\/li>\n<\/ul>\n<p>L&#8217;Ufficio non pu\u00f2 invece fare assistenza legale diretta.\u00a0Presso di esso \u00e8 possibile peraltro ottenere, nel caso fosse necessario un tale tipo di assistenza, una lista degli Studi Legali ai quali \u00e8 consentito avere clientela straniera.<\/p>\n<h4>Per poter fare una procura, quali dati \u00e8 necessario fornire?<\/h4>\n<p>Anzitutto bisogna fornire la prova della propria identit\u00e0 personale, esibendo al pubblico ufficiale un documento d&#8217;identit\u00e0 dal quale sia possibile desumere, contestualmente, i seguenti dati:\u00a0nome e cognome, data e luogo di nascita.<br \/>\nPer i cittadini italiani, ad esempio, \u00e8 sufficiente esibire il proprio passaporto.\u00a0Tali dati potranno poi essere integrati da ulteriori specificazioni: residenza, codice fiscale (laddove possibile), attivit\u00e0 professionale svolta dalla parte.<\/p>\n<h4>Quali altri dati bisogna fornire?<\/h4>\n<p>Chi conferisce procura deve anche fornire le generalit\u00e0 complete e precise della persona da nominare suo procuratore. E deve, in relazione all&#8217;oggetto della procura, poter fornire altre indicazioni.\u00a0Ad es., per una procura a vendere, deve poter identificare l&#8217;immobile da vendere. Se si tratta di una procura alle liti, a meno che non sia generale, deve poter fornire indicazioni sulla vertenza (causa, procedimento, contenzioso, etc.) in atto.<\/p>\n<h4>Atti quali procure, autentiche di firma e atti notori si possono fare solo in Ambasciata?<\/h4>\n<p>Non necessariamente. Essi possono essere ricevuti anche dai Notai locali. Ma perch\u00e8 tali atti poi possano essere fatti valere in Italia, necessitano di essere legalizzati dal Ministero degli Esteri locale e successivamente dall\u2019Ambasciata.<\/p>\n<h4>A quali condizioni la legge italiana ammette le dichiarazioni sostitutive di atti di notoriet\u00e0?<\/h4>\n<p>Si tratta di dichiarazioni, non pi\u00f9 necessariamente soggette ad autentica di firma, relative a fatti, stati e qualit\u00e0 personali dell&#8217;interessato, o dei quali l&#8217;interessato stesso, se riferite a terze persone, \u00e8 a conoscenza diretta. La legge ammette che esse possano essere effettuate dai cittadini italiani, dai cittadini dei paesi membri dell&#8217;Unione Europea e dai cittadini extracomunitari residenti in Italia per comprovare stati, fatti e qualit\u00e0 personali certificabili da parte di soggetti pubblici o privati italiani. A tali dichiarazioni sostitutive non sono pertanto ammessi i cittadini cubani che non risiedono nel nostro Paese.<\/p>\n<h4>La Cancelleria Consolare effettua traduzioni dallo spagnolo di documenti cubani da legalizzare?<\/h4>\n<p>No, la Cancelleria non effettua le traduzioni che potranno essere richieste ai traduttori ufficiali. Occorre peraltro precisare che, per certi atti giuridici, \u00e8 necessariamente richiesta, a tutela dell&#8217;interessato ed a suo carico, la presenza di un interprete ufficiale.<\/p>\n<h4>Desiderate rinnovare la vostra patente italiana?<\/h4>\n<p>La Cancelleria Consolare provvede al rinnovo delle patenti di guida italiane dei cittadini italiani residenti all\u2019estero e iscritti all\u2019AIRE dietro presentazione della patente di guida italiana e del certificato medico redatto da uno dei medici di fiducia del Consolato. La patente non deve essere scaduta da pi\u00f9 di 3 anni.<\/p>\n<h4>PASSAPORTI<\/h4>\n<h4>Chi pu\u00f2 richiedere il rilascio del passaporto presso l\u2019Ambasciata d\u2019Italia all\u2019Avana?<\/h4>\n<p>Tutti i cittadini italiani residenti a Cuba.\u00a0Anche coloro che non risiedono a Cuba possono richiedere il rilascio del passaporto, ma in tal caso occorre attendere il il Nulla Osta dell&#8217;Ufficio (Questura o Consolato Italiano) competente per il territorio di residenza.<\/p>\n<h4>Qual&#8217;\u00e8 la validit\u00e0 del passaporto?<\/h4>\n<p>Il passaporto viene rilasciato con una validit\u00e0 di dieci anni, trascorsi i quali occorre richiedere un nuovo documento.<\/p>\n<h4>Cosa si deve fare e quanto tempo \u00e8 necessario per ottenere il rilascio di un nuovo passaporto?<\/h4>\n<p>Occorre\u00a0<a href=\"https:\/\/prenotaonline.esteri.it\/login.aspx?cidsede=100024&amp;ReturnUrl=\/\" data-mce-tmp=\"1\"><strong>prenotare un appuntamento sul Prenota OnLine<\/strong><\/a>\u00a0e seguire le indicazioni contenute nel portale.\u00a0Se la documentazione presentata \u00e8 completa, il passaporto verr\u00e0 emesso nella stessa giornata dell&#8217;appuntamento in Ambasciata.<\/p>\n<h4>Che cosa si deve fare se il passaporto precedente risulta rubato o smarrito?<\/h4>\n<p>Occorre presentare alla Cancelleria Consolare la relativa denuncia di furto o smarrimento effettuata presso la locale competente autorit\u00e0 di Polizia, due fotografie formato tessera e di eventuali altri documenti atti a comprovare la propria identit\u00e0. Verr\u00e0 rilasciato gratuitamente un documento di rimpatrio sostitutivo del passaporto, valido solo per il viaggio di rientro in Italia.<br \/>\nNel caso il connazionale sia residente nella Circoscrizione Consolare verr\u00e0 invece iniziata la procedura per il rilascio del duplicato del passaporto.<\/p>\n<h4>Che cosa si deve fare se l&#8217;altro genitore rifiuta il consenso per il figlio minore?<\/h4>\n<p>Occorre presentare una dichiarazione illustrante i motivi del mancato consenso completa dell&#8217;ultimo indirizzo dell&#8217;altro genitore, al fine di permettere alla Cancelleria Consolare di contattarlo direttamente.<\/p>\n<h4>Il consenso per il coniuge o per il figlio minore pu\u00f2 essere espresso solo personalmente?<\/h4>\n<p>No, viene accettata anche una dichiarazione di espresso consenso sottoscritta e con firma apposta dinanzi a una Autorit\u00e0 italiana o dinanzi a un notaio cubano nel qual caso essa dovr\u00e0 essere legalizzata dal Ministero degli Esteri cubano.<\/p>\n<h4>Una donna pu\u00f2 avere sul passaporto il nome da coniugata?<\/h4>\n<p>S\u00ec. Su sua espressa richiesta, il nome da coniugata viene annotato sul libretto a condizione che il matrimonio sia avvenuto in Italia o risulti debitamente trascritto, se avvenuto all&#8217;estero.<\/p>\n<h4>I residenti di origine italiana che sono nati \u00a0all&#8217;estero e non hanno mai posseduto un passaporto italiano possono farne richiesta in qualsiasi momento?<\/h4>\n<p>S\u00ec, se la nascita risulta gi\u00e0 trascritta nei Registri di Stato Civile di un Comune italiano. Altrimenti occorre prima prendere contatto con l&#8217;Ufficio Cittadinanza di questa Cancelleria Consolare\u00a0e ottenere l&#8217;eventuale riconoscimento della cittadinanza italiana.<\/p>\n<h4>ASSISTENZA<\/h4>\n<h4>Vi trovate in difficolt\u00e0 per mancanza di mezzi finanziari?<\/h4>\n<p>Il connazionale presente nella circoscrizione consolare pu\u00f2 rivolgersi all&#8217;Ufficio Assistenza Sociale allorch\u00e9 per gravi e improvvise emergenze si trovi a far fronte ad eventuali necessit\u00e0 finanziarie che non possono essere risolte con l\u2019aiuto di familiari e conoscenti.<br \/>\nL\u2019Ufficio Consolare vaglier\u00e0 le richieste sulla base della normativa vigente per verificare l\u2019effettivo stato di bisogno del connazionale.<\/p>\n<h4>Avete difficolt\u00e0 per vicende di carattere civile o penale?<\/h4>\n<p>L&#8217;Ufficio Consolare fa visita ai connazionali detenuti nelle carceri della circoscrizione consolare ma non fornisce assistenza giuridico-legale. La Cancelleria Consolare consiglia\u00a0 avvocati locali, ma non provvede al pagamento delle loro parcelle che sono a carico degli interessati o delle loro famiglie.<\/p>\n<h4>Un vostro familiare \u00e8 deceduto?<\/h4>\n<p>Purtroppo c\u2019\u00e8 un aspetto burocratico anche nelle dolorose vicende familiari. In tali circostanze cerchiamo di facilitare al massimo il disbrigo degli adempimenti operando con la necessaria celerit\u00e0. Vi preghiamo pertanto di seguire le informazioni sul loro rientro in Italia. L\u2019Ufficio Assistenza\u00a0 provveder\u00e0 a richiedere immediatamente la necessaria autorizzazione alla competente Prefettura italiana e a tradurre la documentazione presentata dall&#8217;Agenzia di pompe funebri.<\/p>\n<h4>Nel caso di rientro definitivo in Italia ho diritto a qualche agevolazione?<\/h4>\n<p>I connazionali residenti all\u2019estero da almeno un anno che desiderano rientrare definitivamente in Italia possono rivolgersi al Consolato per ottenere la franchigia doganale. A tal fine \u00e8 necessario presentare, insieme al passaporto italiano e al titolo di soggiorno, una richiesta contenente la lista delle masserizie, scritta in italiano, con l\u2019indicazione dei numeri di matricola delle eventuali apparecchiature elettroniche.<\/p>\n<\/div>\n","protected":false},"excerpt":{"rendered":"AIRE E&#8217; importante iscriversi all&#8217;AIRE? E\u2019 molto importante. L\u2019AIRE consente allo Stato italiano di: garantire e facilitare l\u2019esercizio dei diritti politici (il voto politico, il voto e le candidature per gli organismi rappresentativi); programmare in modo pi\u00f9 razionale gli interventi della Pubblica Amministrazione a favore delle comunit\u00e0 degli italiani residenti all\u2019estero; erogare i servizi amministrativi [&hellip;]","protected":false},"author":4,"featured_media":0,"parent":47,"menu_order":15,"comment_status":"closed","ping_status":"closed","template":"","meta":{"footnotes":""},"class_list":["post-572","page","type-page","status-publish","hentry"],"_links":{"self":[{"href":"https:\/\/amblavana.esteri.it\/it\/wp-json\/wp\/v2\/pages\/572","targetHints":{"allow":["GET"]}}],"collection":[{"href":"https:\/\/amblavana.esteri.it\/it\/wp-json\/wp\/v2\/pages"}],"about":[{"href":"https:\/\/amblavana.esteri.it\/it\/wp-json\/wp\/v2\/types\/page"}],"author":[{"embeddable":true,"href":"https:\/\/amblavana.esteri.it\/it\/wp-json\/wp\/v2\/users\/4"}],"replies":[{"embeddable":true,"href":"https:\/\/amblavana.esteri.it\/it\/wp-json\/wp\/v2\/comments?post=572"}],"version-history":[{"count":5,"href":"https:\/\/amblavana.esteri.it\/it\/wp-json\/wp\/v2\/pages\/572\/revisions"}],"predecessor-version":[{"id":2716,"href":"https:\/\/amblavana.esteri.it\/it\/wp-json\/wp\/v2\/pages\/572\/revisions\/2716"}],"up":[{"embeddable":true,"href":"https:\/\/amblavana.esteri.it\/it\/wp-json\/wp\/v2\/pages\/47"}],"wp:attachment":[{"href":"https:\/\/amblavana.esteri.it\/it\/wp-json\/wp\/v2\/media?parent=572"}],"curies":[{"name":"wp","href":"https:\/\/api.w.org\/{rel}","templated":true}]}}