{"id":541,"date":"2023-10-26T12:51:34","date_gmt":"2023-10-26T16:51:34","guid":{"rendered":"https:\/\/amblavana.esteri.it\/?page_id=541"},"modified":"2024-02-12T13:11:46","modified_gmt":"2024-02-12T17:11:46","slug":"assistenza","status":"publish","type":"page","link":"https:\/\/amblavana.esteri.it\/it\/servizi-consolari-e-visti\/servizi-per-il-cittadino-italiano\/assistenza\/","title":{"rendered":"Assistenza ai cittadini all&#8217;estero"},"content":{"rendered":"<h4>Sanitaria ed economica<\/h4>\n<div class=\"sr-only\">\n<p style=\"text-align: justify;\">L&#8217;Ambasciata pu\u00f2 erogare un sussidio al cittadino italiano residente stabilmente nella circoscrizione consolare che si trovi in una situazione di comprovata eccezionale necessit\u00e0, come disabilit\u00e0, condizioni mediche particolari che comportano speciali spese mediche, dietetiche o farmaceutiche non coperte dall\u2019assistenza locale, eccetera. Il connazionale indigente dovr\u00e0 appunto provare, all\u2019occorrenza, la sua condizione di eccezionale necessit\u00e0 esibendo la documentazione che gli verr\u00e0 richiesta. I sussidi non possono superare il limite massimo stabilito dalle disposizioni ministeriali.<\/p>\n<p style=\"text-align: justify;\">In questo tipo di assistenza rientra anche il rilascio o il rinnovo gratuito del passaporto italiano a cittadini in difficolt\u00e0 economiche.<\/p>\n<\/div>\n<div>\n<p style=\"text-align: justify;\">Il cittadino italiano in transito che abbia subito il furto di denaro o altri documenti pu\u00f2 anche richiedere l\u2019erogazione di un prestito con promessa di restituzione allo Stato italiano. La concessione del prestito \u00e8 subordinata alla valutazione dell&#8217;Ambasciata.<\/p>\n<p>Rimpatri e rimpatri sanitari<\/p>\n<div>\n<p style=\"text-align: justify;\">Un settore particolarmente delicato dell\u2019attivit\u00e0 di assistenza ai cittadini italiani all\u2019estero riguarda il rimpatrio dei connazionali che si trovino in Paesi stranieri in situazioni di gravi difficolt\u00e0, non superabili in loco. Gli interventi della Farnesina, in collaborazione con gli enti territorialmente competenti (Prefetture, Questure, Comuni, Unit\u00e0 Sanitarie Locali, Servizi Sociali), riguardano:<\/p>\n<p style=\"text-align: justify;\">\u00b7 connazionali emigrati, che si trovano nella necessit\u00e0 di rientrare in Italia in via definitiva per motivi economici o sanitari;<br \/>\n\u00b7 minori in stato di abbandono;<br \/>\n\u00b7 malati di mente (la procedura in questo caso e&#8217; assai complessa, perch\u00e9 richiede la presenza di uno o pi\u00f9 accompagnatori qualificati, nonch\u00e8 il reperimento di ospedali specializzati);<br \/>\n\u00b7 cittadini italiani al termine della detenzione o espulsi;<br \/>\n\u00b7 anziani soli per i quali viene richiesto il ricovero in case di riposo in Italia;<br \/>\n\u00b7 ammalati gravi che non possono essere curati in loco per mancanza di idonee strutture.<\/p>\n<p style=\"text-align: justify;\">I rimpatri a carico dell&#8217;Erario sono limitati ai casi di comprovata indigenza verificati dalla rete diplomatico-consolare; in tutti gli altri casi il rimpatrio avviene previa sottoscrizione di prestiti con promessa di restituzione all\u2019Erario.<\/p>\n<h4>Rimpatrio delle salme<\/h4>\n<p style=\"text-align: justify;\">Perdere una persona cara \u00e8 sempre motivo di grande dolore, ma se questo dovesse succedere all&#8217;estero, al dolore si aggiunge la necessit\u00e0 di risolvere alcuni problemi pratici. Qui di seguito diamo delle indicazioni sulla soluzione di tali problemi.<\/p>\n<p style=\"text-align: justify;\">Per il rimpatrio della salma, una volta contattata una\u00a0Rappresentanza italiana all&#8217;estero,\u00a0sar\u00e0 inoltrata una richiesta al competente Comune italiano per ottenere il &#8220;nulla osta all&#8217;introduzione della salma&#8221;. Avuto il &#8220;nulla osta&#8221; dal Comune, l&#8217;agenzia di pompe funebri, incaricata dai familiari del rimpatrio a proprie spese della salma, potr\u00e0 procedere.<\/p>\n<p style=\"text-align: justify;\">E&#8217; peraltro possibile rivolgersi alle Regioni ed agli enti locali per eventuali rimborsi o contributi.<\/p>\n<p style=\"text-align: justify;\">In caso di decesso di connazionali residenti all&#8217;estero in stato di accertata indigenza, il Consolato o l&#8217;Ambasciata contattati potranno prestare assistenza ai familiari indigenti, residenti all&#8217;estero, del connazionale deceduto, mediante rimborso totale o parziale delle spese funebri sostenute in loco, regolarmente documentate.<\/p>\n<p style=\"text-align: justify;\" align=\"justify\">Per le richieste di rimpatrio prego scrivere a\u00a0<a href=\"mailto:consolare.ambavana@esteri.it\">consolare.ambavana@esteri.it<\/a>\u00a0o telefonare al centralino (+53 72045615) o cellulare di reperibilit\u00e0 (+53 52805417) per richieste urgenti.<\/p>\n<h4>Protezione consolare<\/h4>\n<div class=\"sr-only\" style=\"text-align: justify;\">Nell&#8217;ambito della protezione e dell&#8217;assistenza consolare, numerosi interventi riguardano i cittadini che incorrano in problemi con la giustizia locale o che rimangano coinvolti in incidenti; il rimpatrio delle salme; la ricerca di connazionali che non danno pi\u00f9 notizia di s\u00e9; l&#8217;assistenza a genitori italiani ai quali il coniuge straniero o doppio cittadino abbia sottratto un figlio, portandolo con s\u00e9 all&#8217;estero.<\/div>\n<\/div>\n<\/div>\n<div style=\"text-align: justify;\"><strong>Per gli incidenti occorsi all&#8217;estero, le Rappresentanze diplomatico-consolari si assicurano che i cittadini ricevano adeguati trattamenti medici in loco, che vengano debitamente informati i familiari e che venga fornita ogni possibile assistenza in caso di necessit\u00e0 di trasferimento in Italia.<\/strong><\/div>\n<div>\n<p style=\"text-align: justify;\">Nel caso in cui un connazionale sia arrestato in un paese straniero, il Consolato pu\u00f2:<\/p>\n<p style=\"text-align: justify;\">\u2022effettuare visite consolari al detenuto;<br \/>\n\u2022indicare un eventuale legale;<br \/>\n\u2022curare i collegamenti con i familiari in Italia;<br \/>\n\u2022provvedere ad assicurare al detenuto, quando necessario e consentito dalle norme locali, assistenza medica, alimenti, libri e giornali;<br \/>\n\u2022intervenire per il trasferimento in Italia, qualora il connazionale sia detenuto in Paesi aderenti alla Convenzione di Strasburgo sul trasferimento dei detenuti o ad accordi bilaterali ad hoc;<br \/>\n\u2022intervenire, in particolari casi, per sostenere domande di grazia, su basi umanitarie.<br \/>\nIl Consolato non pu\u00f2:<br \/>\n\u2022intervenire in giudizio per conto del connazionale;<br \/>\n\u2022pagare le spese legali del detenuto.<\/p>\n<p><strong>La sottrazione internazionale di minori<\/strong><\/p>\n<p style=\"text-align: justify;\">La problematica della sottrazione internazionale di minori ha assunto negli ultimi tempi una rilevanza crescente, sia per l&#8217;aumento di separazioni, spesso conflittuali, fra persone di diversa o doppia cittadinanza, sia per la maggiore sensibilit\u00e0 con la quale il problema \u00e8 avvertito nel nostro Paese.<\/p>\n<p style=\"text-align: justify;\">Il solo strumento cogente a disposizione del genitore connazionale per il recupero del minore \u00e8 la Convenzione dell&#8217;Aja del 25.10.1980 (Autorit\u00e0 Centrale per l\u2019Italia \u00e8 il Dipartimento Giustizia Minorile presso il Ministero della Giustizia). In caso di non applicabilit\u00e0 della Convenzione, il Ministero attua appieno le sue funzioni istituzionali modulando gli interventi in relazione alla specificit\u00e0 dei casi.<\/p>\n<h4>Ricerche di connazionali all&#8217;estero<\/h4>\n<p style=\"text-align: justify;\" align=\"justify\">Informazioni riguardanti cittadini italiani presenti nella circoscrizione consolare possono essere fornite nel rispetto della normativa vigente in materia di protezione dei dati personali, che impone nella maggior parte dei casi l\u2019assenso della persona cercata.<br \/>\nGli Uffici consolari effettuano, nei limiti degli strumenti ammessi dalla legislazione locale e di quanto sopra specificato, ricerche per le quali il richiedente abbia dimostrato un interesse legittimo.<br \/>\nLe richieste vanno indirizzate direttamente a questa Cancelleria consolare\u00a0 mediante istanza autografa (in carta semplice) motivata, allegando la copia di un valido documento d\u2019identit\u00e0 del richiedente. In caso di scomparsa, dovr\u00e0 essere presentata altres\u00ec una copia della relativa denuncia resa davanti ai competenti organi di polizia.<\/p>\n<h4><span id=\"Testo_pag_interm\">Assistenza Consolare<\/span><\/h4>\n<p style=\"text-align: justify;\">Il servizio di assistenza sociale \u00e8 destinato ai cittadini italiani che versano in una situazione di indigenza. I cittadini italiani possono ricevere dal Consolato un aiuto economico o di altro tipo per superare una momentanea difficolt\u00e0.<\/p>\n<p style=\"text-align: justify;\"><strong>A titolo orientativo si indicano qui di seguito alcuni studi legali abilitati alla trattazione di pratiche con stranieri, precisando che questa Ambasciata non assume alcuna responsabilit\u00e0 in merito all\u2019espletamento del servizio che verr\u00e0 richiesto<\/strong><\/p>\n<p style=\"text-align: justify;\"><strong>BES &#8211; BUFETE DE SERVICIOS LEGALES ESPECIALIZADO<br \/>\n<\/strong>Calle 23 n. 501, Vedado, L\u2019Avana<br \/>\nTel.00 53 7 8308444\/78369688\/90<br \/>\nE-mail\u00a0<a href=\"mailto:direcion@bes.olbc.cu\">direcion@bes.olbc.cu<\/a><\/p>\n<p style=\"text-align: justify;\"><strong>BUFETE INTERNACIONAL<br \/>\n<\/strong>5 Avenida n. 4002, Playa, L\u2019Avana<br \/>\nTelefoni (53 7) 204 0125 \/204-0157, 204-5126, 204-5127<br \/>\nE-mail\u00a0<a href=\"mailto:bufete@bufeteinternacional.cu\">bufete@bufeteinternacional.cu<\/a><br \/>\n<a href=\"http:\/\/www.bufeteinternacional.cu\/\">www.bufeteinternacional.cu<\/a><\/p>\n<p style=\"text-align: justify;\"><strong>CONSULTORIA JURIDICA INTERNACIONAL<br \/>\n<\/strong>Calle 16 n. 314, Playa, L\u2019Avana<br \/>\nTel.00 53 7 2048402<br \/>\nE-mail\u00a0<a href=\"mailto:lena@cji.cu\">lena@cji.cu<br \/>\n<\/a>Sito Web\u00a0<a href=\"http:\/\/www.consuljuridica.com\/\">http:\/\/www.consuljuridica.com<\/a><\/p>\n<p style=\"text-align: justify;\"><strong>CONABI (Consultores y Abogados Internacionales)<br \/>\n<\/strong>Miramar: Calle 7ma No 3602 e\/ 36.y 38 Miramar<br \/>\nTel: 0053\/7 204450\/52 7 2144958<br \/>\nemail:\u00a0<a href=\"mailto:conabi@conabi.cu\">conabi@conabi.cu<\/a><\/p>\n<\/div>\n","protected":false},"excerpt":{"rendered":"Sanitaria ed economica L&#8217;Ambasciata pu\u00f2 erogare un sussidio al cittadino italiano residente stabilmente nella circoscrizione consolare che si trovi in una situazione di comprovata eccezionale necessit\u00e0, come disabilit\u00e0, condizioni mediche particolari che comportano speciali spese mediche, dietetiche o farmaceutiche non coperte dall\u2019assistenza locale, eccetera. Il connazionale indigente dovr\u00e0 appunto provare, all\u2019occorrenza, la sua condizione di [&hellip;]","protected":false},"author":4,"featured_media":0,"parent":47,"menu_order":0,"comment_status":"closed","ping_status":"closed","template":"","meta":{"footnotes":""},"class_list":["post-541","page","type-page","status-publish","hentry"],"_links":{"self":[{"href":"https:\/\/amblavana.esteri.it\/it\/wp-json\/wp\/v2\/pages\/541","targetHints":{"allow":["GET"]}}],"collection":[{"href":"https:\/\/amblavana.esteri.it\/it\/wp-json\/wp\/v2\/pages"}],"about":[{"href":"https:\/\/amblavana.esteri.it\/it\/wp-json\/wp\/v2\/types\/page"}],"author":[{"embeddable":true,"href":"https:\/\/amblavana.esteri.it\/it\/wp-json\/wp\/v2\/users\/4"}],"replies":[{"embeddable":true,"href":"https:\/\/amblavana.esteri.it\/it\/wp-json\/wp\/v2\/comments?post=541"}],"version-history":[{"count":6,"href":"https:\/\/amblavana.esteri.it\/it\/wp-json\/wp\/v2\/pages\/541\/revisions"}],"predecessor-version":[{"id":2180,"href":"https:\/\/amblavana.esteri.it\/it\/wp-json\/wp\/v2\/pages\/541\/revisions\/2180"}],"up":[{"embeddable":true,"href":"https:\/\/amblavana.esteri.it\/it\/wp-json\/wp\/v2\/pages\/47"}],"wp:attachment":[{"href":"https:\/\/amblavana.esteri.it\/it\/wp-json\/wp\/v2\/media?parent=541"}],"curies":[{"name":"wp","href":"https:\/\/api.w.org\/{rel}","templated":true}]}}