{"id":49,"date":"2023-04-11T18:13:11","date_gmt":"2023-04-11T16:13:11","guid":{"rendered":"https:\/\/ambasciatapraga.esteri.it\/?page_id=49"},"modified":"2025-12-09T12:09:52","modified_gmt":"2025-12-09T16:09:52","slug":"passaporti-e-carte-didentita","status":"publish","type":"page","link":"https:\/\/amblavana.esteri.it\/it\/servizi-consolari-e-visti\/servizi-per-il-cittadino-italiano\/passaporti-e-carte-didentita\/","title":{"rendered":"Passaporti e Carte d\u2019identit\u00e0"},"content":{"rendered":"<p><strong>Passaporti<\/strong><\/p>\n<p>Il passaporto \u00e8 un documento di viaggio e di riconoscimento che viene rilasciato ai cittadini italiani regolarmente residenti nella circoscrizione consolare dell\u2019Ambasciata d\u2019Italia all\u2019Avana, iscritti nell\u2019Anagrafe degli Italiani Residenti all&#8217;Estero (A.I.R.E.) e con una situazione di stato civile aggiornata (ovvero che l\u2019eventuale matrimonio, nascita figli, ecc. siano gi\u00e0 stati presentati all\u2019Ambasciata o gi\u00e0 registrati in Italia).<\/p>\n<p>Prima di richiedere il rilascio del passaporto, il cittadino italiano deve:<\/p>\n<ul>\n<li>se ha cambiato indirizzo, visitare la sezione\u00a0<a href=\"https:\/\/amblavana.esteri.it\/it\/servizi-consolari-e-visti\/servizi-per-il-cittadino-italiano\/stato-civile\/\">Anagrafe<\/a>\u00a0ed aggiornare l\u2019indirizzo all\u2019estero;<\/li>\n<li>se\u00a0la composizione del\u00a0suo nucleo familiare \u00e8 cambiata (per es. si \u00e8 sposato, \u00e8 nato un figlio, si \u00e8 divorziato, ecc\u2026), visitare la sezione\u00a0<a href=\"https:\/\/amblavana.esteri.it\/it\/servizi-consolari-e-visti\/servizi-per-il-cittadino-italiano\/stato-civile\/\">Stato Civile<\/a>\u00a0ed aggiornare la situazione familiare.<\/li>\n<\/ul>\n<p>Per richiedere il rilascio del passaporto \u00e8 necessario presentarsi personalmente presso gli sportelli della Cancelleria Consolare all\u2019Avana,\u00a0 previa \u00a0<a href=\"https:\/\/prenotami.esteri.it\/\">prenotazione online\u00a0di un appuntamento<\/a>, muniti di un documento di identit\u00e0 valido, precedente passaporto e &#8211; nel caso di residenti nella circoscrizione consolare &#8211; documento cubano comprovante la residenza.<\/p>\n<p><strong>Avvertenza:<\/strong>\u00a0non \u00e8 possibile garantire un rapido rilascio del passaporto se il connazionale non ha adempiuto agli oneri di cui sopra prima di presentare la propria domanda o se quest\u2019ultima risulti comunque incompleta.<\/p>\n<p>I cittadini italiani che non risiedono a Cuba possono eccezionalmente richiedere il rilascio del passaporto alla Cancelleria Consolare dell\u2019Ambasciata d\u2019Italia all\u2019Avana, per giustificati e documentati motivi. In tali casi occorre comunque attendere un\u2019autorizzazione denominata \u201cnulla-osta e delega\u201d da parte dell\u2019Ufficio competente per il territorio di residenza (Questura o altro Ufficio Consolare).<\/p>\n<p><strong>Importo da versare<\/strong><\/p>\n<ul>\n<li>Passaporto elettronico unificato valido per tutti i Paesi, con libretto di 48 pagine (10 anni):\u00a0<strong>\u20ac 116,20 da corrispondere in euro contanti <\/strong>(la tariffa indicate possono subire variazioni)<\/li>\n<\/ul>\n<p><strong>\u00a0<\/strong><\/p>\n<p><strong>Consegna del passaporto emesso<\/strong><\/p>\n<p>Se la domanda presentata dal cittadino italiano, residente\u00a0a\u00a0Cuba e\u00a0iscritto all\u2019AIRE,\u00a0risulta completa, l\u2019Ufficio consolare normalmente riconsegna\u00a0il passaporto emesso nella stessa giornata lavorativa.<\/p>\n<p>In tutti gli altri casi, per rilasciare il passaporto\u00a0\u00e8 necessario attendere che la documentazione sia completa.<\/p>\n<p>&nbsp;<\/p>\n<p><strong>Furto o smarrimento del passaporto \u2013 documento di viaggio provvisorio (Emergency Travel Document &#8211; ETD)<\/strong><\/p>\n<p>In caso di furto o smarrimento del passaporto occorre presentare (oltre alla documentazione sopra elencata) la relativa denuncia sporta presso le Autorit\u00e0 di Polizia cubane.<\/p>\n<p>Il cittadino italiano che, trovandosi momentaneamente a Cuba, subisca il furto\/smarrimento del documento d\u2019identit\u00e0, e nel caso in cui non sia possibile emettere un nuovo passaporto per motivi di tempo, potr\u00e0 richiedere il rilascio di un documento di viaggio (ETD) con validit\u00e0 limitata al solo rientro nel luogo di residenza.<\/p>\n<p>Per ottenere tale documento bisogner\u00e0 presentarsi negli Uffici della Cancelleria Consolare con la seguente documentazione:<\/p>\n<ul>\n<li>denuncia di furto o smarrimento del passaporto sporta presso le Autorit\u00e0 di Polizia;<\/li>\n<li>altro documento d\u2019identit\u00e0, se disponibile;<\/li>\n<li>n. 1 fotografia frontale a colori, formato tessera;<\/li>\n<li>biglietto aereo.<\/li>\n<\/ul>\n<p><strong>NB: <\/strong>Il documento di viaggio provvisorio ha una validit\u00e0 massima di 7 giorni e pu\u00f2 quindi essere rilasciato in prossimit\u00e0 del viaggio di rientro.<\/p>\n<p><strong>Passaporto del minorenne<\/strong><\/p>\n<p>A norma del Decreto Legge n. 135\/2009, dal 25\/11\/2009 non \u00e8 pi\u00f9 possibile iscrivere i figli minori sul passaporto dei genitori. Pertanto, per viaggiare, i minorenni dovranno munirsi di passaporto individuale con validit\u00e0 temporale, differenziata in base all\u2019et\u00e0 (tre anni di validit\u00e0 per i minori da zero a tre anni; cinque anni di validit\u00e0 per i minori da tre anni in su).<\/p>\n<p>Si ricorda che per i minorenni nati a Cuba \u00e8 necessario provvedere a presentare l\u2019atto di nascita prima di presentare la domanda di passaporto (<a href=\"https:\/\/amblavana.esteri.it\/it\/servizi-consolari-e-visti\/servizi-per-il-cittadino-italiano\/stato-civile\/\">cliccare qui per visitare la sezione Stato Civile<\/a>).<\/p>\n<p>Il minore dovr\u00e0 essere accompagnato da entrambi i genitori. Se uno di essi non pu\u00f2 essere presente, sar\u00e0 necessario presentare l\u2019atto d\u2019assenso accompagnato da copia di un documento d\u2019identit\u00e0. Se il genitore non \u00e8 cittadino UE, l\u2019atto d\u2019assenso dovr\u00e0 essere sottoscritto presso l\u2019Ambasciata, altro Ufficio Consolare o Questura.<\/p>\n<p>Per i minori sotto i 12 anni \u00e8 necessario portare 1 foto tessera a colori, 40-45mm x 32-35mm, sfondo bianco, sguardo di fronte, occhi aperti, viso centrato (conformi alle specifiche ICAO);<\/p>\n<p><strong>\u00a0<\/strong><\/p>\n<p><strong>Dichiarazione di accompagnamento<\/strong><\/p>\n<p>Per i minori di 14 anni l\u2019uso del passaporto \u00e8 subordinato alla condizione che viaggino in compagnia di uno dei genitori. Se viaggiano con terzi \u00e8 necessario munirsi di apposita autorizzazione, rilasciata dall\u2019Ambasciata, Ufficio Consolare o Questura. I genitori devono pertanto sottoscrivere una dichiarazione di accompagnamento nella quale dichiarano di affidare il minore alla compagnia aerea o a una persona di fiducia per un determinato viaggio. La dichiarazione viene rilasciata gratuitamente.<\/p>\n<ul>\n<li>se i genitori sono entrambi cittadini UE tale autorizzazione \u00e8 sottoscritta su carta libera e non deve essere vidimata.\u00a0<a href=\"https:\/\/amblavana.esteri.it\/wp-content\/uploads\/2023\/10\/modulo_dichiarazione_accompagnamento.pdf\">Per il modulo clicca qui<\/a>;<\/li>\n<li>se uno dei due genitori non \u00e8 cittadino UE, \u00e8 necessario che si rechi presso l\u2019Ambasciata, Ufficio Consolare o Questura per il riconoscimento della firma sulla predetta autorizzazione.<\/li>\n<\/ul>\n<p><strong>\u00a0<\/strong><\/p>\n<p><strong>NOTA BENE:<\/strong><\/p>\n<p>Si informano i connazionali, genitori di figli minori, che a partire dal 14 giugno 2023 non sar\u00e0 pi\u00f9 necessario presentare l\u2019atto di assenso dell\u2019altro genitore ai fini del rilascio del\u00a0<strong>proprio<\/strong>\u00a0passaporto, ai sensi del D.L. 69\/2023.<\/p>\n<p>Nello specifico il novellato articolo 3-bis della L. 1185\/1967 indica che, quando vi \u00e8 concreto e attuale pericolo che a causa del trasferimento all\u2019estero questo possa sottrarsi all\u2019adempimento dei suoi obblighi verso i figli, sar\u00e0 possibile per l\u2019altro genitore richiedere una inibitoria al rilascio del documento.<\/p>\n<p>L\u2019istanza potr\u00e0 essere presentata presso il giudice competente presso il Tribunale ordinario in cui il minore ha la residenza abituale ovvero, se il minore \u00e8 residente all\u2019estero, il Tribunale nel cui circondario si trova il suo Comune di iscrizione AIRE.<\/p>\n<p>Ai fini del rilascio dei documenti per i minori, invece, resta l\u2019obbligo dell\u2019assenso firmato da entrambi i genitori o da chi esercita la responsabilit\u00e0 genitoriale.<\/p>\n","protected":false},"excerpt":{"rendered":"Passaporti Il passaporto \u00e8 un documento di viaggio e di riconoscimento che viene rilasciato ai cittadini italiani regolarmente residenti nella circoscrizione consolare dell\u2019Ambasciata d\u2019Italia all\u2019Avana, iscritti nell\u2019Anagrafe degli Italiani Residenti all&#8217;Estero (A.I.R.E.) e con una situazione di stato civile aggiornata (ovvero che l\u2019eventuale matrimonio, nascita figli, ecc. siano gi\u00e0 stati presentati all\u2019Ambasciata o gi\u00e0 registrati [&hellip;]","protected":false},"author":1,"featured_media":0,"parent":47,"menu_order":0,"comment_status":"closed","ping_status":"closed","template":"","meta":{"footnotes":""},"class_list":["post-49","page","type-page","status-publish","hentry"],"_links":{"self":[{"href":"https:\/\/amblavana.esteri.it\/it\/wp-json\/wp\/v2\/pages\/49","targetHints":{"allow":["GET"]}}],"collection":[{"href":"https:\/\/amblavana.esteri.it\/it\/wp-json\/wp\/v2\/pages"}],"about":[{"href":"https:\/\/amblavana.esteri.it\/it\/wp-json\/wp\/v2\/types\/page"}],"author":[{"embeddable":true,"href":"https:\/\/amblavana.esteri.it\/it\/wp-json\/wp\/v2\/users\/1"}],"replies":[{"embeddable":true,"href":"https:\/\/amblavana.esteri.it\/it\/wp-json\/wp\/v2\/comments?post=49"}],"version-history":[{"count":7,"href":"https:\/\/amblavana.esteri.it\/it\/wp-json\/wp\/v2\/pages\/49\/revisions"}],"predecessor-version":[{"id":3950,"href":"https:\/\/amblavana.esteri.it\/it\/wp-json\/wp\/v2\/pages\/49\/revisions\/3950"}],"up":[{"embeddable":true,"href":"https:\/\/amblavana.esteri.it\/it\/wp-json\/wp\/v2\/pages\/47"}],"wp:attachment":[{"href":"https:\/\/amblavana.esteri.it\/it\/wp-json\/wp\/v2\/media?parent=49"}],"curies":[{"name":"wp","href":"https:\/\/api.w.org\/{rel}","templated":true}]}}