{"id":42,"date":"2023-04-11T18:08:31","date_gmt":"2023-04-11T16:08:31","guid":{"rendered":"https:\/\/ambasciatapraga.esteri.it\/?page_id=42"},"modified":"2023-12-11T17:25:04","modified_gmt":"2023-12-11T21:25:04","slug":"la-rete-consolare","status":"publish","type":"page","link":"https:\/\/amblavana.esteri.it\/it\/chi-siamo\/la-rete-consolare\/","title":{"rendered":"La Rete Consolare"},"content":{"rendered":"<p>Tutti i servizi consolari sono erogati dalla Cancelleria Consolare dell\u2019Ambasciata d\u2019Italia a L&#8217;Avana.<\/p>\n<p>&nbsp;<\/p>\n<p><strong>Cancelleria Consolare de L&#8217;Avana<\/strong><\/p>\n<p>Capo della Cancelleria consolare: Michele MIGLIOSI.<\/p>\n<p><strong>\u00a0<\/strong><\/p>\n<p><strong>Posta elettronica<\/strong><\/p>\n<p>Ufficio consolare:\u00a0<a href=\"mailto:consolare.ambavana@esteri.it\">consolare.ambavana@esteri.it<\/a><\/p>\n<p><strong>\u00a0<\/strong><\/p>\n<p><strong>Posta elettronica certificata (PEC)<\/strong><\/p>\n<p>Servizi consolari:\u00a0<a href=\"mailto:amb.lavana.consolare@cert.esteri.it\">amb.lavana.consolare@cert.esteri.it<\/a><\/p>\n<p>&nbsp;<\/p>\n<p><strong>Indirizzo\u00a0<\/strong><\/p>\n<p>5ta Avenida n. 402 \u2013 esquina Calle 4, Miramar \u2013 Playa, Ciudad de La Habana<\/p>\n<p>&nbsp;<\/p>\n<p><strong>Informazioni utili<\/strong><\/p>\n<ul>\n<li style=\"list-style-type: none;\">\n<ul>\n<li><a href=\"https:\/\/amblavana.esteri.it\/it\/chi-siamo\/numeri-di-emergenza\/\">Numero di Emergenza<\/a><\/li>\n<li><a href=\"https:\/\/amblavana.esteri.it\/it\/servizi-consolari-e-visti\/\">Orario di apertura degli sportelli al pubblico<\/a><\/li>\n<li><a href=\"https:\/\/prenotami.esteri.it\/\">Prenotazione OnLine dei servizi consolari<\/a><\/li>\n<\/ul>\n<\/li>\n<\/ul>\n<p>&nbsp;<\/p>\n<p>&nbsp;<\/p>\n<p>Corrispondente consolare: Mario MAZZOLA<\/p>\n<p>Province di competenza: Santiago de Cuba, Guant\u00e1namo, Granma, Holgu\u00edn, Las Tunas, Camag\u00fcey.<\/p>\n<p><strong>Tel.<\/strong> (cubano): +53 5536 8545<\/p>\n<p><strong>Tel.<\/strong> (Whatsapp): +39 391 478 5279<\/p>\n<p>&nbsp;<\/p>\n<p><strong>Posta elettronica<\/strong><\/p>\n<p><a href=\"mailto:dev.mazzola@gmail.com\">dev.mazzola@gmail.com<\/a><\/p>\n","protected":false},"excerpt":{"rendered":"Tutti i servizi consolari sono erogati dalla Cancelleria Consolare dell\u2019Ambasciata d\u2019Italia a L&#8217;Avana. &nbsp; Cancelleria Consolare de L&#8217;Avana Capo della Cancelleria consolare: Michele MIGLIOSI. \u00a0 Posta elettronica Ufficio consolare:\u00a0consolare.ambavana@esteri.it \u00a0 Posta elettronica certificata (PEC) Servizi consolari:\u00a0amb.lavana.consolare@cert.esteri.it &nbsp; Indirizzo\u00a0 5ta Avenida n. 402 \u2013 esquina Calle 4, Miramar \u2013 Playa, Ciudad de La Habana &nbsp; Informazioni [&hellip;]","protected":false},"author":1,"featured_media":0,"parent":13,"menu_order":8,"comment_status":"closed","ping_status":"closed","template":"","meta":{"footnotes":""},"class_list":["post-42","page","type-page","status-publish","hentry"],"_links":{"self":[{"href":"https:\/\/amblavana.esteri.it\/it\/wp-json\/wp\/v2\/pages\/42","targetHints":{"allow":["GET"]}}],"collection":[{"href":"https:\/\/amblavana.esteri.it\/it\/wp-json\/wp\/v2\/pages"}],"about":[{"href":"https:\/\/amblavana.esteri.it\/it\/wp-json\/wp\/v2\/types\/page"}],"author":[{"embeddable":true,"href":"https:\/\/amblavana.esteri.it\/it\/wp-json\/wp\/v2\/users\/1"}],"replies":[{"embeddable":true,"href":"https:\/\/amblavana.esteri.it\/it\/wp-json\/wp\/v2\/comments?post=42"}],"version-history":[{"count":6,"href":"https:\/\/amblavana.esteri.it\/it\/wp-json\/wp\/v2\/pages\/42\/revisions"}],"predecessor-version":[{"id":1974,"href":"https:\/\/amblavana.esteri.it\/it\/wp-json\/wp\/v2\/pages\/42\/revisions\/1974"}],"up":[{"embeddable":true,"href":"https:\/\/amblavana.esteri.it\/it\/wp-json\/wp\/v2\/pages\/13"}],"wp:attachment":[{"href":"https:\/\/amblavana.esteri.it\/it\/wp-json\/wp\/v2\/media?parent=42"}],"curies":[{"name":"wp","href":"https:\/\/api.w.org\/{rel}","templated":true}]}}