{"id":3357,"date":"2025-07-08T10:18:33","date_gmt":"2025-07-08T14:18:33","guid":{"rendered":"https:\/\/amblavana.esteri.it\/servizi-consolari-e-visti\/servizi-per-il-cittadino-straniero\/studi\/"},"modified":"2025-07-08T10:23:56","modified_gmt":"2025-07-08T14:23:56","slug":"studi","status":"publish","type":"page","link":"https:\/\/amblavana.esteri.it\/es\/servizi-consolari-e-visti\/servizi-per-il-cittadino-straniero\/studi\/","title":{"rendered":"Estudios"},"content":{"rendered":"<h4>DECLARACION DE VALOR DE TITULO DE ESTUDIO OBTENIDO EN EL EXTRANJERO<\/h4>\n<p>La Declaraci\u00f3n de Valor de t\u00edtulo de estudio obtenido en el extranjero es un documento que emiten las Representaciones Diplom\u00e1ticas italianas, que certifica el valor del titulo de estudio en el Pa\u00eds en el cual fue alcanzado. La Declaraci\u00f3n de Valor es necesaria para poder proceder al posterior reconocimiento acad\u00e9mico del t\u00edtulo de estudio en Italia.<\/p>\n<p>Para obtener esta certificaci\u00f3n en Cuba, es necesario presentar\u00a0<strong>el t\u00edtulo de estudio original, previamente legalizado por el MINREX y traducido al italiano, as\u00ed como la relativa certificaci\u00f3n de notas, tambi\u00e9n legalizada por el MINREX y traducida al italiano.<\/strong>\u00a0No se aceptan fotocopias.<\/p>\n<p>La Declaracion de Valor emitida por solicitud de pre-inscripci\u00f3n universitaria en Italia o por otros motivos de estudio, es gratuita. Si es solicitada para otros fines (por ejemplo, para trabajar), el costo de la declaraci\u00f3n de valor acende a\u00a0<strong>50,00 \u20ac<\/strong>\u00a0en efectivo. Para el costo de la legalizaci\u00f3n de los documentos ver el enlace<a href=\"https:\/\/amblavana.esteri.it\/ambasciata_lavana\/it\/informazioni_e_servizi\/servizi_consolari\/legalizzazione.html\"><strong>\u00a0aqu\u00ed<\/strong><\/a><\/p>\n<p>Las citas para las declaraciones de valor deben concertarse a trav\u00e9s del portal\u00a0<a href=\"https:\/\/prenotami.esteri.it\/\">Prenot@mi<\/a>, servicio legalizaci\u00f3n.<\/p>\n<p>Los documentos pueden ser presentados directamente por el interesado o por una persona de confianza con poder, acompa\u00f1ados de una copia de un documento de identidad v\u00e1lido de la persona delegante.<\/p>\n<p>En el caso de que la declaraci\u00f3n de valor se solicite con fines de inserci\u00f3n profesional en Italia, es aconsejable presentar en la Embajada, junto con la documentaci\u00f3n antes mencionada, un certificado de la autoridad cubana competente (universidad o ministerio competente) que indique si el t\u00edtulo obtenido es suficiente, en Cuba, para ejercer la profesi\u00f3n, o si requiere otros cumplimientos (por ejemplo, inscripci\u00f3n en un registro profesional, examen estatal, pr\u00e1cticas obligatorias, etc.).<\/p>\n<p>Este documento es indispensable para obtener autorizaci\u00f3n en Italia para ejercer numerosas \u00abprofesiones\u00bb.<\/p>\n","protected":false},"excerpt":{"rendered":"DECLARACION DE VALOR DE TITULO DE ESTUDIO OBTENIDO EN EL EXTRANJERO La Declaraci\u00f3n de Valor de t\u00edtulo de estudio obtenido en el extranjero es un documento que emiten las Representaciones Diplom\u00e1ticas italianas, que certifica el valor del titulo de estudio en el Pa\u00eds en el cual fue alcanzado. La Declaraci\u00f3n de Valor es necesaria para [&hellip;]","protected":false},"author":1,"featured_media":0,"parent":221,"menu_order":1,"comment_status":"closed","ping_status":"closed","template":"","meta":{"footnotes":""},"class_list":["post-3357","page","type-page","status-publish","hentry"],"_links":{"self":[{"href":"https:\/\/amblavana.esteri.it\/es\/wp-json\/wp\/v2\/pages\/3357","targetHints":{"allow":["GET"]}}],"collection":[{"href":"https:\/\/amblavana.esteri.it\/es\/wp-json\/wp\/v2\/pages"}],"about":[{"href":"https:\/\/amblavana.esteri.it\/es\/wp-json\/wp\/v2\/types\/page"}],"author":[{"embeddable":true,"href":"https:\/\/amblavana.esteri.it\/es\/wp-json\/wp\/v2\/users\/1"}],"replies":[{"embeddable":true,"href":"https:\/\/amblavana.esteri.it\/es\/wp-json\/wp\/v2\/comments?post=3357"}],"version-history":[{"count":1,"href":"https:\/\/amblavana.esteri.it\/es\/wp-json\/wp\/v2\/pages\/3357\/revisions"}],"predecessor-version":[{"id":3359,"href":"https:\/\/amblavana.esteri.it\/es\/wp-json\/wp\/v2\/pages\/3357\/revisions\/3359"}],"up":[{"embeddable":true,"href":"https:\/\/amblavana.esteri.it\/es\/wp-json\/wp\/v2\/pages\/221"}],"wp:attachment":[{"href":"https:\/\/amblavana.esteri.it\/es\/wp-json\/wp\/v2\/media?parent=3357"}],"curies":[{"name":"wp","href":"https:\/\/api.w.org\/{rel}","templated":true}]}}