{"id":2234,"date":"2023-10-26T16:15:18","date_gmt":"2023-10-26T20:15:18","guid":{"rendered":"https:\/\/amblavana.esteri.it\/?page_id=2234"},"modified":"2024-03-04T18:03:34","modified_gmt":"2024-03-04T22:03:34","slug":"seguridad","status":"publish","type":"page","link":"https:\/\/amblavana.esteri.it\/es\/servizi-consolari-e-visti\/servizi-per-il-cittadino-italiano\/seguridad\/","title":{"rendered":"Seguridad"},"content":{"rendered":"<p style=\"text-align: justify;\"><strong>Seguro sanitario<\/strong><\/p>\n<p style=\"text-align: justify;\">Se recomienda contratar, antes de la salida, una p\u00f3liza de seguro que prevea la cobertura de los gastos m\u00e9dicos y la posible repatriaci\u00f3n a\u00e9rea sanitaria (o el traslado a otro pa\u00eds) del paciente.<\/p>\n<p style=\"text-align: justify;\"><strong>Pol\u00edtica de no tolerancia total por uso y\/o tr\u00e1fico de drogas<\/strong><\/p>\n<p style=\"text-align: justify;\">En Cuba el fen\u00f3meno de la droga est\u00e1 en notable crecimiento ya sea relativo al tr\u00e1fico de estupefacientes que por el consumo personal.<\/p>\n<p style=\"text-align: justify;\">La normativa local sobre esta materia prev\u00e9 condenas bastante severas y para los casos m\u00e1s graves de narcotr\u00e1fico incluso la pena capital.<\/p>\n<p style=\"text-align: justify;\">A la entrada en vigor de la nueva normativa seguieron numerosas detenciones incluso de extranjeros y los procesos para estos delitos han dado lugar a sanciones penales muy severas.<\/p>\n","protected":false},"excerpt":{"rendered":"Seguro sanitario Se recomienda contratar, antes de la salida, una p\u00f3liza de seguro que prevea la cobertura de los gastos m\u00e9dicos y la posible repatriaci\u00f3n a\u00e9rea sanitaria (o el traslado a otro pa\u00eds) del paciente. Pol\u00edtica de no tolerancia total por uso y\/o tr\u00e1fico de drogas En Cuba el fen\u00f3meno de la droga est\u00e1 en [&hellip;]","protected":false},"author":5,"featured_media":0,"parent":208,"menu_order":10,"comment_status":"closed","ping_status":"closed","template":"","meta":{"footnotes":""},"class_list":["post-2234","page","type-page","status-publish","hentry"],"_links":{"self":[{"href":"https:\/\/amblavana.esteri.it\/es\/wp-json\/wp\/v2\/pages\/2234","targetHints":{"allow":["GET"]}}],"collection":[{"href":"https:\/\/amblavana.esteri.it\/es\/wp-json\/wp\/v2\/pages"}],"about":[{"href":"https:\/\/amblavana.esteri.it\/es\/wp-json\/wp\/v2\/types\/page"}],"author":[{"embeddable":true,"href":"https:\/\/amblavana.esteri.it\/es\/wp-json\/wp\/v2\/users\/5"}],"replies":[{"embeddable":true,"href":"https:\/\/amblavana.esteri.it\/es\/wp-json\/wp\/v2\/comments?post=2234"}],"version-history":[{"count":2,"href":"https:\/\/amblavana.esteri.it\/es\/wp-json\/wp\/v2\/pages\/2234\/revisions"}],"predecessor-version":[{"id":2237,"href":"https:\/\/amblavana.esteri.it\/es\/wp-json\/wp\/v2\/pages\/2234\/revisions\/2237"}],"up":[{"embeddable":true,"href":"https:\/\/amblavana.esteri.it\/es\/wp-json\/wp\/v2\/pages\/208"}],"wp:attachment":[{"href":"https:\/\/amblavana.esteri.it\/es\/wp-json\/wp\/v2\/media?parent=2234"}],"curies":[{"name":"wp","href":"https:\/\/api.w.org\/{rel}","templated":true}]}}