{"id":2201,"date":"2023-10-26T15:19:06","date_gmt":"2023-10-26T19:19:06","guid":{"rendered":"https:\/\/amblavana.esteri.it\/?page_id=2201"},"modified":"2025-11-24T18:56:15","modified_gmt":"2025-11-24T22:56:15","slug":"anagrafe","status":"publish","type":"page","link":"https:\/\/amblavana.esteri.it\/es\/servizi-consolari-e-visti\/servizi-per-il-cittadino-italiano\/anagrafe\/","title":{"rendered":"An\u00e1grafe"},"content":{"rendered":"<h5 class=\"boxLevel03\" style=\"text-align: justify;\">\u00bfLo sab\u00edas? \u00a1Desde 2019 est\u00e1 activo el portal <a href=\"https:\/\/serviziconsolari.esteri.it\/ScoFE\/index.sco\">Fast IT<\/a> que hace mas c\u00f3modo y r\u00e1pido inscribirse al AIRE, visualizar la ficha consular si ya est\u00e1s inscrito, comunicar cambios de residencia y solicitar el c\u00f3digo fiscal!<br \/>\nSolo te hace falta conectarte al sitio <a href=\"https:\/\/serviziconsolari.esteri.it\/ScoFE\/index.sco\">Fast IT<\/a> y acceder utilizando tus credenciales SPID. Para m\u00e1s informaciones sobre c\u00f3mo obtener las credenciales SPID: <a href=\"https:\/\/www.spid.gov.it\/\">https:\/\/www.spid.gov.it\/<\/a><\/h5>\n<p>&nbsp;<\/p>\n<p><strong>A.I.R.E<\/strong><\/p>\n<p style=\"text-align: justify;\">El An\u00e1grafe de los Italianos Residentes en el Exterior (A.I.R.E.) fue instituido con la ley n.470 del 27 de octubre de 1988, y contiene los datos de los ciudadanos italianos que residen en el exterior por un per\u00edodo superior a los doce meses. El mismo es gestionado por los Comunes sobre la base de los datos y de las informaciones provenientes de las Representaciones consolares en el exterior.<\/p>\n<p style=\"text-align: justify;\">La inscripci\u00f3n en el A.I.R.E es un derecho-deber del ciudadano (art. 6 ley 470\/1988) y constituye el requisito previo para hacer uso de una serie de servicios ofrecidos por las Representaciones consulares en el exterior, as\u00ed como para el ejercicio de derechos importantes, por ejemplo:<\/p>\n<ul>\n<li style=\"text-align: justify;\">La posibilidad de votar en el lugar por las elecciones pol\u00edticas y refer\u00e9ndum por correspondencia, siempre que se hayan alcanzado acuerdos con el pa\u00eds de residencia;<\/li>\n<li style=\"text-align: justify;\">La posibilidad de obtener la expedici\u00f3n o la renovaci\u00f3n de documentos de viaje, as\u00ed como certificaciones;<\/li>\n<li style=\"text-align: justify;\">La posibilidad de renovar la licencia de conducci\u00f3n.<\/li>\n<\/ul>\n<p style=\"text-align: justify;\"><strong>Se deben inscribir en el A.I.R.E.:<\/strong><\/p>\n<ul>\n<li style=\"text-align: justify;\">Ciudadanos que transfieren su residencia al exterior por per\u00edodos superiores a los 12 meses;<\/li>\n<li style=\"text-align: justify;\">Aquellos que ya residen en el exterior, ya sea por nacimiento que por posterior adquisici\u00f3n de la nacionalidad italiana por cualquier concepto.<\/li>\n<\/ul>\n<p style=\"text-align: justify;\"><strong>No se deben inscribir en el A.I.R.E.:<\/strong><\/p>\n<ul style=\"text-align: justify;\">\n<li>Las personas que se trasladan al exterior por un per\u00edodo de tiempo inferior a un a\u00f1o;<\/li>\n<li>Los trabajadores de temporada;<\/li>\n<li>Los dependientes del Estado que prestan servicio en el exterior, que sean notificados en virtud de la Convenci\u00f3n de Viena sobre las relaciones diplom\u00e1ticas y sobre las relaciones consulares respectivamente del 1961 y 1963;<\/li>\n<li>Los militares italianos en servicio en las oficinas y las estructuras de la NATO ubicadas en el exterior.<\/li>\n<\/ul>\n<p style=\"text-align: justify;\">La inscripci\u00f3n en el A.I.R.E. se efect\u00faa a ra\u00edz de una declaraci\u00f3n realizada por el interesado en la Canciller\u00eda Consular de la Embajada en un plazo de 90 a partir del traslado de la residencia y conlleva a la cancelaci\u00f3n simult\u00e1nea del An\u00e1grafe de la Poblaci\u00f3n Residente (A. P. R.) del Comune de proveniencia.<\/p>\n<p style=\"text-align: justify;\">Al correspondiente modelo de solicitud va adjuntada la documentaci\u00f3n que compruebe la efectiva residencia en la circunscripci\u00f3n consular (ej. carnet de identidad extranjero, facturas de servicios p\u00fablicos residenciales, copia del contrato de trabajo, etc.) Siempre que la solicitud no sea presentada personalmente, va adem\u00e1s adjuntada la autorizaci\u00f3n y una copia del documento de identidad del solicitante.<\/p>\n<p style=\"text-align: justify;\">La inscripci\u00f3n puede tambi\u00e9n realizarse de oficio, sobre la base de informaciones que sean de conocimiento de la Canciller\u00eda Consular.<\/p>\n<p style=\"text-align: justify;\">La inscripci\u00f3n en el A.I.R.E. es <strong>GRATUITA <\/strong>y puede realizarse en dos modalidades:<\/p>\n<p>1) <strong>PORTAL Fast IT<\/strong><\/p>\n<p style=\"text-align: justify;\">Enlace al portal Fast IT: <a href=\"https:\/\/serviziconsolari.esteri.it\/ScoFE\/index.sco\">https:\/\/serviziconsolari.esteri.it\/ScoFE\/index.sco<\/a><\/p>\n<p>2) <strong>E-MAIL<\/strong><\/p>\n<p style=\"text-align: justify;\">Env\u00edo de los modelos de solicitud correspondientes, debidamente compilados, sobre la base de los siguientes modelos:<\/p>\n<p style=\"text-align: justify;\">Modelo para la inscripci\u00f3n anagr\u00e1fica<\/p>\n<p style=\"text-align: justify;\">Solicitud Inscripci\u00f3n A.I.R.E. del hijo menor<\/p>\n<p style=\"text-align: justify;\">Solicitud cambio de direcci\u00f3n<\/p>\n<p>Para esos modelos y solicitudes ir a la p\u00e1gina <a href=\"https:\/\/amblavana.esteri.it\/es\/servizi-consolari-e-visti\/\">MODULISTICA\u00a0<\/a><\/p>\n<p style=\"text-align: justify;\">Los modelos ser\u00e1n enviados por correo electr\u00f3nico a la direcci\u00f3n <strong>consolare.ambavana@esteri.it, <\/strong>adjuntando copia del documento de identidad y de la documentaci\u00f3n que comprueba la posesi\u00f3n de la residencia, o presentados personalmente en la ventanilla de esta Embajada.<\/p>\n<p style=\"text-align: justify;\"><strong>La actualizaci\u00f3n del A.I.R.E. depende del ciudadano<\/strong><\/p>\n<p style=\"text-align: justify;\">El interesado debe inmediatamente comunicar a la oficina consular:<\/p>\n<ul style=\"text-align: justify;\">\n<li>El traslado de la residencia o vivienda;<\/li>\n<li>Las modificaciones del estado civil tambi\u00e9n para la eventual transcripci\u00f3n en Italia de los actos extranjeros (matrimonio, nacimiento, divorcio, muerte, etc.);<\/li>\n<li>El regreso definitivo a Italia<\/li>\n<li>La p\u00e9rdida de la ciudadan\u00eda italiana<\/li>\n<\/ul>\n<p style=\"text-align: justify;\"><strong>La falta de actualizaci\u00f3n de las informaciones, en particular de aquellas relativas al cambio de direcci\u00f3n, hace imposible el contacto con el ciudadano y la recepci\u00f3n de la tarjeta o del sobre electoral en caso de votaciones.<\/strong><\/p>\n<p style=\"text-align: justify;\"><strong>Es importante que el connacional comunique su direcci\u00f3n en modo correcto y completo<\/strong> ajust\u00e1ndose a las normas postales del pa\u00eds de residencia.<\/p>\n<p style=\"text-align: justify;\">La <strong>cancelaci\u00f3n del<\/strong> <strong>A.I.R.E.<\/strong> se realiza:<\/p>\n<ul>\n<li style=\"text-align: justify;\">Por repatriaci\u00f3n,<\/li>\n<li style=\"text-align: justify;\">Los ciudadanos <strong>inscritos en el AIRE<\/strong> que regresan definitivamente a Italia <strong>deber\u00e1n presentarse en el Comune<\/strong> donde han decidido establecerse <strong>para declarar la nueva direcci\u00f3n de residencia; <\/strong><\/li>\n<li style=\"text-align: justify;\">En la misma fecha el <strong>Comune<\/strong> proceder\u00e1 a la <strong>cancelaci\u00f3n del A.I.R.E. con inscripci\u00f3n simult\u00e1nea en el APR<\/strong> (An\u00e1grafe de la Poblaci\u00f3n Residente)<\/li>\n<li style=\"text-align: justify;\">Es <strong>responsabilidad del Comune comunicar oficialmente la fecha de inicio de la repatriaci\u00f3n al Consulado de proveniencia<\/strong> que registrar\u00e1 en sus propios archivos consulares la repatriaci\u00f3n;<\/li>\n<li style=\"text-align: justify;\">La Embajada no es competente para recoger las declaraciones de repatriaci\u00f3n ni para trasmitirlas al Comune;<\/li>\n<li style=\"text-align: justify;\">Por muerte, comprendida la presunta muerte judicialmente declarada;<\/li>\n<li style=\"text-align: justify;\">Por imposibilidad de contactar con la persona, salvo prueba en contrario, trascurridos cien a\u00f1os del nacimiento o despu\u00e9s de haber efectuado dos intentos sucesivos de b\u00fasqueda, o cuando ya no sea v\u00e1lida la direcci\u00f3n en el extranjero comunicada previamente y no sea posible obtener la nueva;<\/li>\n<li style=\"text-align: justify;\">Por p\u00e9rdida de la ciudadan\u00eda italiana.<\/li>\n<\/ul>\n<p>&nbsp;<\/p>\n<p><strong><u>POR QU\u00c9 DEBES INSCRIBIRTE EN EL AIRE<\/u><\/strong><\/p>\n<p><a href=\"https:\/\/www.esteri.it\/it\/servizi-consolari-e-visti\/normativa_consolare\/serviziconsolari\/anagrafeconsolare\/6-buoni-motivi-per-iscriverti-allaire\/\">POR QU\u00c9 DEBES INSCRIBIRTE EN EL AIRE \u2013 Ministerio de Asuntos Exteriores y de la Cooperaci\u00f3n Internacional<\/a><\/p>\n<p>La Ley n. 213 de 30 de diciembre de 2023, introdujo importantes cambios en relaci\u00f3n con la inscripci\u00f3n en el An\u00e1grafe de Italianos Residentes en el Extranjero. Recordando que la inscripci\u00f3n en el AIRE es un deber preciso del ciudadano residente en el extranjero, as\u00ed como un requisito previo fundamental para acceder a los servicios consulares, cabe se\u00f1alar que la citada Ley ha reforzado las medidas para quienes trasladen su residencia al extranjero sin inscribirse en el AIRE: en particular, los municipios italianos est\u00e1n ahora autorizados a imponer multas que oscilan entre 200 \u20ac y un m\u00e1ximo de 1.000 \u20ac por cada a\u00f1o de no inscripci\u00f3n en el AIRE.<\/p>\n","protected":false},"excerpt":{"rendered":"\u00bfLo sab\u00edas? \u00a1Desde 2019 est\u00e1 activo el portal Fast IT que hace mas c\u00f3modo y r\u00e1pido inscribirse al AIRE, visualizar la ficha consular si ya est\u00e1s inscrito, comunicar cambios de residencia y solicitar el c\u00f3digo fiscal! Solo te hace falta conectarte al sitio Fast IT y acceder utilizando tus credenciales SPID. Para m\u00e1s informaciones sobre [&hellip;]","protected":false},"author":5,"featured_media":0,"parent":208,"menu_order":0,"comment_status":"closed","ping_status":"closed","template":"","meta":{"footnotes":""},"class_list":["post-2201","page","type-page","status-publish","hentry"],"_links":{"self":[{"href":"https:\/\/amblavana.esteri.it\/es\/wp-json\/wp\/v2\/pages\/2201","targetHints":{"allow":["GET"]}}],"collection":[{"href":"https:\/\/amblavana.esteri.it\/es\/wp-json\/wp\/v2\/pages"}],"about":[{"href":"https:\/\/amblavana.esteri.it\/es\/wp-json\/wp\/v2\/types\/page"}],"author":[{"embeddable":true,"href":"https:\/\/amblavana.esteri.it\/es\/wp-json\/wp\/v2\/users\/5"}],"replies":[{"embeddable":true,"href":"https:\/\/amblavana.esteri.it\/es\/wp-json\/wp\/v2\/comments?post=2201"}],"version-history":[{"count":5,"href":"https:\/\/amblavana.esteri.it\/es\/wp-json\/wp\/v2\/pages\/2201\/revisions"}],"predecessor-version":[{"id":3933,"href":"https:\/\/amblavana.esteri.it\/es\/wp-json\/wp\/v2\/pages\/2201\/revisions\/3933"}],"up":[{"embeddable":true,"href":"https:\/\/amblavana.esteri.it\/es\/wp-json\/wp\/v2\/pages\/208"}],"wp:attachment":[{"href":"https:\/\/amblavana.esteri.it\/es\/wp-json\/wp\/v2\/media?parent=2201"}],"curies":[{"name":"wp","href":"https:\/\/api.w.org\/{rel}","templated":true}]}}