{"id":219,"date":"2023-04-11T18:20:37","date_gmt":"2023-04-11T22:20:37","guid":{"rendered":"https:\/\/amblavana.esteri.it\/servizi-consolari-e-visti\/servizi-per-il-cittadino-italiano\/albo-consolare-e-altri-servizi\/"},"modified":"2024-12-19T19:42:43","modified_gmt":"2024-12-19T23:42:43","slug":"albo-consolare-e-altri-servizi","status":"publish","type":"page","link":"https:\/\/amblavana.esteri.it\/es\/servizi-consolari-e-visti\/servizi-per-il-cittadino-italiano\/albo-consolare-e-altri-servizi\/","title":{"rendered":"Registro consular y otros servicios"},"content":{"rendered":"<p>La Ley n.\u00ba 69 del 18 de junio de 2009 reconoce el efecto de publicidad legal \u00fanicamente a los actos y a los procedimientos administrativos publicados por los Entes P\u00fablicos en sus propios sitios inform\u00e1ticos. En particular, el art. 32, p\u00e1rrafo 1 de la ley ha establecido que \u201ca partir del 1 de enero de 2010, las obligaciones de publicaci\u00f3n de actos y procedimientos administrativos que tengan efecto de publicidad legal se consideran cumplidas con la publicaci\u00f3n en sus propios sitios inform\u00e1ticos por parte de las administraciones y los entes p\u00fablicos obligados\u201d.<\/p>\n<p>El siguiente p\u00e1rrafo 5 del mismo art. 32 precisa que \u201ca partir del 1 de enero de 2010, las publicaciones realizadas en forma impresa no tienen efecto de publicidad legal\u201d. En esta secci\u00f3n es posible consultar los actos relacionados con tr\u00e1mites en curso en la Canciller\u00eda Consular de la Embajada de Italia en La Habana.<\/p>\n","protected":false},"excerpt":{"rendered":"La Ley n.\u00ba 69 del 18 de junio de 2009 reconoce el efecto de publicidad legal \u00fanicamente a los actos y a los procedimientos administrativos publicados por los Entes P\u00fablicos en sus propios sitios inform\u00e1ticos. En particular, el art. 32, p\u00e1rrafo 1 de la ley ha establecido que \u201ca partir del 1 de enero de [&hellip;]","protected":false},"author":1,"featured_media":0,"parent":208,"menu_order":20,"comment_status":"closed","ping_status":"closed","template":"","meta":{"footnotes":""},"class_list":["post-219","page","type-page","status-publish","hentry"],"_links":{"self":[{"href":"https:\/\/amblavana.esteri.it\/es\/wp-json\/wp\/v2\/pages\/219","targetHints":{"allow":["GET"]}}],"collection":[{"href":"https:\/\/amblavana.esteri.it\/es\/wp-json\/wp\/v2\/pages"}],"about":[{"href":"https:\/\/amblavana.esteri.it\/es\/wp-json\/wp\/v2\/types\/page"}],"author":[{"embeddable":true,"href":"https:\/\/amblavana.esteri.it\/es\/wp-json\/wp\/v2\/users\/1"}],"replies":[{"embeddable":true,"href":"https:\/\/amblavana.esteri.it\/es\/wp-json\/wp\/v2\/comments?post=219"}],"version-history":[{"count":2,"href":"https:\/\/amblavana.esteri.it\/es\/wp-json\/wp\/v2\/pages\/219\/revisions"}],"predecessor-version":[{"id":2970,"href":"https:\/\/amblavana.esteri.it\/es\/wp-json\/wp\/v2\/pages\/219\/revisions\/2970"}],"up":[{"embeddable":true,"href":"https:\/\/amblavana.esteri.it\/es\/wp-json\/wp\/v2\/pages\/208"}],"wp:attachment":[{"href":"https:\/\/amblavana.esteri.it\/es\/wp-json\/wp\/v2\/media?parent=219"}],"curies":[{"name":"wp","href":"https:\/\/api.w.org\/{rel}","templated":true}]}}