{"id":218,"date":"2023-04-11T18:20:20","date_gmt":"2023-04-11T22:20:20","guid":{"rendered":"https:\/\/amblavana.esteri.it\/servizi-consolari-e-visti\/servizi-per-il-cittadino-italiano\/codice-fiscale\/"},"modified":"2025-11-24T18:52:11","modified_gmt":"2025-11-24T22:52:11","slug":"codice-fiscale","status":"publish","type":"page","link":"https:\/\/amblavana.esteri.it\/es\/servizi-consolari-e-visti\/servizi-per-il-cittadino-italiano\/codice-fiscale\/","title":{"rendered":"C\u00f3digo de identificaci\u00f3n fiscal"},"content":{"rendered":"<h5 class=\"boxLevel03\" style=\"text-align: justify;\">\u00bfLo sab\u00edas? \u00a1Desde 2019 est\u00e1 activo el portal <a href=\"https:\/\/serviziconsolari.esteri.it\/ScoFE\/index.sco\">Fast IT<\/a> que hace mas c\u00f3modo y r\u00e1pido inscribirse al AIRE, visualizar la ficha consular si ya est\u00e1s inscrito, comunicar cambios de residencia y solicitar el c\u00f3digo fiscal!<br \/>\nSolo te hace falta conectarte al sitio <a href=\"https:\/\/serviziconsolari.esteri.it\/ScoFE\/index.sco\">Fast IT<\/a> y acceder utilizando tus credenciales SPID. Para m\u00e1s informaciones sobre c\u00f3mo obtener las credenciales SPID: <a href=\"https:\/\/www.spid.gov.it\/\">https:\/\/www.spid.gov.it\/<\/a><\/h5>\n<p>&nbsp;<\/p>\n<p style=\"text-align: justify;\"><strong>C\u00f3digo Fiscal<\/strong><\/p>\n<ol style=\"text-align: justify;\">\n<li><strong>\u00bfQu\u00e9 es?<\/strong><\/li>\n<\/ol>\n<p style=\"text-align: justify;\">\u00a0 \u00a0 \u00a0 2. <strong>\u00bfPara qu\u00e9 sirve?<\/strong><\/p>\n<p style=\"text-align: justify;\">\u00a0 \u00a0 \u00a0 3. <strong>\u00bfC\u00f3mo presentar la solicitud?<\/strong><\/p>\n<p style=\"text-align: justify;\"><strong>\u00a0<\/strong><\/p>\n<ol style=\"text-align: justify;\">\n<li><strong> \u00bfQu\u00e9 es?<\/strong><\/li>\n<\/ol>\n<p style=\"text-align: justify;\">El c\u00f3digo fiscal es el c\u00f3digo alfanum\u00e9rico emitido por la Agencia Tributaria para identificar al ciudadano (italiano o extranjero) en las relaciones con las administraciones p\u00fablicas, los privados y las entidades italianas. Para las personas naturales el c\u00f3digo fiscal se determina sobre la base de sus datos anagr\u00e1ficos.<\/p>\n<ol style=\"text-align: justify;\" start=\"2\">\n<li><strong> \u00bfPara qu\u00e9 sirve?<\/strong><\/li>\n<\/ol>\n<p style=\"text-align: justify;\">Cualquier cumplimiento administrativo (pago de tasas, impuestos, cuotas, etc.) o actividad negociadora (aceptaci\u00f3n de herencias, contratos con sujetos p\u00fablicos o privados, solicitud de financiaci\u00f3n, patrocinio, arrendamiento o comodato de bienes inmuebles, etc.) requiere la indicaci\u00f3n del c\u00f3digo fiscal del sujeto que lo realiza.<\/p>\n<ol style=\"text-align: justify;\" start=\"3\">\n<li><strong> \u00bfC\u00f3mo presentar la solicitud?<\/strong><\/li>\n<\/ol>\n<p style=\"text-align: justify;\">Los <strong>ciudadanos italianos residentes en el extranjero<\/strong> pueden solicitar el c\u00f3digo fiscal <strong>a trav\u00e9s de la Oficina consular<\/strong>, as\u00ed como <strong>directamente en las oficinas de la Agencia Tributaria situadas en el territorio italiano<\/strong>, de conformidad con el art. 1 del Decreto Ministerial n. 281 del 17 de mayo de 2001, teniendo en cuenta la amplia articulaci\u00f3n y gran difusi\u00f3n de las oficinas de la Agencia Tributaria en Italia.<\/p>\n<p style=\"text-align: justify;\">Los <strong>ciudadanos extranjeros no residentes en Italia pueden delegar<\/strong> espec\u00edficamente en una persona para presentar el formulario de solicitud del C\u00f3digo Fiscal directamente en las oficinas de la Agencia Tributaria situadas en Italia.<\/p>\n<p style=\"text-align: justify;\"><strong>\u00a0<\/strong><\/p>\n<p style=\"text-align: justify;\"><u>CIUDADANOS ITALIANOS RESIDENTES EN EL EXTRANJERO INSCRITOS EN EL AIRE<\/u><\/p>\n<p style=\"text-align: justify;\">Los ciudadanos italianos mayores de edad inscritos en el AIRE pueden <strong>solicitar el c\u00f3digo fiscal<\/strong>, para ellos y para sus hijos menores de edad, a trav\u00e9s del portal telem\u00e1tico Fast-it, accediendo al servicio correspondiente y siguiendo las indicaciones. A trav\u00e9s del portal Fast-it tambi\u00e9n ser\u00e1 posible descargar el certificado de atestaci\u00f3n del c\u00f3digo de fiscal, una vez completada la tramitaci\u00f3n de la solicitud.<\/p>\n<p style=\"text-align: justify;\"><strong><em>\u00bfC\u00f3mo?<\/em><\/strong><\/p>\n<ol style=\"text-align: justify;\">\n<li>Acceda al portal Fast It;<\/li>\n<li>Haga clic en \u201cAnagrafe Consolare e AIRE\u201d y a continuaci\u00f3n en \u201cAttribuzione Codice Fiscale\u201d;<\/li>\n<li>Confirme los datos e inicie la solicitud;<\/li>\n<li>Una vez que el Consulado haya tramitado la solicitud, podr\u00e1 descargar usted mismo el certificado de atribuci\u00f3n del C\u00f3digo Fiscal.<\/li>\n<\/ol>\n<p style=\"text-align: justify;\"><strong><em>Si no logra descargar el Certificado de Atribuci\u00f3n del C\u00f3digo Fiscal:<\/em><\/strong><\/p>\n<ol style=\"text-align: justify;\">\n<li>Reg\u00edstrese en el portal FAST IT, o acceda si ya tiene una cuenta activa;<\/li>\n<li>Solicite la \u00abAssociazione Online\u00bb haciendo clic en \u00abAnagrafe Consolare e AIRE\u00bb y, a continuaci\u00f3n, en \u00abVisualizzare la propia scheda anagrafica\u00bb;<\/li>\n<li>Recibir\u00e1 en su buz\u00f3n de correo el mensaje de asociaci\u00f3n exitosa.<\/li>\n<li>Acceda nuevamente al portal y descargue el certificado.<\/li>\n<\/ol>\n<p style=\"text-align: justify;\">Los ciudadanos mayores de edad inscritos en el AIRE que ya disponen del c\u00f3digo fiscal pueden <strong>descargar directamente el certificado de atestaci\u00f3n del c\u00f3digo fiscal<\/strong> a trav\u00e9s del portal telem\u00e1tico Fast-it accediendo al servicio correspondiente y siguiendo las instrucciones previstas para solicitar el c\u00f3digo fiscal; en este caso no ser\u00e1 necesaria la intervenci\u00f3n del Consulado para la emisi\u00f3n del certificado.<\/p>\n<p style=\"text-align: justify;\">Aquellos que deseen recibir tambi\u00e9n la <strong>tarjeta<\/strong> del c\u00f3digo fiscal, deben hacer la solicitud el c\u00f3digo fiscal y de la tarjeta presentando el formulario correspondiente junto a la copia de un documento de identidad.<\/p>\n<p style=\"text-align: justify;\">En caso de <strong>p\u00e9rdida o destrucci\u00f3n del certificado en papel o de la tarjeta plastificada<\/strong>, puede solicitarse un duplicado de la misma forma en que se solicit\u00f3 la asignaci\u00f3n.<\/p>\n<p style=\"text-align: justify;\"><strong>\u00a0<\/strong><\/p>\n<p style=\"text-align: justify;\"><u>CIUDADANOS EXTRANJEROS NO RESIDENTES EN ITALIA<\/u><\/p>\n<p style=\"text-align: justify;\">El ciudadano extranjero no residente en Italia debe <strong>delegar<\/strong> espec\u00edficamente en una persona para presentar el formulario de solicitud del C\u00f3digo Fiscal directamente en las oficinas de la Agencia Tributaria situadas en el territorio italiano, de conformidad con el art. 1 del Decreto Ministerial n.281 del 17 de mayo de 2001.<\/p>\n<p style=\"text-align: justify;\">Las direcciones de las oficinas de la Agencia Tributaria pueden consultarse en el sitio web www.agenziaentrate.it.<\/p>\n<p style=\"text-align: justify;\">El C\u00f3digo Fiscal puede ser solicitado por el ciudadano extranjero en la <strong>Oficina consular italiana competente en base a la residencia<\/strong> s\u00f3lo en los casos en que el C\u00f3digo Fiscal sea necesario para procedimientos a efectuar online, y\/o para los cuales el extranjero se vea imposibilitado a delegar en un encargado la solicitud a la Agencia Tributaria: en estos casos la Oficina consular trasmitir\u00e1 la solicitud a la Agencia Tributaria en Italia.<\/p>\n<p style=\"text-align: justify;\">La solicitud del C\u00f3digo Fiscal, que se realizar\u00e1 rellenando el formulario correspondiente, deber\u00e1 presentarse junto con una copia de un documento de identidad y una indicaci\u00f3n de los motivos de la solicitud.<\/p>\n<p style=\"text-align: justify;\"><strong>\u00a0<\/strong><\/p>\n<p style=\"text-align: justify;\">Los <strong>estudiantes<\/strong> que necesiten el c\u00f3digo fiscal para la preinscripci\u00f3n en la Universidad pueden obtenerlo autom\u00e1ticamente en el <strong>Portal UNIVERSITALY<\/strong> durante la solicitud de preinscripci\u00f3n.<\/p>\n<p style=\"text-align: justify;\">La asignaci\u00f3n del C\u00f3digo Fiscal se podr\u00e1 culminar: en la Ventanilla \u00danica para la Inmigraci\u00f3n o en la Questura en el momento de la solicitud del permiso de residencia, para los estudiantes no comunitarios; en la Agencia Tributaria presentando el formulario AA4\/8, para los estudiantes comunitarios.<\/p>\n<p style=\"text-align: justify;\"><strong>Los ciudadanos extranjeros que necesiten el c\u00f3digo fiscal para la compra de bienes inmuebles o para otras actividades comerciales\/financieras<\/strong> en Italia, pueden delegar en un representante para solicitar el c\u00f3digo fiscal a la Agencia Tributaria en su nombre.<\/p>\n<p style=\"text-align: justify;\">A <strong>los ciudadanos de pa\u00edses no pertenecientes a la UE que pretenden residir en Italia<\/strong> se les asigna un c\u00f3digo fiscal:<\/p>\n<p style=\"text-align: justify;\">&#8211; por la Ventanilla \u00danica para la Inmigraci\u00f3n, presente en todas las Prefecturas y competente para la emisi\u00f3n del \u201cnulla osta\u201d para la entrada de los ciudadanos extranjeros que solicitan un permiso de residencia por trabajo o reunificaci\u00f3n familiar;<\/p>\n<p style=\"text-align: justify;\">&#8211; por la Questura, oficina de la Polic\u00eda del Estado, para los ciudadanos extranjeros que solicitan otros tipos de permisos de residencia.<\/p>\n<p style=\"text-align: justify;\"><strong>\u00a0<\/strong><\/p>\n<p style=\"text-align: justify;\">Los <strong>ciudadanos de pa\u00edses de la UE que pretenden residir en Italia<\/strong> pueden solicitar el c\u00f3digo fiscal presentando el formulario AA4\/8 en una Oficina Territorial de la Agencia Tributaria. La solicitud debe estar motivada y acompa\u00f1ada de un documento v\u00e1lido (pasaporte o documento de identidad v\u00e1lido para la expatriaci\u00f3n).<\/p>\n<p style=\"text-align: justify;\">El ciudadano extranjero que necesite el c\u00f3digo fiscal para el <strong>inicio de un procedimiento judicial en Italia <\/strong>puede incluir entre los poderes otorgados al abogado al que encomiende la tarea el de solicitar el C\u00f3digo Fiscal en cualquier oficina de la Agencia Tributaria; las direcciones de las oficinas de la Agencia Tributaria pueden consultarse en la p\u00e1gina web www.agenziaentrate.it.<\/p>\n","protected":false},"excerpt":{"rendered":"\u00bfLo sab\u00edas? \u00a1Desde 2019 est\u00e1 activo el portal Fast IT que hace mas c\u00f3modo y r\u00e1pido inscribirse al AIRE, visualizar la ficha consular si ya est\u00e1s inscrito, comunicar cambios de residencia y solicitar el c\u00f3digo fiscal! Solo te hace falta conectarte al sitio Fast IT y acceder utilizando tus credenciales SPID. Para m\u00e1s informaciones sobre [&hellip;]","protected":false},"author":1,"featured_media":0,"parent":208,"menu_order":18,"comment_status":"closed","ping_status":"closed","template":"","meta":{"footnotes":""},"class_list":["post-218","page","type-page","status-publish","hentry"],"_links":{"self":[{"href":"https:\/\/amblavana.esteri.it\/es\/wp-json\/wp\/v2\/pages\/218","targetHints":{"allow":["GET"]}}],"collection":[{"href":"https:\/\/amblavana.esteri.it\/es\/wp-json\/wp\/v2\/pages"}],"about":[{"href":"https:\/\/amblavana.esteri.it\/es\/wp-json\/wp\/v2\/types\/page"}],"author":[{"embeddable":true,"href":"https:\/\/amblavana.esteri.it\/es\/wp-json\/wp\/v2\/users\/1"}],"replies":[{"embeddable":true,"href":"https:\/\/amblavana.esteri.it\/es\/wp-json\/wp\/v2\/comments?post=218"}],"version-history":[{"count":6,"href":"https:\/\/amblavana.esteri.it\/es\/wp-json\/wp\/v2\/pages\/218\/revisions"}],"predecessor-version":[{"id":3926,"href":"https:\/\/amblavana.esteri.it\/es\/wp-json\/wp\/v2\/pages\/218\/revisions\/3926"}],"up":[{"embeddable":true,"href":"https:\/\/amblavana.esteri.it\/es\/wp-json\/wp\/v2\/pages\/208"}],"wp:attachment":[{"href":"https:\/\/amblavana.esteri.it\/es\/wp-json\/wp\/v2\/media?parent=218"}],"curies":[{"name":"wp","href":"https:\/\/api.w.org\/{rel}","templated":true}]}}