{"id":2175,"date":"2023-10-26T12:51:34","date_gmt":"2023-10-26T16:51:34","guid":{"rendered":"https:\/\/amblavana.esteri.it\/?page_id=2175"},"modified":"2024-02-12T13:12:09","modified_gmt":"2024-02-12T17:12:09","slug":"asistencia","status":"publish","type":"page","link":"https:\/\/amblavana.esteri.it\/es\/servizi-consolari-e-visti\/servizi-per-il-cittadino-italiano\/asistencia\/","title":{"rendered":"Asistencia a los ciudadanos en el exterior"},"content":{"rendered":"<h1>Asistencia<\/h1>\n<h4><em>Sanitaria y econ\u00f3mica<\/em><\/h4>\n<p style=\"text-align: justify;\">La Embajada puede erogar un subsidio al ciudadano italiano residente de manera permanente en la circunscripci\u00f3n consular el cual se encuentre en una situaci\u00f3n de necesidad excepcional comprobada, como incapacidad, condiciones m\u00e9dicas particulares que conlleven a gastos m\u00e9dicos especiales, dietas o productos farmac\u00e9uticos no cubiertos por la asistencia local, etc. El connacional indigente deber\u00e1 demostrar, en este caso, su condici\u00f3n de necesidad excepcional mostrando la documentaci\u00f3n que le sea solicitada. Los subsidios no pueden superar el l\u00edmite m\u00e1ximo establecido por las disposiciones ministeriales.<\/p>\n<p style=\"text-align: justify;\">En este tipo de asistencia se incluye tambi\u00e9n la expedici\u00f3n o la renovaci\u00f3n gratuita del pasaporte italiano a los ciudadanos con dificultad econ\u00f3mica.<\/p>\n<p style=\"text-align: justify;\">El ciudadano italiano en tr\u00e1nsito que haya sufrido el robo de dinero u otros documentos puede tambi\u00e9n solicitar la erogaci\u00f3n de un pr\u00e9stamo con promesa de restituci\u00f3n al Estado italiano. La concesi\u00f3n del pr\u00e9stamo est\u00e1 subordinada a la evaluaci\u00f3n de la Embajada.<\/p>\n<p>&nbsp;<\/p>\n<p style=\"text-align: justify;\"><strong><em>Repatriaciones y repatriaciones sanitarias<\/em><\/strong><\/p>\n<p style=\"text-align: justify;\">Un sector particularmente delicado de la actividad de asistencia a los ciudadanos italianos en el exterior concierne la repatriaci\u00f3n de connacionales que se encuentren en Pa\u00edses extranjeros en situaciones de grave dificultad, que no puedan resolverse in situ. Las intervenciones de la Farnesina, en colaboraci\u00f3n con los entes territorialmente competentes (Prefetture, Questure, Comuni, Unit\u00e0 Sanitarie Locali, Servizi Sociali) incluyen:<\/p>\n<ul style=\"text-align: justify;\">\n<li>connacionales emigrados, que se encuentran en la necesidad de retornar a Italia de manera definitiva por motivos econ\u00f3micos o sanitarios;<\/li>\n<li>menores en estado de abandono;<\/li>\n<li>enfermos de la mente (el procedimiento en este caso es bastante complejo, ya que requiere la presencia de uno o m\u00e1s acompa\u00f1antes calificados, as\u00ed como la b\u00fasqueda de hospitales especializados);<\/li>\n<li>ciudadanos italianos al t\u00e9rmino de su detenci\u00f3n o expulsi\u00f3n;<\/li>\n<li>ancianos solos para los que se requiere hospitalizaci\u00f3n en residencias de ancianos en Italia;<\/li>\n<li>enfermos graves que no pueden ser atendidos in situ por falta de estructuras apropiadas<\/li>\n<\/ul>\n<p style=\"text-align: justify;\">Las repatriaciones a cargo del Estado italiano est\u00e1n limitadas a los casos de indigencia demostrada, verificados por la red diplom\u00e1tica-consular; en todos los dem\u00e1s casos la repatriaci\u00f3n se realiza despu\u00e9s de la firma de pr\u00e9stamos con promesa de restituci\u00f3n al Estado.<\/p>\n<h4>Repatriaci\u00f3n de cad\u00e1veres<\/h4>\n<p style=\"text-align: justify;\">Perder una persona querida es siempre motivo de gran dolor, pero si esto sucediera en el exterior, al dolor se agrega la necesidad de resolver algunos problemas pr\u00e1cticos. A continuaci\u00f3n, damos las indicaciones para la soluci\u00f3n de estos problemas.<\/p>\n<p style=\"text-align: justify;\">Para la repatriaci\u00f3n de un cad\u00e1ver, una vez contactada una Representaci\u00f3n italiana en el exterior, ser\u00e1 transmitida una solicitud al Comune italiano competente para obtener el \u201cnulla osta para la introducci\u00f3n del cad\u00e1ver\u201d. Obtenido el \u201cnulla osta\u201d del Comune, la funeraria, a cargo por indicaci\u00f3n de los miembros de la familia quienes corren con los gastos de la repatriaci\u00f3n del cad\u00e1ver, podr\u00e1 proceder.<\/p>\n<p style=\"text-align: justify;\">Es adem\u00e1s posible dirigirse a las Regiones y a los entes locales para eventuales reembolsos o contribuciones.<\/p>\n<p style=\"text-align: justify;\">En caso del fallecimiento de connacionales residentes en el exterior en estado de comprobada indigencia, el Consulado o la Embajada contactados podr\u00e1n prestar asistencia a los familiares indigentes, residentes en el exterior, del connacional fallecido, mediante reembolso total o parcial de los gastos f\u00fanebres, efectuados en el lugar, regularmente documentados.<\/p>\n<p style=\"text-align: justify;\">Para las solicitudes de repatriaci\u00f3n, por favor escribir a <a href=\"mailto:consolare.ambavana@esteri.it\">consolare.ambavana@esteri.it<\/a> o llamar por tel\u00e9fono a la pizarra (+53 72045615) o al celular de emergencia (+53 52805417) para solicitudes urgentes.<\/p>\n<h4>Protecci\u00f3n consular<\/h4>\n<p style=\"text-align: justify;\">En el \u00e1mbito de la protecci\u00f3n y de la asistencia consular, numerosas intervenciones tienen que ver con ciudadanos que incurren en problemas con la justicia local o que permanezcan involucrados en accidentes; la repatriaci\u00f3n de los cad\u00e1veres; la b\u00fasqueda de connacionales de los que no se tienen noticias; la asistencia a padres italianos a los cuales el c\u00f3nyuge extranjero o doble ciudadano haya sustra\u00eddo un hijo, llev\u00e1ndolo consigo al extranjero.<\/p>\n<h4><\/h4>\n<p style=\"text-align: justify;\"><strong>Para los accidentes ocurridos en el extranjero, las Representaciones diplom\u00e1tico-consulares se aseguran que los ciudadanos reciban un adecuado tratamiento m\u00e9dico en el lugar, que sean debidamente informados los familiares y que se preste toda la asistencia posible en caso de necesidad de traslado a Italia. <\/strong><\/p>\n<p style=\"text-align: justify;\">En el caso en que un connacional sea arrestado en un pa\u00eds extranjero, el Consulado puede:<\/p>\n<ul style=\"text-align: justify;\">\n<li>Efectuar visitas consulares al detenido;<\/li>\n<li>Indicar un eventual abogado;<\/li>\n<li>Mantener v\u00ednculos con los familiares en Italia;<\/li>\n<li>Proporcionar al detenido, cuando es necesario y consentido por las normas locales, asistencia m\u00e9dica, alimentos, libros y peri\u00f3dicos;<\/li>\n<li>Intervenir para el traslado en Italia, siempre que el connacional sea detenido en Pa\u00edses adherentes a la Convenci\u00f3n de Strasburgo sobre el traslado de los detenidos o a acuerdos bilaterales ad hoc;<\/li>\n<li>Intervenir, en casos particulares, para apoyar solicitudes de gracia, por motivos humanitarios;<\/li>\n<\/ul>\n<p style=\"text-align: justify;\">El Consulado no puede:<\/p>\n<ul>\n<li style=\"text-align: justify;\">Intervenir ante los tribunales en representaci\u00f3n del connacional<\/li>\n<li style=\"text-align: justify;\">Pagar los gastos legales del detenido<\/li>\n<\/ul>\n<p><strong>La sustracci\u00f3n internacional de menores<\/strong><\/p>\n<p style=\"text-align: justify;\">La problem\u00e1tica de la sustracci\u00f3n internacional de menores ha tomado en los \u00faltimos tiempos una creciente relevancia, tanto por el aumento de las separaciones, a menudo conflictivas, entre personas de diversa o doble ciudadan\u00eda, como por la mayor sensibilidad con la cual el problema se percibe en nuestro Pa\u00eds.<\/p>\n<p style=\"text-align: justify;\">El \u00fanico instrumento vinculante a disposici\u00f3n del padre connacional para recuperar al menor es la Convenci\u00f3n de la Haya del 25.10.1980 (Autoridad Central para Italia y el Departamento de Justicia de Menores en el Ministerio de Justicia). En caso de no aplicabilidad de la Convenci\u00f3n, el Ministerio ejerce plenamente sus funciones institucionales modulando las intervenciones en relaci\u00f3n a los casos espec\u00edficos.<\/p>\n<h4 style=\"text-align: justify;\">B\u00fasqueda de connacionales en el exterior<\/h4>\n<p style=\"text-align: justify;\">Informaciones concernientes a ciudadanos italianos presentes en la circunscripci\u00f3n consular pueden ser proporcionadas de acuerdo con la normativa vigente en materia de protecci\u00f3n de datos personales, que impone en la mayor parte de los casos el consentimiento de la persona buscada.<\/p>\n<p style=\"text-align: justify;\">Las oficinas consulares efect\u00faan, en los l\u00edmites de los instrumentos admitidos por la legislaci\u00f3n local y de lo anteriormente especificado, b\u00fasquedas por las cuales el solicitante hay demostrado un inter\u00e9s leg\u00edtimo.<\/p>\n<p style=\"text-align: justify;\">Las solicitudes van dirigidas directamente a esta Canciller\u00eda consular mediante instancia aut\u00f3grafa (en papel) motivada, adjuntando la copia de un documento de identidad v\u00e1lido del solicitante. En caso de desaparici\u00f3n, deber\u00e1 ser presentada adem\u00e1s una copia de la relativa denuncia presentada ante las autoridades policiales competentes<\/p>\n<p>&nbsp;<\/p>\n<p style=\"text-align: justify;\"><strong><em>Asistencia Consular<\/em><\/strong><\/p>\n<p style=\"text-align: justify;\">El servicio de asistencia social est\u00e1 destinado a los ciudadanos italianos que se encuentran en una situaci\u00f3n de indigencia. Los ciudadanos italianos pueden recibir del Consulado una ayuda econ\u00f3mica o de otro tipo para superar una dificultad moment\u00e1nea.<\/p>\n<p style=\"text-align: justify;\">A t\u00edtulo orientativo se indican a continuaci\u00f3n algunos estudios legales habilitados a tramitar expedientes con extranjeros, precisando que esta Embajada no asume ninguna responsabilidad sobre la realizaci\u00f3n del servicio que sea solicitado.<\/p>\n<p><strong>BES \u2013 BUFETE DE SERVICIOS LEGALES ESPECIALIZADO<\/strong><strong><br \/>\n<\/strong>Calle 23 n. 501, Vedado, L\u2019Avana<br \/>\nTel.00 53 7 8308444\/78369688\/90<br \/>\nE-mail\u00a0<a href=\"mailto:direcion@bes.olbc.cu\">direcion@bes.olbc.cu<\/a><\/p>\n<p><strong>BUFETE INTERNACIONAL<\/strong><strong><br \/>\n<\/strong>5ta Avenida n. 4002, Playa, L\u2019Avana<br \/>\nTel\u00e9fonos (53 7) 204 0125 \/204-0157, 204-5126, 204-5127<br \/>\nE-mail\u00a0<a href=\"mailto:bufete@bufeteinternacional.cu\">bufete@bufeteinternacional.cu<\/a><br \/>\n<a href=\"http:\/\/www.bufeteinternacional.cu\/\">www.bufeteinternacional.cu<\/a><\/p>\n<p><strong>CONSULTORIA JURIDICA INTERNACIONAL<\/strong><strong><br \/>\n<\/strong>Calle 16 n. 314, Playa, L\u2019Avana<br \/>\nTel.00 53 7 2048402<br \/>\nE-mail\u00a0<a href=\"mailto:lena@cji.cu\">lena@cji.cu<br \/>\n<\/a>Sitio Web\u00a0<a href=\"http:\/\/www.consuljuridica.com\/\">http:\/\/www.consuljuridica.com<\/a><\/p>\n<p><strong>CONABI (Consultores y Abogados Internacionales)<\/strong><strong><br \/>\n<\/strong>Miramar: Calle 7ma No 3602 e\/ 36.y 38 Miramar<br \/>\nTel: 0053\/7 204450\/52 7 2144958<br \/>\nE-mail:\u00a0<a href=\"mailto:conabi@conabi.cu\">conabi@conabi.cu<\/a><\/p>\n","protected":false},"excerpt":{"rendered":"Asistencia Sanitaria y econ\u00f3mica La Embajada puede erogar un subsidio al ciudadano italiano residente de manera permanente en la circunscripci\u00f3n consular el cual se encuentre en una situaci\u00f3n de necesidad excepcional comprobada, como incapacidad, condiciones m\u00e9dicas particulares que conlleven a gastos m\u00e9dicos especiales, dietas o productos farmac\u00e9uticos no cubiertos por la asistencia local, etc. El [&hellip;]","protected":false},"author":5,"featured_media":0,"parent":208,"menu_order":0,"comment_status":"closed","ping_status":"closed","template":"","meta":{"footnotes":""},"class_list":["post-2175","page","type-page","status-publish","hentry"],"_links":{"self":[{"href":"https:\/\/amblavana.esteri.it\/es\/wp-json\/wp\/v2\/pages\/2175","targetHints":{"allow":["GET"]}}],"collection":[{"href":"https:\/\/amblavana.esteri.it\/es\/wp-json\/wp\/v2\/pages"}],"about":[{"href":"https:\/\/amblavana.esteri.it\/es\/wp-json\/wp\/v2\/types\/page"}],"author":[{"embeddable":true,"href":"https:\/\/amblavana.esteri.it\/es\/wp-json\/wp\/v2\/users\/5"}],"replies":[{"embeddable":true,"href":"https:\/\/amblavana.esteri.it\/es\/wp-json\/wp\/v2\/comments?post=2175"}],"version-history":[{"count":2,"href":"https:\/\/amblavana.esteri.it\/es\/wp-json\/wp\/v2\/pages\/2175\/revisions"}],"predecessor-version":[{"id":2181,"href":"https:\/\/amblavana.esteri.it\/es\/wp-json\/wp\/v2\/pages\/2175\/revisions\/2181"}],"up":[{"embeddable":true,"href":"https:\/\/amblavana.esteri.it\/es\/wp-json\/wp\/v2\/pages\/208"}],"wp:attachment":[{"href":"https:\/\/amblavana.esteri.it\/es\/wp-json\/wp\/v2\/media?parent=2175"}],"curies":[{"name":"wp","href":"https:\/\/api.w.org\/{rel}","templated":true}]}}