{"id":217,"date":"2023-04-11T18:20:09","date_gmt":"2023-04-11T22:20:09","guid":{"rendered":"https:\/\/amblavana.esteri.it\/servizi-consolari-e-visti\/servizi-per-il-cittadino-italiano\/autoveicoli-e-patenti-di-guida\/"},"modified":"2024-02-07T14:09:40","modified_gmt":"2024-02-07T18:09:40","slug":"autoveicoli-e-patenti-di-guida","status":"publish","type":"page","link":"https:\/\/amblavana.esteri.it\/es\/servizi-consolari-e-visti\/servizi-per-il-cittadino-italiano\/autoveicoli-e-patenti-di-guida\/","title":{"rendered":"Veh\u00edculos y permisos de conducir"},"content":{"rendered":"<p><strong>Licencia de conducci\u00f3n<\/strong><\/p>\n<p><strong>Renovaci\u00f3n de la licencia de conducci\u00f3n italiana<\/strong><\/p>\n<p style=\"text-align: justify;\">Los titulares de una licencia de conducci\u00f3n italiana residentes por un per\u00edodo de al menos 6 meses en Cuba pueden solicitar en la Oficina Consular italiana competente la pr\u00f3rroga de la validez de la licencia de conducci\u00f3n italiana, con vencimiento inferior a 5 a\u00f1os y no incluida en los casos previstos en el art\u00edculo 119, incisos 2-bis y 4 del C\u00f3digo de Circulaci\u00f3n (licencias de conductores que padecen diabetes o cuya idoneidad psicof\u00edsica debe ser certificada por una comisi\u00f3n m\u00e9dica especializada).<\/p>\n<p style=\"text-align: justify;\">Para poder proceder con la solicitud de la pr\u00f3rroga de la validez de la licencia en la Embajada, el interesado debe previamente efectuar una visita m\u00e9dica especializada en una estructura m\u00e9dica habilitada para certificar la idoneidad psico-f\u00edsica para conducir. Para esto, es posible descargar en este <a href=\"https:\/\/amblavana.esteri.it\/wp-content\/uploads\/2023\/10\/certificato_medico-1-1.doc\">enlace<\/a> el modelo del certificado m\u00e9dico que debe compilar el m\u00e9dico.\u00a0 EL certificado m\u00e9dico deber\u00e1 entonces ser legalizado por la autoridad cubana competente (Ministerio de la Salud y MINREX) y debe ser entregado a la autoridad consular junto con la solicitud de pr\u00f3rroga de la validez de la licencia de conducci\u00f3n descargable en este <a href=\"https:\/\/amblavana.esteri.it\/wp-content\/uploads\/2023\/10\/istanza_rinnovo_patente-1.doc\">enlace<\/a>, un documento de identidad v\u00e1lido y la licencia de conducci\u00f3n. El costo del servicio es de 57,00 euros. La renovaci\u00f3n efectuada frente a la autoridad diplom\u00e1tica es v\u00e1lida para circular tanto en Italia como en el extranjero. Al regreso en Italia, la licencia de conducci\u00f3n deber\u00e1 ser confirmada por la Oficina Central del Departamento de Transportes, la Navegaci\u00f3n y los Sistemas Inform\u00e1ticos y Estad\u00edsticos competentes.<\/p>\n<p><strong>\u00a0<\/strong><\/p>\n<p><strong>Conversi\u00f3n de la licencia de conducci\u00f3n italiana<\/strong><\/p>\n<p style=\"text-align: justify;\">Para poder efectuar la conversi\u00f3n de la licencia de conducci\u00f3n italiana a la cubana, es necesario solicitar en Italia a cualquier oficina de la \u201cmotorizzazione\u201d ubicada en el territorio italiano un certificado de confirmaci\u00f3n de la validez de la licencia de conducci\u00f3n. La solicitud puede ser realizada directamente por el interesado o delegando en una persona de confianza en Italia.<\/p>\n<p style=\"text-align: justify;\">Los documentos a presentar son los siguientes:<\/p>\n<ul style=\"text-align: justify;\">\n<li>instancia en la que se indique la finalidad de la solicitud<\/li>\n<li>comprobante de pago de 32,00 euros (16,00 euros por la instancia y 16,00 por el certificado) en el c\/c n.4028 (bollettino postale);<\/li>\n<li>comprobante de pago de 9,00 euros en el c\/c n.9001 (bollettino postale);<\/li>\n<\/ul>\n<p style=\"text-align: justify;\">Este certificado deber\u00e1 seguir en Italia el proceso de legalizaci\u00f3n por la autoridad italiana competente y, por \u00faltimo, ante la autoridad consular cubana en Italia.<\/p>\n<p style=\"text-align: justify;\">LA EMBAJADA NO ES COMPETENTE PARA LA EXPEDICI\u00d3N DEL CERTIFICADO DE CONFIRMACI\u00d3N DE LA VALIDEZ DE LA LICENCIA DE CONDUCCI\u00d3N.<\/p>\n<p style=\"text-align: justify;\">Para solicitar la renovaci\u00f3n de la licencia de conducci\u00f3n italiana es necesario reservar una cita para \u201cservicios consulares\u201d a trav\u00e9s del portal <a href=\"https:\/\/prenotami.esteri.it\/\">Prenot@mi<\/a>.<\/p>\n","protected":false},"excerpt":{"rendered":"Licencia de conducci\u00f3n Renovaci\u00f3n de la licencia de conducci\u00f3n italiana Los titulares de una licencia de conducci\u00f3n italiana residentes por un per\u00edodo de al menos 6 meses en Cuba pueden solicitar en la Oficina Consular italiana competente la pr\u00f3rroga de la validez de la licencia de conducci\u00f3n italiana, con vencimiento inferior a 5 a\u00f1os y [&hellip;]","protected":false},"author":1,"featured_media":0,"parent":208,"menu_order":16,"comment_status":"closed","ping_status":"closed","template":"","meta":{"footnotes":""},"class_list":["post-217","page","type-page","status-publish","hentry"],"_links":{"self":[{"href":"https:\/\/amblavana.esteri.it\/es\/wp-json\/wp\/v2\/pages\/217","targetHints":{"allow":["GET"]}}],"collection":[{"href":"https:\/\/amblavana.esteri.it\/es\/wp-json\/wp\/v2\/pages"}],"about":[{"href":"https:\/\/amblavana.esteri.it\/es\/wp-json\/wp\/v2\/types\/page"}],"author":[{"embeddable":true,"href":"https:\/\/amblavana.esteri.it\/es\/wp-json\/wp\/v2\/users\/1"}],"replies":[{"embeddable":true,"href":"https:\/\/amblavana.esteri.it\/es\/wp-json\/wp\/v2\/comments?post=217"}],"version-history":[{"count":2,"href":"https:\/\/amblavana.esteri.it\/es\/wp-json\/wp\/v2\/pages\/217\/revisions"}],"predecessor-version":[{"id":2153,"href":"https:\/\/amblavana.esteri.it\/es\/wp-json\/wp\/v2\/pages\/217\/revisions\/2153"}],"up":[{"embeddable":true,"href":"https:\/\/amblavana.esteri.it\/es\/wp-json\/wp\/v2\/pages\/208"}],"wp:attachment":[{"href":"https:\/\/amblavana.esteri.it\/es\/wp-json\/wp\/v2\/media?parent=217"}],"curies":[{"name":"wp","href":"https:\/\/api.w.org\/{rel}","templated":true}]}}