{"id":215,"date":"2023-04-11T18:19:34","date_gmt":"2023-04-11T22:19:34","guid":{"rendered":"https:\/\/amblavana.esteri.it\/servizi-consolari-e-visti\/servizi-per-il-cittadino-italiano\/pensioni-e-sicurezza-sociale\/"},"modified":"2024-12-19T19:41:00","modified_gmt":"2024-12-19T23:41:00","slug":"pensioni-e-sicurezza-sociale","status":"publish","type":"page","link":"https:\/\/amblavana.esteri.it\/es\/servizi-consolari-e-visti\/servizi-per-il-cittadino-italiano\/pensioni-e-sicurezza-sociale\/","title":{"rendered":"Pensiones y seguridad social"},"content":{"rendered":"<p style=\"text-align: justify;\"><strong>PENSIONES<\/strong><\/p>\n<p style=\"text-align: justify;\"><strong>LA SEGURIDAD SOCIAL<\/strong><br \/>\nPor \u00abseguridad social\u00bb se entiende el conjunto de intervenciones destinadas a la prestaci\u00f3n de bienes y servicios a favor de los ciudadanos que se encuentran en condiciones de necesidad; tales intervenciones van desde las atenciones gratuitas a los indigentes, hasta la predisposici\u00f3n e integraci\u00f3n de \u00f3rganos e institutos que aseguren a los ciudadanos incapaces de trabajar y desprovistos de medios sociales para vivir el mantenimiento y la asistencia social, y, a los trabajadores, los medios adecuados para las necesidades de vida en caso de accidente, enfermedad, invalidez, vejez y desempleo involuntario.<\/p>\n<p style=\"text-align: justify;\">La seguridad social comprende:<\/p>\n<ul style=\"text-align: justify;\">\n<li>la asistencia social que cumple una funci\u00f3n gen\u00e9rica de tutela de los indigentes, protecci\u00f3n extendida a todos los ciudadanos en cada ocasi\u00f3n de necesidad, dentro de los l\u00edmites de disponibilidad del ente que presta la ayuda;<\/li>\n<li>la previdencia social que cumple la funci\u00f3n espec\u00edfica de protecci\u00f3n de los trabajadores.<\/li>\n<\/ul>\n<p style=\"text-align: justify;\">Los sujetos con derecho a la tutela son:<\/p>\n<ul style=\"text-align: justify;\">\n<li>los trabajadores subordinados y aut\u00f3nomos;<\/li>\n<li>los empleados p\u00fablicos;<\/li>\n<li>los estudiantes;<\/li>\n<li>los jubilados;<\/li>\n<li>los familiares y sobrevivientes de los sujetos mencionados.<\/li>\n<\/ul>\n<p style=\"text-align: justify;\">Las prestaciones principales para los trabajadores dependientes y aut\u00f3nomos son las siguientes:<\/p>\n<p>1. PENSI\u00d3N POR VEJEZ: tras la entrada en vigor de la ley 335\/95, el derecho a solicitar la pensi\u00f3n de vejez est\u00e1 condicionado a que el trabajador tenga al menos 20 a\u00f1os de contribuciones, 65 a\u00f1os de edad para los hombres y 60 a\u00f1os de edad para las mujeres.<\/p>\n<p>2. PENSI\u00d3N POR ANTIG\u00dcEDAD: la pensi\u00f3n de antig\u00fcedad est\u00e1 regulada por la ley 335\/95; seg\u00fan esta ley, el derecho a la pensi\u00f3n de antig\u00fcedad del trabajador dependiente se adquiere al alcanzar una antig\u00fcedad igual o superior a 35 a\u00f1os, en concurrencia con al menos 57 a\u00f1os de edad o al alcanzar una antig\u00fcedad contributiva no inferior a 40 a\u00f1os.<\/p>\n<p>3. SUBSIDIO ORDINARIO DE INCAPACIDAD: el subsidio ordinario de incapacidad corresponde al trabajador cuya capacidad de trabajo, en ocupaciones adecuadas a sus costumbres, est\u00e9 reducida de forma permanente a causa de enfermedad o defecto f\u00edsico o mental a menos de un tercio. Para tener derecho al subsidio, el trabajador debe tener 5 a\u00f1os de aseguramiento y de contribuci\u00f3n: de estos, al menos 3 a\u00f1os deben haberse aportado en los 5 a\u00f1os anteriores a la solicitud de aseguramiento.<br \/>\nEl subsidio se reconoce por un per\u00edodo de 3 a\u00f1os y puede ser confirmado previa revisi\u00f3n por parte del INPS a solicitud del interesado por per\u00edodos de la misma duraci\u00f3n. Despu\u00e9s de 3 reconocimientos consecutivos, el subsidio se confirma de manera definitiva.<br \/>\nEl subsidio ordinario de incapacidad no es reversible a los sobrevivientes.<\/p>\n<p>4. PENSI\u00d3N ORDINARIA POR INCAPACIDAD: la pensi\u00f3n ordinaria por incapacidad corresponde al asegurado que, a causa de enfermedad o defecto f\u00edsico o mental, se encuentre imposibilitado de realizar cualquier actividad laboral. Para tener derecho a la pensi\u00f3n, el asegurado debe poder hacer valer 5 a\u00f1os de aseguramiento y 5 a\u00f1os de contribuci\u00f3n, de los cuales al menos 3 a\u00f1os deben haberse aportado en los 5 a\u00f1os anteriores a la solicitud de aseguramiento.<br \/>\nLa pensi\u00f3n se compone del importe del subsidio de incapacidad y de una mayor cantidad calculada en funci\u00f3n de las contribuciones que el trabajador habr\u00eda acumulado si hubiera podido continuar trabajando hasta alcanzar la edad de jubilaci\u00f3n.<\/p>\n<p>5. PENSI\u00d3N A LOS SOBREVIVIENTES: la pensi\u00f3n a los sobrevivientes corresponde a los familiares del trabajador fallecido y se denomina pensi\u00f3n de reversibilidad, si el trabajador fallecido era titular de pensi\u00f3n directa, y pensi\u00f3n indirecta, si el trabajador fallecido no era titular de pensi\u00f3n directa, pero al momento de su muerte pose\u00eda los requisitos de aseguramiento y contribuci\u00f3n necesarios para obtener el subsidio ordinario de incapacidad o la pensi\u00f3n de incapacidad.<br \/>\nLos familiares que tienen derecho a la pensi\u00f3n son:<\/p>\n<ul>\n<li>el c\u00f3nyuge y los hijos que a la fecha de la muerte del trabajador sean menores, estudiantes o incapacitados;<\/li>\n<li>los padres que a la fecha de la muerte del trabajador hayan cumplido 65 a\u00f1os, no sean titulares de pensi\u00f3n y est\u00e9n a cargo del fallecido;<\/li>\n<li>en ausencia de tales beneficiarios, hermanos solteros y hermanas solteras que a la fecha de la muerte del trabajador sean incapacitados, no sean titulares de pensi\u00f3n directa o indirecta y est\u00e9n a cargo del fallecido.<\/li>\n<\/ul>\n<p>6. PENSI\u00d3N SOCIAL<strong>:<\/strong> la pensi\u00f3n social se concede a los ciudadanos mayores de 65 a\u00f1os (italianos o de un Estado de la Comunidad Europea) residentes habitualmente en el territorio nacional y que carezcan de cualquier forma de protecci\u00f3n aseguradora y cuyos ingresos, incluidos los del c\u00f3nyuge, sean inferiores a los establecidos por la ley.<\/p>\n<p style=\"text-align: justify;\">\n<p style=\"text-align: justify;\"><strong>LA SEGURIDAD SOCIAL INTERNACIONAL<\/strong><br \/>\nPor \u00abseguridad social internacional\u00bb se entiende la protecci\u00f3n social de los ciudadanos de un pa\u00eds residentes habitualmente en otro pa\u00eds. La protecci\u00f3n de los emigrantes debe garantizarse a trav\u00e9s de una regulaci\u00f3n internacional actualizada que tenga en cuenta constantemente los cambios sociales.<br \/>\nEn el \u00e1rea comunitaria (U.E.), la protecci\u00f3n social se realiza con la aplicaci\u00f3n de los Reglamentos Comunitarios. La normativa comunitaria de seguridad social es de aplicaci\u00f3n inmediata y directa en el territorio de los pa\u00edses que actualmente forman parte de la Uni\u00f3n Europea.<br \/>\nLa misma normativa se aplica tambi\u00e9n a los 3 pa\u00edses que, aunque no son miembros de la Uni\u00f3n Europea, se han adherido al Acuerdo sobre el Espacio Econ\u00f3mico Europeo (EEE): Islandia, Noruega, Liechtenstein.<br \/>\nDesde el 1 de junio de 2002, esta normativa tambi\u00e9n se aplica a la Confederaci\u00f3n Suiza gracias a un acuerdo firmado con la Comunidad Europea y sus Estados miembros.<\/p>\n<p style=\"text-align: justify;\">En el \u00e1rea extracomunitaria, la protecci\u00f3n social se implementa normalmente a trav\u00e9s de Convenios bilaterales.<\/p>\n<p>&nbsp;<\/p>\n<p style=\"text-align: justify;\"><strong>REGULACIONES COMUNITARIAS<\/strong><br \/>\nLos reglamentos comunitarios n.\u00b0 1408\/71 y 574\/72, ampliados y actualizados en varias ocasiones, regulan de manera completa la seguridad social en las relaciones entre los pa\u00edses de la Uni\u00f3n Europea, el Espacio Econ\u00f3mico Europeo y Suiza.<br \/>\nLos Reglamentos Comunitarios establecen normas generales en materia de aseguramiento por incapacidad, vejez y muerte (pensiones), de aseguramiento contra accidentes laborales y enfermedades profesionales, contra el desempleo involuntario, para la asistencia en la enfermedad y la maternidad, para las prestaciones familiares.<br \/>\nAdem\u00e1s, los Reglamentos Comunitarios no sustituyen las legislaciones de los Estados miembros, sino que regulan su aplicaci\u00f3n de tal manera que los trabajadores que han desarrollado su actividad en el extranjero no sufran perjuicio en comparaci\u00f3n con aquellos que han trabajado solo en su pa\u00eds.<\/p>\n<p style=\"text-align: justify;\">Los Reglamentos Comunitarios se han establecido para lograr los siguientes objetivos:<\/p>\n<ol style=\"text-align: justify;\">\n<li>La totalizaci\u00f3n de todos los per\u00edodos de aseguramiento y de contribuci\u00f3n acumulados en los pa\u00edses miembros, a efectos de la obtenci\u00f3n del derecho a las prestaciones;<\/li>\n<li>El pago de la pensi\u00f3n en el pa\u00eds de residencia, incluso si esta corre a cargo de otro Estado miembro;<\/li>\n<li>La igualdad de trato con los ciudadanos del pa\u00eds en el que prestan trabajo.<\/li>\n<\/ol>\n<p style=\"text-align: justify;\">Los sujetos beneficiarios son todos los trabajadores subordinados y aut\u00f3nomos (incluidos los profesionales liberales) ciudadanos de los Estados miembros; ap\u00e1tridas o refugiados siempre que residan en los Estados miembros; familiares y sobrevivientes; empleados p\u00fablicos.<\/p>\n<p style=\"text-align: justify;\">En todos los pa\u00edses miembros se garantiza el aseguramiento de vejez, incapacidad y muerte, desempleo involuntario y las asignaciones familiares.<\/p>\n<p style=\"text-align: justify;\">La solicitud de pensi\u00f3n debe presentarse a la instituci\u00f3n competente para el territorio del Estado en el que se reside, acompa\u00f1ada de los siguientes documentos:<\/p>\n<ul style=\"text-align: justify;\">\n<li>per\u00edodos de trabajo realizados en Italia;<\/li>\n<li>denominaci\u00f3n de las empresas;<\/li>\n<li>calificaci\u00f3n del trabajador;<\/li>\n<li>sedes del INPS en Italia donde se han aportado las pensiones;<\/li>\n<li>libro de trabajo, recibos de salario, cartas de contrataci\u00f3n, despido, etc.<\/li>\n<\/ul>\n<p style=\"text-align: justify;\">\n<p style=\"text-align: justify;\"><strong>CONVENIOS INTERNACIONALES BILATERALES<\/strong><br \/>\nDe manera similar a los Reglamentos Comunitarios, los convenios internacionales bilaterales son acuerdos jur\u00eddicos de derecho internacional mediante los cuales los Estados contratantes se obligan a establecer y coordinar un r\u00e9gimen de seguridades sociales que tenga car\u00e1cter de reciprocidad y que garantice la libre circulaci\u00f3n de la mano de obra, estableciendo:<\/p>\n<ul style=\"text-align: justify;\">\n<li>la igualdad de tratamiento en materia de seguridad social entre todos los ciudadanos de los Estados contratantes;<\/li>\n<li>la asimilaci\u00f3n del territorio en el sentido de que las prestaciones previsionales no pueden sufrir modificaciones por el hecho de que el beneficiario resida en un Estado diferente al que le paga la prestaci\u00f3n;<\/li>\n<li>la totalizaci\u00f3n de los per\u00edodos asegurativos a efectos del derecho a prestaci\u00f3n.<\/li>\n<\/ul>\n<p style=\"text-align: justify;\">Los pa\u00edses con los que Italia ha firmado convenios bilaterales en materia de seguridad social son los siguientes: Argentina, Bosnia y Herzegovina, Brasil, Canad\u00e1, Croacia, Jersey e Islas del Canal, Macedonia, Principado de M\u00f3naco, Rep\u00fablica de Cabo Verde, San Marino, Eslovenia, Serbia y Montenegro, EE.UU., Uruguay, Venezuela, Australia, Santa Sede, Suiza, T\u00fanez, Israel y Libia.<br \/>\nEn cuanto a Turqu\u00eda, est\u00e1 vinculada a Italia mediante el Convenio Europeo, que entr\u00f3 en vigor el 12 de abril de 1990.<br \/>\nAdem\u00e1s, los convenios con Chile, Filipinas, Marruecos y la Rep\u00fablica Checa est\u00e1n firmados pero no ratificados.<\/p>\n<p style=\"text-align: justify;\">Tambi\u00e9n est\u00e1n en vigor acuerdos parciales de seguridad social:<\/p>\n<ol style=\"text-align: justify;\">\n<li>El acuerdo italo-mexicano relativo a la transferibilidad de pensiones;<\/li>\n<li>El acuerdo con Israel que se refiere exclusivamente a los trabajadores temporalmente desplazados, que permanecen totalmente sujetos a la legislaci\u00f3n del pa\u00eds de origen.<\/li>\n<\/ol>\n<p>&nbsp;<\/p>\n<p style=\"text-align: justify;\"><strong>CARACTER\u00cdSTICAS DE LAS PRESTACIONES TRATADAS EN R\u00c9GIMEN DE CONVENIO<\/strong><br \/>\nLa totalizaci\u00f3n de los per\u00edodos asegurativos se admite siempre que los trabajadores tengan un per\u00edodo m\u00ednimo de aseguramiento y contribuci\u00f3n en el pa\u00eds que concede la pensi\u00f3n. Si los per\u00edodos asegurativos son inferiores a dicho per\u00edodo m\u00ednimo, las contribuciones no se pierden, sino que son utilizadas por el otro Estado.<br \/>\nSeg\u00fan los Reglamentos CEE, el per\u00edodo m\u00ednimo es de 52 semanas. Para los convenios bilaterales, el per\u00edodo m\u00ednimo se establece de manera diferente en cada convenio.<\/p>\n<p style=\"text-align: justify;\">Por \u00abProrata Temporis\u00bb se entiende el sistema seg\u00fan el cual cada Estado determina el importe a pagar en proporci\u00f3n a las contribuciones abonadas en su territorio.<br \/>\nSi, por ejemplo, un trabajador tiene al menos 20 a\u00f1os de contribuci\u00f3n en Italia, tiene derecho a la pensi\u00f3n nacional en r\u00e9gimen aut\u00f3nomo, sin necesidad de recurrir a la totalizaci\u00f3n de los per\u00edodos asegurativos.<br \/>\nCuando, en cambio, los a\u00f1os de contribuci\u00f3n son inferiores, es necesario recurrir a la totalizaci\u00f3n de las contribuciones pagadas en Italia y en los otros pa\u00edses convenidos, con el fin de adquirir el derecho a pensi\u00f3n. En este caso, el c\u00e1lculo de la pensi\u00f3n se realiza en Pro Rata, es decir, en proporci\u00f3n a los per\u00edodos asegurativos acumulados en el pa\u00eds que liquida la pensi\u00f3n.<\/p>\n<p style=\"text-align: justify;\">Por \u00abimporte m\u00ednimo\u00bb se entiende el importe mensual de las pensiones que en pro rata no puede ser inferior a una cuarentava parte del tratamiento m\u00ednimo vigente a la fecha de inicio de la pensi\u00f3n, por cada a\u00f1o de contribuci\u00f3n acreditado en Italia. En 2003, el importe del tratamiento m\u00ednimo era de 402,12 euros mensuales.<\/p>\n<p style=\"text-align: justify;\">La \u00abintegraci\u00f3n al tratamiento m\u00ednimo\u00bb es aquella integraci\u00f3n establecida por ley, adem\u00e1s de la parte de pensi\u00f3n correspondiente al asegurado, para que dicha parte alcance un \u00abtratamiento m\u00ednimo\u00bb.<\/p>\n<p>&nbsp;<\/p>\n<p style=\"text-align: justify;\"><strong>ASPECTOS FISCALES DE LAS PENSIONES<\/strong><br \/>\nEn cuanto a los aspectos fiscales de las pensiones, Italia ha firmado convenios con numerosos pa\u00edses para evitar la doble imposici\u00f3n fiscal. Estos convenios prev\u00e9n la desgravaci\u00f3n de la pensi\u00f3n en el pa\u00eds de pago y la imposici\u00f3n solo en el pa\u00eds de residencia.<\/p>\n<p style=\"text-align: justify;\">Italia ha firmado convenios que prev\u00e9n la desgravaci\u00f3n en el pa\u00eds de pago y la imposici\u00f3n en el pa\u00eds de residencia con los siguientes Estados: Albania, Argentina, Australia, Austria, Bangladesh, Bosnia y Herzegovina, B\u00e9lgica, Brasil, Bulgaria, Canad\u00e1, China, Corea del Sur, Costa de Marfil, Croacia, Dinamarca, Ecuador, Egipto, Emiratos \u00c1rabes Unidos, Federaci\u00f3n Rusa, Filipinas, Alemania, Jap\u00f3n, Grecia, India, Indonesia, Irlanda, Israel, Kazajist\u00e1n, Kuwait, Lituania, Macedonia, Malasia, Malta, Marruecos, Mauricio, M\u00e9xico, Noruega, Nueva Zelanda, Pa\u00edses Bajos, Pakist\u00e1n, Polonia, Portugal, Reino Unido, Rep\u00fablica Checa, Rep\u00fablica Federal de Yugoslavia, Rep\u00fablica Eslovaca, Ruman\u00eda, Rusia, Singapur, Eslovenia, Espa\u00f1a, Sri Lanka, EE.UU., Sud\u00e1frica, Suiza, Tanzania, Trinidad y Tobago, T\u00fanez, Turqu\u00eda, Hungr\u00eda, Uni\u00f3n Sovi\u00e9tica, Venezuela, Vietnam, Zambia.<\/p>\n<p>&nbsp;<\/p>\n<p style=\"text-align: justify;\"><strong>RECAUDACI\u00d3N DE LA PENSI\u00d3N<\/strong><br \/>\nLas pensiones en convenio internacional se cobran mediante acuerdos firmados entre el INPS y los diversos institutos bancarios que operan en el extranjero, de acuerdo con las modalidades previstas por los contratos mismos.<\/p>\n<p>&nbsp;<\/p>\n<p style=\"text-align: justify;\"><strong>AUMENTOS DE LAS PENSIONES<\/strong><br \/>\nPor \u00abaumento de las pensiones\u00bb se entiende el aumento previsto por la ley Financiera 2002 de la cuant\u00eda de las prestaciones sociales hasta garantizar un ingreso mensual de 516,46 euros al mes durante trece mensualidades al a\u00f1o.<\/p>\n<p style=\"text-align: justify;\">En r\u00e9gimen de convenio internacional, los aumentos de las prestaciones sociales se aplican sobre las pensiones liquidadas en el extranjero. A partir del 1 de enero de 2003, los ciudadanos italianos (que cumplan con los requisitos de ley y previa verificaci\u00f3n de las condiciones de ingresos) tienen derecho al aumento de la prestaci\u00f3n social, de manera que se garantice un ingreso propio.<\/p>\n<p>&nbsp;<\/p>\n<p style=\"text-align: justify;\"><strong>PAGO EN EL EXTRANJERO DE LAS PENSIONES<\/strong><br \/>\nLas pensiones se pagan a los residentes en el extranjero cada mes.<\/p>\n<p style=\"text-align: justify;\">Las pensiones de importe inferior a un l\u00edmite establecido por ley se pagan con periodicidad semestral, al igual que ocurre con los pensionados en Italia.<\/p>\n<p style=\"text-align: justify;\">El pago de las pensiones puede realizarse mediante el abono en la cuenta corriente del pensionado, siempre que est\u00e9 previsto por un acuerdo convencional entre el INPS y el instituto bancario.<\/p>\n<p style=\"text-align: justify;\">En general, los cheques del INPS se emiten en la moneda del pa\u00eds de residencia del pensionado, a excepci\u00f3n de algunos Estados con monedas no cotizadas en los mercados (como Argentina, Brasil y Venezuela), donde el pago se realiza en d\u00f3lares estadounidenses.<\/p>\n<p>&nbsp;<\/p>\n<p style=\"text-align: justify;\"><strong>CONECTORES INPS Y OFICINAS CONSULARES<\/strong><br \/>\nCon el fin de hacer m\u00e1s pr\u00e1ctica y \u00e1gil la tramitaci\u00f3n de los asuntos de quienes han trabajado en el extranjero, se han activado conexiones telem\u00e1ticas entre el INPS y las Oficinas Consulares en el extranjero. Por lo tanto, los asegurados que viven en el extranjero, al acudir al Consulado, pueden obtener toda la informaci\u00f3n relacionada con su situaci\u00f3n asegurativa en el INPS en Italia y, en particular, cualquier informaci\u00f3n sobre pensiones.<\/p>\n<p>&nbsp;<\/p>\n<p style=\"text-align: justify;\"><strong>APLICACI\u00d3N DE LAS AUTOCERTIFICACIONES EN EL \u00c1MBITO DE LA SEGURIDAD SOCIAL<\/strong><br \/>\nComo resultado de la aplicaci\u00f3n de la ley 127\/97, los ciudadanos italianos residentes en el extranjero pueden reducir significativamente las certificaciones necesarias para obtener las diversas prestaciones en el r\u00e9gimen convencional o no, pudiendo sustituirlas por sus propias declaraciones autocertificativas.<br \/>\nNuestros connacionales residentes en el extranjero pueden enviar a las diversas Instituciones nacionales (INPS, INAIL, Ministerio del Tesoro, etc.) declaraciones espec\u00edficas que tengan valor de autocertificaci\u00f3n y que certifiquen los diversos estados, hechos y calidades personales como t\u00edtulo de estudio, ingresos, calificaci\u00f3n profesional, etc.<\/p>\n","protected":false},"excerpt":{"rendered":"PENSIONES LA SEGURIDAD SOCIAL Por \u00abseguridad social\u00bb se entiende el conjunto de intervenciones destinadas a la prestaci\u00f3n de bienes y servicios a favor de los ciudadanos que se encuentran en condiciones de necesidad; tales intervenciones van desde las atenciones gratuitas a los indigentes, hasta la predisposici\u00f3n e integraci\u00f3n de \u00f3rganos e institutos que aseguren a [&hellip;]","protected":false},"author":1,"featured_media":0,"parent":208,"menu_order":12,"comment_status":"closed","ping_status":"closed","template":"","meta":{"footnotes":""},"class_list":["post-215","page","type-page","status-publish","hentry"],"_links":{"self":[{"href":"https:\/\/amblavana.esteri.it\/es\/wp-json\/wp\/v2\/pages\/215","targetHints":{"allow":["GET"]}}],"collection":[{"href":"https:\/\/amblavana.esteri.it\/es\/wp-json\/wp\/v2\/pages"}],"about":[{"href":"https:\/\/amblavana.esteri.it\/es\/wp-json\/wp\/v2\/types\/page"}],"author":[{"embeddable":true,"href":"https:\/\/amblavana.esteri.it\/es\/wp-json\/wp\/v2\/users\/1"}],"replies":[{"embeddable":true,"href":"https:\/\/amblavana.esteri.it\/es\/wp-json\/wp\/v2\/comments?post=215"}],"version-history":[{"count":3,"href":"https:\/\/amblavana.esteri.it\/es\/wp-json\/wp\/v2\/pages\/215\/revisions"}],"predecessor-version":[{"id":2964,"href":"https:\/\/amblavana.esteri.it\/es\/wp-json\/wp\/v2\/pages\/215\/revisions\/2964"}],"up":[{"embeddable":true,"href":"https:\/\/amblavana.esteri.it\/es\/wp-json\/wp\/v2\/pages\/208"}],"wp:attachment":[{"href":"https:\/\/amblavana.esteri.it\/es\/wp-json\/wp\/v2\/media?parent=215"}],"curies":[{"name":"wp","href":"https:\/\/api.w.org\/{rel}","templated":true}]}}