{"id":214,"date":"2023-04-11T18:19:16","date_gmt":"2023-04-11T22:19:16","guid":{"rendered":"https:\/\/amblavana.esteri.it\/servizi-consolari-e-visti\/servizi-per-il-cittadino-italiano\/servizi-notarili\/"},"modified":"2024-12-19T19:25:30","modified_gmt":"2024-12-19T23:25:30","slug":"servizi-notarili","status":"publish","type":"page","link":"https:\/\/amblavana.esteri.it\/es\/servizi-consolari-e-visti\/servizi-per-il-cittadino-italiano\/servizi-notarili\/","title":{"rendered":"Servicios notariales"},"content":{"rendered":"<p style=\"text-align: justify;\"><strong>NOTARIAL<\/strong><\/p>\n<p style=\"text-align: justify;\">La Oficina Notarial del Consulado est\u00e1 encargada de recibir los actos entre vivos y los de \u00faltima voluntad, de cuidar su dep\u00f3sito y de expedir copias y extractos.<\/p>\n<p style=\"text-align: justify;\">El servicio notarial se debe a los ciudadanos italianos que se encuentren en el extranjero de manera permanente o temporal.<\/p>\n<p style=\"text-align: justify;\">Los servicios notariales m\u00e1s frecuentemente solicitados a una Oficina consular son:<\/p>\n<ol style=\"text-align: justify;\">\n<li>Poderes<\/li>\n<li>Testamento P\u00fablico<\/li>\n<li>Actos P\u00fablicos<\/li>\n<li>Actividades de Autenticaci\u00f3n<\/li>\n<\/ol>\n<p style=\"text-align: justify;\">\n<p style=\"text-align: justify;\">Para concertar una cita para hacer un poder o registrar un testamento, es necesario escribir a consolare.ambavana@esteri.it. Para los otros servicios notariales, es necesario reservar la cita en el portal <a href=\"https:\/\/prenotami.esteri.it\/\">Prenot@mi<\/a> para el servicio \u201cservicios consulares\u201d.<\/p>\n<p style=\"text-align: justify;\">\n<h4><strong>1. PODERES<\/strong><\/h4>\n<p style=\"text-align: justify;\">El poder es un acto mediante el cual se otorga a otra persona la facultad de actuar en nombre y representaci\u00f3n del otorgante y de realizar los actos necesarios para alcanzar un determinado objetivo (por ejemplo, vender, comprar, administrar, hacer donaciones, aceptar donaciones, constituir o disolver sociedades, solicitar publicaciones de matrimonio, etc.).<\/p>\n<p style=\"text-align: justify;\">Los poderes se dividen en dos categor\u00edas:<\/p>\n<p style=\"text-align: justify;\">poderes generales: con estos actos, el interesado confiere al representante la gesti\u00f3n de todos sus asuntos, tanto presentes como futuros. El poder general se otorga por tiempo indefinido.<\/p>\n<p style=\"text-align: justify;\">poderes especiales: con estos actos, el interesado confiere al representante la gesti\u00f3n de una parte de sus asuntos. El poder especial cesa sus efectos en el momento en que se concluye la tarea espec\u00edfica para la cual fue otorgado.<\/p>\n<p>&nbsp;<\/p>\n<h4><strong>2. TESTAMENTO P\u00daBLICO<\/strong><\/h4>\n<p style=\"text-align: justify;\">Entre las actividades propias de la Oficina notarial en un Consulado se incluye la redacci\u00f3n de algunos actos relacionados con las declaraciones de \u00faltima voluntad de personas que se encuentran en el extranjero. El testamento p\u00fablico es la declaraci\u00f3n de voluntad del testador hecha ante un funcionario delegado para funciones notariales en presencia de dos testigos y redactada por escrito. En el testamento secreto, en cambio, las funciones de la Oficina notarial se limitan a la recepci\u00f3n formal del acto (cuyo contenido permanece en secreto) y a su dep\u00f3sito en la Oficina. El testamento ol\u00f3grafo, finalmente, no requiere ser redactado por un funcionario de la Oficina notarial y puede ser depositado en cualquier lugar y ante cualquier persona. Normalmente, se deposita en la Oficina notarial para evitar la posibilidad de p\u00e9rdida y para asegurar su inmediata publicaci\u00f3n a la muerte del testador.<\/p>\n<p style=\"text-align: justify;\">\n<h4><strong>3. ACTOS P\u00daBLICOS<\/strong><\/h4>\n<p style=\"text-align: justify;\">Se trata de una tipolog\u00eda de actos jur\u00eddicos (como, por ejemplo, el acto de donaci\u00f3n) para los cuales la ley exige la forma del acto p\u00fablico.<\/p>\n<p>&nbsp;<\/p>\n<h4><strong>4. ACTIVIDADES DE AUTENTICACI\u00d3N<\/strong><\/h4>\n<p style=\"text-align: justify;\">La actividad de autenticaci\u00f3n es normalmente llevada a cabo por un funcionario p\u00fablico del Consulado, pero tambi\u00e9n puede ser realizada por un funcionario delegado para funciones notariales. Se trata, en particular, de:<\/p>\n<ol style=\"text-align: justify;\">\n<li>AUTENTICACI\u00d3N DE FIRMA: consiste en la certificaci\u00f3n por parte del funcionario p\u00fablico de la procedencia de un acto por parte de la persona que lo ha firmado. Para proceder a la autenticaci\u00f3n de la firma, es necesario presentarse personalmente en la Oficina Notarial con un documento de identificaci\u00f3n y su propio c\u00f3digo fiscal;<\/li>\n<li>AUTENTICACI\u00d3N DE FOTOGRAF\u00cdA: para ello es necesario presentarse personalmente en la Oficina Notarial con un documento de identificaci\u00f3n y tres fotograf\u00edas iguales.<\/li>\n<\/ol>\n<p style=\"text-align: justify;\">\n<h4 style=\"text-align: justify;\"><strong>LA AUTOCERTIFICACI\u00d3N<\/strong><\/h4>\n<p style=\"text-align: justify;\">Por \u201cautocertificaci\u00f3n\u201d se entiende \u201cla certificaci\u00f3n producida por el interesado en sustituci\u00f3n de la normal certificaci\u00f3n\u201d (art.46, DPR 445\/2000). Es decir, representa la posibilidad para el ciudadano de proporcionar la misma informaci\u00f3n que figura en un registro p\u00fablico de manera m\u00e1s simple y con menos cargas.<\/p>\n<p style=\"text-align: justify;\">La posibilidad de recurrir a la autocertificaci\u00f3n est\u00e1 concedida a todos los ciudadanos italianos y de los Pa\u00edses europeos. La facultad de recurrir a declaraciones sustitutorias tambi\u00e9n ha sido extendida a los ciudadanos extracomunitarios que residan legalmente en Italia, limitados a datos verificables o certificables en Italia por sujetos p\u00fablicos.<\/p>\n<p style=\"text-align: justify;\">La autocertificaci\u00f3n y las declaraciones sustitutorias pueden ser utilizadas en las relaciones con la Administraci\u00f3n P\u00fablica y con los concesionarios y gestores de servicios p\u00fablicos. Sin embargo, no pueden ser utilizadas en las relaciones entre privados, salvo que estos lo consientan, y ante la autoridad judicial en el ejercicio de funciones jurisdiccionales.<\/p>\n<p style=\"text-align: justify;\">\n<p style=\"text-align: justify;\"><strong>Certificados sustituidos por la autocertificaci\u00f3n<\/strong><\/p>\n<p style=\"text-align: justify;\">La autocertificaci\u00f3n puede ser sustituida por:<\/p>\n<p>CERTIFICACIONES NORMALES<\/p>\n<p style=\"text-align: justify;\">Se puede recurrir a la autocertificaci\u00f3n en los siguientes casos:<\/p>\n<ul>\n<li style=\"text-align: justify;\">fecha y lugar de nacimiento;<\/li>\n<li style=\"text-align: justify;\">residencia;<\/li>\n<li style=\"text-align: justify;\">nacionalidad;<\/li>\n<li style=\"text-align: justify;\">disfrute de derechos pol\u00edticos;<\/li>\n<li style=\"text-align: justify;\">estado de soltero, casado o viudo;<\/li>\n<li style=\"text-align: justify;\">estado de familia;<\/li>\n<li style=\"text-align: justify;\">existencia en vida;<\/li>\n<li style=\"text-align: justify;\">nacimiento del hijo;<\/li>\n<li style=\"text-align: justify;\">fallecimiento del c\u00f3nyuge, del ascendiente o descendente;<\/li>\n<li style=\"text-align: justify;\">posici\u00f3n en relaci\u00f3n a las obligaciones militares;<\/li>\n<li style=\"text-align: justify;\">inscripci\u00f3n en registros o listas mantenidos por la Administraci\u00f3n P\u00fablica;<\/li>\n<li style=\"text-align: justify;\">t\u00edtulos de estudio adquiridos;<\/li>\n<li style=\"text-align: justify;\">calificaciones profesionales;<\/li>\n<li style=\"text-align: justify;\">ex\u00e1menes universitarios y de estado;<\/li>\n<li style=\"text-align: justify;\">t\u00edtulos de especializaci\u00f3n;<\/li>\n<li style=\"text-align: justify;\">t\u00edtulos de habilitaci\u00f3n;<\/li>\n<li style=\"text-align: justify;\">t\u00edtulos de formaci\u00f3n;<\/li>\n<li style=\"text-align: justify;\">t\u00edtulos de actualizaci\u00f3n;<\/li>\n<li style=\"text-align: justify;\">t\u00edtulos de cualificaci\u00f3n t\u00e9cnica;<\/li>\n<li style=\"text-align: justify;\">situaci\u00f3n econ\u00f3mica o patrimonial, incluso a efectos de concesi\u00f3n de beneficios y ventajas de cualquier tipo previstos por leyes especiales;<\/li>\n<li style=\"text-align: justify;\">cumplimiento de obligaciones contributivas espec\u00edficas con indicaci\u00f3n del importe;<\/li>\n<li style=\"text-align: justify;\">c\u00f3digo fiscal o n\u00famero de IVA;<\/li>\n<li style=\"text-align: justify;\">cualquier dato del registro tributario;<\/li>\n<li style=\"text-align: justify;\">estado de desempleo;<\/li>\n<li style=\"text-align: justify;\">condici\u00f3n de pensionado y categor\u00eda de pensi\u00f3n;<\/li>\n<li style=\"text-align: justify;\">condici\u00f3n de estudiante;<\/li>\n<li style=\"text-align: justify;\">condici\u00f3n de ama de casa;<\/li>\n<li style=\"text-align: justify;\">condici\u00f3n de representante legal de personas f\u00edsicas o jur\u00eddicas, tutor, curador y similares;<\/li>\n<li style=\"text-align: justify;\">inscripci\u00f3n en asociaciones o formaciones sociales de cualquier tipo;<\/li>\n<li style=\"text-align: justify;\">cumplimiento o no de obligaciones militares, incluidos los de art. 77 del D.P.R. n. 237\/64 seg\u00fan modificado por el art. 22 de la ley 958\/86;<\/li>\n<li style=\"text-align: justify;\">ausencia de condenas penales;<\/li>\n<li style=\"text-align: justify;\">condici\u00f3n de carga familiar;<\/li>\n<li style=\"text-align: justify;\">todos los datos a conocimiento directo del interesado contenidos en los registros del estado civil.<\/li>\n<\/ul>\n<p style=\"text-align: justify;\">Modalidades de la declaraci\u00f3n sustituta de certificados:<\/p>\n<p style=\"text-align: justify;\">La declaraci\u00f3n sustituta de las certificaciones normales puede hacerse escribiendo en papel simple y firmando bajo su propia y exclusiva responsabilidad (no es necesario firmar ante el empleado) o completando declaraciones sustitutorias.<br \/>\nAdem\u00e1s, es posible transmitir documentos, actos y certificados por fax, correo o medios telem\u00e1ticos e inform\u00e1ticos a las Administraciones P\u00fablicas.<\/p>\n<p style=\"text-align: justify;\">\n<h4 style=\"text-align: justify;\"><strong>ACTOS NOTORIOS<\/strong><\/h4>\n<p style=\"text-align: justify;\">Los interesados pueden recurrir a la autocertificaci\u00f3n para todos los estados, hechos y calidades personales que no sean certificables por una administraci\u00f3n p\u00fablica, mediante declaraci\u00f3n sustitutivas del acto de notoriedad seg\u00fan el art.47 del DPR 445\/2000. Adem\u00e1s, la declaraci\u00f3n sustitutiva del acto de notoriedad puede referirse tambi\u00e9n a circunstancias relativas a otros sujetos, de las que el declarante tenga conocimiento directo, as\u00ed como la posibilidad de certificar la conformidad al original de una publicaci\u00f3n.<\/p>\n<p style=\"text-align: justify;\">La declaraci\u00f3n sustitutiva de actos notorios puede hacerse declarando hechos, estados o calidades personales a conocimiento directo del interesado ante el funcionario competente para recibir la documentaci\u00f3n, o ante un notario, canciller, secretario municipal u otro funcionario designado por el alcalde. Si se trata de estados, hechos y calidades personales certificables o attestables por otro sujeto p\u00fablico y la administraci\u00f3n considera necesario verificar la veracidad de las declaraciones, tiene a disposici\u00f3n 15 d\u00edas desde las declaraciones para solicitar la documentaci\u00f3n necesaria.<\/p>\n<p style=\"text-align: justify;\"><strong>Validez de las declaraciones sustitutivas de certificaciones normales y de actos notorios:<\/strong><\/p>\n<p style=\"text-align: justify;\">Las declaraciones sustitutas tienen la misma validez que los actos que sustituyen.<br \/>\nNormalmente, los certificados tienen validez por seis meses desde la fecha en que fueron expedidos, salvo que normas legales o reglamentarias dispongan una validez superior. La validez de las certificaciones de registro civil y aquellas relativas al estado civil es prorrogable si el interesado declara que los datos contenidos en el certificado no han sufrido modificaciones y firma dicha declaraci\u00f3n.<br \/>\nTienen validez ilimitada, en cambio, los certificados y las declaraciones sustitutas que atestiguan estados y hechos personales que no est\u00e1n sujetos a modificaciones (certificados de nacimiento, de fallecimiento, t\u00edtulos de estudio, etc.).<\/p>\n<p style=\"text-align: justify;\">\n<p style=\"text-align: justify;\"><strong>\u00bfCu\u00e1les son los casos en los que la autocertificaci\u00f3n NO est\u00e1 NUNCA permitida?<\/strong><\/p>\n<p style=\"text-align: justify;\">La posibilidad de recurrir a la autocertificaci\u00f3n nunca est\u00e1 permitida para los certificados:<\/p>\n<ul>\n<li style=\"text-align: justify;\">m\u00e9dicos;<\/li>\n<li style=\"text-align: justify;\">sanitarios;<\/li>\n<li style=\"text-align: justify;\">veterinarios;<\/li>\n<li style=\"text-align: justify;\">de origen;<\/li>\n<li style=\"text-align: justify;\">de conformidad con la UE;<\/li>\n<li style=\"text-align: justify;\">marcas;<\/li>\n<li style=\"text-align: justify;\">patentes.<\/li>\n<\/ul>\n<p style=\"text-align: justify;\"><strong>\u00a0<\/strong><\/p>\n<p style=\"text-align: justify;\"><strong>Casos en los que la Administraci\u00f3n P\u00fablica NO PUEDE m\u00e1s pedir certificaciones a los ciudadanos<\/strong><\/p>\n<p style=\"text-align: justify;\">En el caso de que se deban certificar los datos relativos a apellido, nombre, lugar y fecha de nacimiento, nacionalidad, estado civil y residencia, la Administraci\u00f3n P\u00fablica no puede m\u00e1s pedir certificaciones, sino que es suficiente la exhibici\u00f3n de un documento de identificaci\u00f3n. El registro de los datos se realiza a trav\u00e9s de la fotocopia no autenticada del documento mismo. Si el documento ya no es v\u00e1lido, el interesado debe declarar, al margen de la fotocopia, que los datos contenidos en el documento no han variado desde la fecha de expedici\u00f3n.<\/p>\n<p style=\"text-align: justify;\">\n<p style=\"text-align: justify;\"><strong>Sanciones para los ciudadanos que proporcionan declaraciones no veraces<\/strong><\/p>\n<p style=\"text-align: justify;\">Si las administraciones tienen dudas sobre la veracidad de las autocertificaciones, est\u00e1n obligadas a realizar los controles necesarios.<br \/>\nEn caso de que se encuentren declaraciones mendaces, la falsedad en los actos y el uso de actos falsos son castigados seg\u00fan el c\u00f3digo penal y las leyes al respecto.<br \/>\nEl declarante adem\u00e1s pierde los beneficios que eventualmente haya obtenido gracias a medidas basadas en declaraciones no veraces.<\/p>\n<p style=\"text-align: justify;\">\n<p style=\"text-align: justify;\"><strong>Documentos de reconocimiento e identidad<\/strong><\/p>\n<p style=\"text-align: justify;\">En todos los casos en los que se requiera un documento de identidad, este puede ser sustituido por un documento de reconocimiento equivalente. Son equivalentes al documento de identidad:<\/p>\n<ul>\n<li style=\"text-align: justify;\">El pasaporte;<\/li>\n<li style=\"text-align: justify;\">La licencia de conducir;<\/li>\n<li style=\"text-align: justify;\">La licencia n\u00e1utica;<\/li>\n<li style=\"text-align: justify;\">El libro de pensiones;<\/li>\n<li style=\"text-align: justify;\">El certificado de habilitaci\u00f3n para la conducci\u00f3n de instalaciones t\u00e9rmicas;<\/li>\n<li style=\"text-align: justify;\">La licencia de armas;<\/li>\n<li style=\"text-align: justify;\">Las tarjetas de reconocimiento emitidas por una Administraci\u00f3n del Estado, siempre que est\u00e9n dotadas de fotograf\u00eda y de sello u otra marca equivalente.<\/li>\n<\/ul>\n<p style=\"text-align: justify;\">En caso de que el documento est\u00e9 caducado, puede ser igualmente exhibido, con una declaraci\u00f3n del interesado en la fotocopia del documento indicando que los datos en \u00e9l contenidos no han cambiado.<\/p>\n","protected":false},"excerpt":{"rendered":"NOTARIAL La Oficina Notarial del Consulado est\u00e1 encargada de recibir los actos entre vivos y los de \u00faltima voluntad, de cuidar su dep\u00f3sito y de expedir copias y extractos. El servicio notarial se debe a los ciudadanos italianos que se encuentren en el extranjero de manera permanente o temporal. Los servicios notariales m\u00e1s frecuentemente solicitados [&hellip;]","protected":false},"author":1,"featured_media":0,"parent":208,"menu_order":10,"comment_status":"closed","ping_status":"closed","template":"","meta":{"footnotes":""},"class_list":["post-214","page","type-page","status-publish","hentry"],"_links":{"self":[{"href":"https:\/\/amblavana.esteri.it\/es\/wp-json\/wp\/v2\/pages\/214","targetHints":{"allow":["GET"]}}],"collection":[{"href":"https:\/\/amblavana.esteri.it\/es\/wp-json\/wp\/v2\/pages"}],"about":[{"href":"https:\/\/amblavana.esteri.it\/es\/wp-json\/wp\/v2\/types\/page"}],"author":[{"embeddable":true,"href":"https:\/\/amblavana.esteri.it\/es\/wp-json\/wp\/v2\/users\/1"}],"replies":[{"embeddable":true,"href":"https:\/\/amblavana.esteri.it\/es\/wp-json\/wp\/v2\/comments?post=214"}],"version-history":[{"count":2,"href":"https:\/\/amblavana.esteri.it\/es\/wp-json\/wp\/v2\/pages\/214\/revisions"}],"predecessor-version":[{"id":2957,"href":"https:\/\/amblavana.esteri.it\/es\/wp-json\/wp\/v2\/pages\/214\/revisions\/2957"}],"up":[{"embeddable":true,"href":"https:\/\/amblavana.esteri.it\/es\/wp-json\/wp\/v2\/pages\/208"}],"wp:attachment":[{"href":"https:\/\/amblavana.esteri.it\/es\/wp-json\/wp\/v2\/media?parent=214"}],"curies":[{"name":"wp","href":"https:\/\/api.w.org\/{rel}","templated":true}]}}