{"id":213,"date":"2023-04-11T18:18:56","date_gmt":"2023-04-11T22:18:56","guid":{"rendered":"https:\/\/amblavana.esteri.it\/servizi-consolari-e-visti\/servizi-per-il-cittadino-italiano\/servizi-elettorali\/"},"modified":"2024-12-19T19:13:23","modified_gmt":"2024-12-19T23:13:23","slug":"servizi-elettorali","status":"publish","type":"page","link":"https:\/\/amblavana.esteri.it\/es\/servizi-consolari-e-visti\/servizi-per-il-cittadino-italiano\/servizi-elettorali\/","title":{"rendered":"Servicios electorales"},"content":{"rendered":"<p style=\"text-align: justify;\">La Oficina de Servicios Electorales se encarga de la gesti\u00f3n de todas las citas electorales nacionales y europeas, en las cuales los ciudadanos con derecho a voto residentes en la circunscripci\u00f3n son llamados a participar.<\/p>\n<h5 style=\"text-align: justify;\">ELECCIONES POL\u00cdTICAS Y REFER\u00c9NDUM<\/h5>\n<p style=\"text-align: justify;\">Los ciudadanos italianos residentes en el extranjero tienen derecho a voto para la elecci\u00f3n de la C\u00e1mara de Diputados y del Senado de la Rep\u00fablica, as\u00ed como para los refer\u00e9ndums populares abrogativos y confirmativos.<\/p>\n<p style=\"text-align: justify;\">Con motivo de las elecciones pol\u00edticas, votan en la Circunscripci\u00f3n del Extranjero para elegir 12 Diputados y 6 Senadores.<\/p>\n<p style=\"text-align: justify;\">La Circunscripci\u00f3n del Extranjero est\u00e1 dividida en 4 reparticiones geogr\u00e1ficas: a) Europa; b) Am\u00e9rica del Sur; c) Am\u00e9rica del Norte y Central; d) \u00c1frica, Asia, Ocean\u00eda y Ant\u00e1rtida.<\/p>\n<p style=\"text-align: justify;\">Los electores votan por las listas presentadas en las reparticiones geogr\u00e1ficas de su respectiva residencia. En cada repartici\u00f3n se elige un Diputado y un Senador, mientras que los esca\u00f1os restantes se distribuyen entre las reparticiones en proporci\u00f3n al n\u00famero de residentes.<\/p>\n<p style=\"text-align: justify;\">Tienen derecho a voto todos los ciudadanos italianos residentes en el extranjero que hayan cumplido 18 a\u00f1os (para la elecci\u00f3n de la C\u00e1mara) y 25 a\u00f1os (para el Senado), y que est\u00e9n inscritos en las listas electorales que se elaborar\u00e1n sobre la base de un censo actualizado de residentes en el extranjero, fruto de la unificaci\u00f3n del AIRE de los Municipios y de los registros consulares.<\/p>\n<p style=\"text-align: justify;\">Para favorecer la actualizaci\u00f3n de los datos, la Ley 459 dispone la obligaci\u00f3n, para los electores, de comunicar a la Oficina consular sus datos actualizados.<\/p>\n<p style=\"text-align: justify;\">Los candidatos incluidos en las listas electorales presentadas en cada repartici\u00f3n geogr\u00e1fica deben ser residentes y electores de dicha repartici\u00f3n.<\/p>\n<p style=\"text-align: justify;\">El voto de los ciudadanos italianos residentes en el extranjero se emite por correo. Hasta 18 d\u00edas antes de la fecha de las elecciones, la Oficina consular env\u00eda a todos los electores un paquete que contiene el certificado electoral; la boleta o boletas electorales con un sobre peque\u00f1o para introducirlas, as\u00ed como un sobre grande prefranqueado con la direcci\u00f3n de la misma Oficina consular; las listas de candidatos; una hoja explicativa sobre las modalidades de votaci\u00f3n; el texto de la Ley 459\/2001. El elector debe enviar las boletas votadas a la Oficina consular hasta 10 d\u00edas antes de la fecha de las elecciones. La Oficina consular se encarga del r\u00e1pido env\u00edo de las boletas a Italia, de manera que el escrutinio pueda realizarse conjuntamente con el de las boletas votadas en el territorio nacional.<\/p>\n<p style=\"text-align: justify;\">Los electores que, a 14 d\u00edas de la fecha de las elecciones, no hayan recibido el paquete electoral pueden solicitarlo present\u00e1ndose personalmente a su Oficina consular.<\/p>\n<p style=\"text-align: justify;\">Las Representaciones diplom\u00e1ticas concluyen acuerdos con los Gobiernos de los Estados donde residen ciudadanos italianos para garantizar que el voto por correo se ejerza en condiciones de igualdad, libertad y secreto; y que no se derive ning\u00fan perjuicio en el puesto de trabajo y los derechos de los electores. Los ciudadanos italianos residentes en los Pa\u00edses con los que no se haya podido concluir tales acuerdos podr\u00e1n votar exclusivamente regresando a Italia.<\/p>\n<p style=\"text-align: justify;\">Asimismo, el desarrollo de la campa\u00f1a electoral se regular\u00e1 mediante formas adecuadas de colaboraci\u00f3n con los Gobiernos extranjeros, cuya falta de instauraci\u00f3n, a diferencia de lo que ocurre con los acuerdos mencionados anteriormente, no impedir\u00e1 el ejercicio del voto por correo.<\/p>\n<p style=\"text-align: justify;\">Los ciudadanos italianos residentes en el extranjero no tienen la obligaci\u00f3n de votar por correo. La Ley 459 prev\u00e9 que el elector pueda optar por ejercer su derecho a voto en Italia, regresando al territorio nacional y votando por los candidatos que se presenten en la circunscripci\u00f3n correspondiente a la secci\u00f3n electoral nacional en la que est\u00e1 inscrito.<\/p>\n<p style=\"text-align: justify;\">El elector que desee regresar a Italia para votar deber\u00e1 notificarlo por escrito a su Oficina consular antes del 31 de diciembre del a\u00f1o anterior al vencimiento natural de la legislatura o, en caso de disoluci\u00f3n anticipada de las C\u00e1maras, dentro de los 10 d\u00edas siguientes a la convocatoria de elecciones. La opci\u00f3n es v\u00e1lida para una \u00fanica consulta electoral o referendaria.<\/p>\n<p style=\"text-align: justify;\">No se prev\u00e9 ning\u00fan tipo de reembolso por los gastos de viaje incurridos por el elector que haya optado por ejercer su voto en Italia.<\/p>\n<p style=\"text-align: justify;\">El voto en Italia sigue siendo el m\u00e9todo obligatorio para los ciudadanos italianos residentes en los Pa\u00edses con cuyo Gobierno no ha sido posible celebrar los acuerdos mencionados, as\u00ed como para aquellos residentes en Pa\u00edses cuya situaci\u00f3n pol\u00edtico-social no garantice, ni siquiera temporalmente, el respeto a las condiciones objeto de tales acuerdos. En tales casos, y adem\u00e1s para los electores que residan en Pa\u00edses sin Representaciones diplom\u00e1ticas italianas, se prev\u00e9 el derecho al reembolso del 75% de los gastos de viaje para el regreso a Italia. A tal efecto, el elector deber\u00e1 presentar una solicitud adecuada a su Oficina consular, acompa\u00f1ada del certificado electoral y del boleto de viaje.<\/p>\n","protected":false},"excerpt":{"rendered":"La Oficina de Servicios Electorales se encarga de la gesti\u00f3n de todas las citas electorales nacionales y europeas, en las cuales los ciudadanos con derecho a voto residentes en la circunscripci\u00f3n son llamados a participar. ELECCIONES POL\u00cdTICAS Y REFER\u00c9NDUM Los ciudadanos italianos residentes en el extranjero tienen derecho a voto para la elecci\u00f3n de la [&hellip;]","protected":false},"author":1,"featured_media":0,"parent":208,"menu_order":8,"comment_status":"closed","ping_status":"closed","template":"","meta":{"footnotes":""},"class_list":["post-213","page","type-page","status-publish","hentry"],"_links":{"self":[{"href":"https:\/\/amblavana.esteri.it\/es\/wp-json\/wp\/v2\/pages\/213","targetHints":{"allow":["GET"]}}],"collection":[{"href":"https:\/\/amblavana.esteri.it\/es\/wp-json\/wp\/v2\/pages"}],"about":[{"href":"https:\/\/amblavana.esteri.it\/es\/wp-json\/wp\/v2\/types\/page"}],"author":[{"embeddable":true,"href":"https:\/\/amblavana.esteri.it\/es\/wp-json\/wp\/v2\/users\/1"}],"replies":[{"embeddable":true,"href":"https:\/\/amblavana.esteri.it\/es\/wp-json\/wp\/v2\/comments?post=213"}],"version-history":[{"count":2,"href":"https:\/\/amblavana.esteri.it\/es\/wp-json\/wp\/v2\/pages\/213\/revisions"}],"predecessor-version":[{"id":2954,"href":"https:\/\/amblavana.esteri.it\/es\/wp-json\/wp\/v2\/pages\/213\/revisions\/2954"}],"up":[{"embeddable":true,"href":"https:\/\/amblavana.esteri.it\/es\/wp-json\/wp\/v2\/pages\/208"}],"wp:attachment":[{"href":"https:\/\/amblavana.esteri.it\/es\/wp-json\/wp\/v2\/media?parent=213"}],"curies":[{"name":"wp","href":"https:\/\/api.w.org\/{rel}","templated":true}]}}