{"id":210,"date":"2023-04-11T18:17:44","date_gmt":"2023-04-11T22:17:44","guid":{"rendered":"https:\/\/amblavana.esteri.it\/servizi-consolari-e-visti\/servizi-per-il-cittadino-italiano\/emergency-travel-documents-etd\/"},"modified":"2025-12-09T12:14:09","modified_gmt":"2025-12-09T16:14:09","slug":"emergency-travel-documents-etd","status":"publish","type":"page","link":"https:\/\/amblavana.esteri.it\/es\/servizi-consolari-e-visti\/servizi-per-il-cittadino-italiano\/emergency-travel-documents-etd\/","title":{"rendered":"Documentos de viaje de emergencia (ETD)"},"content":{"rendered":"<p style=\"text-align: justify;\">El ciudadano italiano que estando temporalmente en Cuba sufra el robo\/p\u00e9rdida de su documento de identidad, podr\u00e1 solicitar la expedici\u00f3n de un documento de viaje con validez limitada al regreso a Italia.<\/p>\n<p style=\"text-align: justify;\">Para obtener este documento ser\u00e1 necesario presentarse en la Canciller\u00eda Consular con la siguiente documentaci\u00f3n:<\/p>\n<ul style=\"text-align: justify;\">\n<li style=\"text-align: justify;\">denuncia de robo o extrav\u00edo del pasaporte presentada ante las Autoridades Policiales;<\/li>\n<li>otro documento de identidad, si disponible;<\/li>\n<li style=\"text-align: justify;\">1 fotograf\u00eda frontal a color, tama\u00f1o pasaporte;<\/li>\n<li style=\"text-align: justify;\">billete de avi\u00f3n o hoja de reserva de viaje.<\/li>\n<\/ul>\n<p><strong>Nota:<\/strong> El documento provisional de viaje tiene una validez m\u00e1xima de 7 d\u00edas, por lo que puede expedirse en fechas pr\u00f3ximas al viaje de vuelta.<\/p>\n","protected":false},"excerpt":{"rendered":"El ciudadano italiano que estando temporalmente en Cuba sufra el robo\/p\u00e9rdida de su documento de identidad, podr\u00e1 solicitar la expedici\u00f3n de un documento de viaje con validez limitada al regreso a Italia. Para obtener este documento ser\u00e1 necesario presentarse en la Canciller\u00eda Consular con la siguiente documentaci\u00f3n: denuncia de robo o extrav\u00edo del pasaporte presentada [&hellip;]","protected":false},"author":1,"featured_media":0,"parent":208,"menu_order":2,"comment_status":"closed","ping_status":"closed","template":"","meta":{"footnotes":""},"class_list":["post-210","page","type-page","status-publish","hentry"],"_links":{"self":[{"href":"https:\/\/amblavana.esteri.it\/es\/wp-json\/wp\/v2\/pages\/210","targetHints":{"allow":["GET"]}}],"collection":[{"href":"https:\/\/amblavana.esteri.it\/es\/wp-json\/wp\/v2\/pages"}],"about":[{"href":"https:\/\/amblavana.esteri.it\/es\/wp-json\/wp\/v2\/types\/page"}],"author":[{"embeddable":true,"href":"https:\/\/amblavana.esteri.it\/es\/wp-json\/wp\/v2\/users\/1"}],"replies":[{"embeddable":true,"href":"https:\/\/amblavana.esteri.it\/es\/wp-json\/wp\/v2\/comments?post=210"}],"version-history":[{"count":4,"href":"https:\/\/amblavana.esteri.it\/es\/wp-json\/wp\/v2\/pages\/210\/revisions"}],"predecessor-version":[{"id":3952,"href":"https:\/\/amblavana.esteri.it\/es\/wp-json\/wp\/v2\/pages\/210\/revisions\/3952"}],"up":[{"embeddable":true,"href":"https:\/\/amblavana.esteri.it\/es\/wp-json\/wp\/v2\/pages\/208"}],"wp:attachment":[{"href":"https:\/\/amblavana.esteri.it\/es\/wp-json\/wp\/v2\/media?parent=210"}],"curies":[{"name":"wp","href":"https:\/\/api.w.org\/{rel}","templated":true}]}}