{"id":207,"date":"2023-04-11T17:08:57","date_gmt":"2023-04-11T21:08:57","guid":{"rendered":"https:\/\/amblavana.esteri.it\/servizi-consolari-e-visti\/"},"modified":"2025-08-28T13:40:28","modified_gmt":"2025-08-28T17:40:28","slug":"servizi-consolari-e-visti","status":"publish","type":"page","link":"https:\/\/amblavana.esteri.it\/es\/servizi-consolari-e-visti\/","title":{"rendered":"Servicios Consulares y Visas"},"content":{"rendered":"<div id=\"divNavigation62\"><\/div>\n<p style=\"text-align: justify;\">La Oficina Consular de la Embajada garantiza la <strong>protecci\u00f3n de los ciudadanos italianos<\/strong> fuera de las fronteras nacionales y <strong>ofrece una variedad de servicios<\/strong>, seg\u00fan los principios de igualdad, imparcialidad, buen desempe\u00f1o, eficiencia y transparencia.<\/p>\n<p style=\"text-align: justify;\">La Oficina recibe al p\u00fablico <strong>de lunes a viernes, de 9.00 a 13.00 horas, previa cita a trav\u00e9s del portal <a href=\"https:\/\/prenotami.esteri.it\/\">Prenot@mi<\/a><\/strong><\/p>\n<p style=\"text-align: justify;\">Para conocer las <strong>tasas<\/strong> a pagar por los servicios consulares, se invita a los usuarios a consultar el <strong>Cuadro adjunto al Decreto Legislativo. lgs. 71\/2011.\u00a0<\/strong>Se informa que, a partir del 1 gennaio 2025, se incrementar\u00e1n algunas tasas; por eso se considere tambi\u00e9n lo establecido por\u00a0 el Decreto Legislativo 139\/2024.<\/p>\n<div>\n<p>&nbsp;<\/p>\n<\/div>\n<h3><span style=\"text-decoration: underline;\"><strong>FORMULARIOS<\/strong><\/span><\/h3>\n<div>\n<p><strong>Ciudadan\u00eda\u00a0<\/strong><\/p>\n<ul>\n<li><a href=\"https:\/\/amblavana.esteri.it\/wp-content\/uploads\/2025\/08\/NUOVA-Istanza-riconoscimento-cittadinanza-italiana-ius-sanguinis-ESP.pdf\">Solicitud de reconocimiento de la ciudadania italiana &lt;&lt;iure sanguinis&gt;&gt;<\/a><\/li>\n<\/ul>\n<p><strong>Visados<\/strong><\/p>\n<\/div>\n<ul>\n<li><a href=\"https:\/\/amblavana.esteri.it\/wp-content\/uploads\/2023\/08\/Richiesta-visto-Nazionale-D.pdf\">Solicitud de visado Nacional (D)<\/a><\/li>\n<li><a href=\"https:\/\/amblavana.esteri.it\/wp-content\/uploads\/2025\/08\/2024.08.16-Nuovo-formulario-Visto-C-bilingue.pdf\">Solicitud visado Schengen (C)<\/a><\/li>\n<li><a href=\"https:\/\/amblavana.esteri.it\/wp-content\/uploads\/2024\/02\/Dichiarazione-alloggio-e-garanzia.pdf\">Declaraci\u00f3n de alojamiento y garant\u00eda<\/a><\/li>\n<li><a href=\"https:\/\/amblavana.esteri.it\/wp-content\/uploads\/2025\/08\/Visado-por-Motivos-Familiares.pdf\">Visado por Motivos Familiares<\/a><\/li>\n<li><a href=\"https:\/\/amblavana.esteri.it\/wp-content\/uploads\/2025\/08\/Visado-por-Turismo-Visita-a-Familiares-y-Amigos.pdf\">Visado por Turismo &#8211; Visita a Familiares y Amigos<\/a><\/li>\n<li><a href=\"https:\/\/amblavana.esteri.it\/wp-content\/uploads\/2025\/08\/Visado-por-Turismo.pdf\">Visado por Turismo<\/a><\/li>\n<li><a href=\"https:\/\/amblavana.esteri.it\/wp-content\/uploads\/2025\/08\/Visado-de-Estudio.pdf\">Visado de Estudio<\/a><\/li>\n<li><a href=\"https:\/\/amblavana.esteri.it\/wp-content\/uploads\/2024\/02\/Lettera-dInvito-per-Affari.doc\">Carta de invitaci\u00f3n Negocios\u00a0<\/a><\/li>\n<li><a href=\"https:\/\/amblavana.esteri.it\/wp-content\/uploads\/2025\/08\/Visado-de-Negocios.pdf\">Visado de Negocios<\/a><\/li>\n<\/ul>\n<p><strong>Otro<\/strong><\/p>\n<ul>\n<li><a href=\"https:\/\/amblavana.esteri.it\/wp-content\/uploads\/2025\/01\/Informativa-TDP-per-cittadinanza-feb.-2023-ESP.pdf\">Informaci\u00f3n sobre TDP con fines de reconocimiento de la ciudadan\u00eda italiana iure sanguinis<\/a><\/li>\n<li><a href=\"https:\/\/amblavana.esteri.it\/wp-content\/uploads\/2025\/01\/Informativa-TDP-per-servizi-consolari-feb.2023-ESP.pdf\">Informaci\u00f3n sobre el tratamiento de TDP para la prestaci\u00f3n de servicios consulares<\/a><\/li>\n<\/ul>\n<div><\/div>\n<div><\/div>\n","protected":false},"excerpt":{"rendered":"La Oficina Consular de la Embajada garantiza la protecci\u00f3n de los ciudadanos italianos fuera de las fronteras nacionales y ofrece una variedad de servicios, seg\u00fan los principios de igualdad, imparcialidad, buen desempe\u00f1o, eficiencia y transparencia. La Oficina recibe al p\u00fablico de lunes a viernes, de 9.00 a 13.00 horas, previa cita a trav\u00e9s del portal [&hellip;]","protected":false},"author":1,"featured_media":0,"parent":0,"menu_order":6,"comment_status":"closed","ping_status":"closed","template":"","meta":{"footnotes":""},"class_list":["post-207","page","type-page","status-publish","hentry"],"_links":{"self":[{"href":"https:\/\/amblavana.esteri.it\/es\/wp-json\/wp\/v2\/pages\/207","targetHints":{"allow":["GET"]}}],"collection":[{"href":"https:\/\/amblavana.esteri.it\/es\/wp-json\/wp\/v2\/pages"}],"about":[{"href":"https:\/\/amblavana.esteri.it\/es\/wp-json\/wp\/v2\/types\/page"}],"author":[{"embeddable":true,"href":"https:\/\/amblavana.esteri.it\/es\/wp-json\/wp\/v2\/users\/1"}],"replies":[{"embeddable":true,"href":"https:\/\/amblavana.esteri.it\/es\/wp-json\/wp\/v2\/comments?post=207"}],"version-history":[{"count":8,"href":"https:\/\/amblavana.esteri.it\/es\/wp-json\/wp\/v2\/pages\/207\/revisions"}],"predecessor-version":[{"id":3523,"href":"https:\/\/amblavana.esteri.it\/es\/wp-json\/wp\/v2\/pages\/207\/revisions\/3523"}],"wp:attachment":[{"href":"https:\/\/amblavana.esteri.it\/es\/wp-json\/wp\/v2\/media?parent=207"}],"curies":[{"name":"wp","href":"https:\/\/api.w.org\/{rel}","templated":true}]}}