{"id":2037,"date":"2023-10-26T16:25:09","date_gmt":"2023-10-26T20:25:09","guid":{"rendered":"https:\/\/amblavana.esteri.it\/?page_id=2037"},"modified":"2024-09-10T17:50:15","modified_gmt":"2024-09-10T21:50:15","slug":"preguntas-frecuentes","status":"publish","type":"page","link":"https:\/\/amblavana.esteri.it\/es\/servizi-consolari-e-visti\/servizi-per-il-cittadino-italiano\/preguntas-frecuentes\/","title":{"rendered":"Preguntas frecuentes"},"content":{"rendered":"<h3 style=\"text-align: justify;\">AIRE<\/h3>\n<p style=\"text-align: justify;\"><strong>\u00bfEs importante registrarse en AIRE?<\/strong><br \/>\nEs muy importante. AIRE permite al Estado italiano:<\/p>\n<ul style=\"text-align: justify;\">\n<li>garantizar y facilitar el ejercicio de los derechos pol\u00edticos (voto pol\u00edtico, votaciones y nominaciones para \u00f3rganos representativos);<\/li>\n<li>planificar de forma m\u00e1s racional las intervenciones de la Administraci\u00f3n P\u00fablica en favor de las comunidades de italianos residentes en el extranjero;<\/li>\n<li>prestar los servicios administrativos y las intervenciones de asistencia a los ciudadanos italianos residentes en el extranjero.<\/li>\n<\/ul>\n<p style=\"text-align: justify;\"><strong>\u00bfQui\u00e9n debe registrarse en AIRE?<\/strong><br \/>\nDebes registrarte:<\/p>\n<ul style=\"text-align: justify;\">\n<li>Ciudadanos italianos que hayan trasladado su residencia al extranjero;<\/li>\n<li>personas nacidas en el extranjero que adquirieron la ciudadan\u00eda italiana por nacimiento;<\/li>\n<li>personas que hayan adquirido la ciudadan\u00eda italiana en el extranjero.<\/li>\n<\/ul>\n<p style=\"text-align: justify;\"><strong>\u00bfQui\u00e9n NO debe registrarse en AIRE?<\/strong><br \/>\nLos ciudadanos que viajan al extranjero de forma temporal o estacional por un per\u00edodo no superior a doce meses no necesitan registrarse.<\/p>\n<p style=\"text-align: justify;\"><strong>\u00bfC\u00f3mo se actualiza AIRE?<\/strong><br \/>\nLa actualizaci\u00f3n depende de cada uno de nosotros. Todo ciudadano italiano residente en el extranjero debe comunicar a la Oficina Consular competente:<\/p>\n<ul style=\"text-align: justify;\">\n<li>el traslado de residencia o domicilio;<\/li>\n<li>cambios de estado civil (matrimonios, divorcios, nacimientos, etc.);<\/li>\n<li>el cambio de cualificaci\u00f3n profesional y de cualificaci\u00f3n educativa.<\/li>\n<\/ul>\n<p style=\"text-align: justify;\"><strong>ESTADO CIVIL<\/strong><\/p>\n<p style=\"text-align: justify;\"><strong>\u00bfPor qu\u00e9 hay que legalizar los documentos cubanos?<\/strong><br \/>\nPorque tal como est\u00e1n no pueden tener valor en Italia. De hecho, provienen de un sistema extranjero y no est\u00e1n reconocidos en el nuestro. Por lo tanto, es necesario que el Ministerio de Relaciones Exteriores de Cuba legalice la firma del funcionario p\u00fablico que firm\u00f3 el documento cubano. A su vez, la Embajada de Italia legaliza la firma y el sello del Ministerio de Asuntos Exteriores y as\u00ed el documento o escritura puede tener valor en nuestro pa\u00eds.<\/p>\n<p style=\"text-align: justify;\"><strong>\u00bfQu\u00e9 debe hacer un ciudadano italiano residente en el extranjero para registrar a su familia?<\/strong><br \/>\nLos ciudadanos italianos est\u00e1n obligados a registrar en Italia todos los cambios de estado civil (matrimonio, nacimiento, defunci\u00f3n de familiares nacidos en Italia). Por lo tanto, es necesario presentar todos los certificados legalizados pertinentes en la Oficina Consular acompa\u00f1ados de un comprobante de ciudadan\u00eda italiana en el momento del evento (pasaporte).<\/p>\n<p style=\"text-align: justify;\"><strong>Divorcios<\/strong><br \/>\nPara registrar una sentencia de divorcio en Italia, el ciudadano italiano debe presentar los siguientes documentos:<\/p>\n<ol style=\"text-align: justify;\">\n<li>Copia \u00edntegra de la sentencia que resulte en sentencia firme dictada por el Tribunal competente, legalizada por el Ministerio de Relaciones Exteriores de Cuba;<\/li>\n<li>Traducci\u00f3n al italiano, realizada por traductor autorizado, de dicha frase;<\/li>\n<li>Pasaporte v\u00e1lido; Fotocopia de los documentos antes mencionados;<\/li>\n<li>Solicitud en papel simple de transcripci\u00f3n de sentencia y declaraci\u00f3n en sustituci\u00f3n de declaraci\u00f3n jurada acreditando que no existe ning\u00fan procedimiento similar entre las mismas partes, pendiente ante el juez italiano, iniciado antes del juicio.<\/li>\n<\/ol>\n<p style=\"text-align: justify;\"><strong>ESCRITURAS DE NOTARIO<\/strong><\/p>\n<p style=\"text-align: justify;\"><strong>\u00bfQu\u00e9 tipo de acciones se pueden realizar en la Embajada en Cuba?<\/strong><br \/>\nTodos aquellos documentos que se reciben o otorgan en Italia en Notar\u00edas, tales como:<\/p>\n<ul style=\"text-align: justify;\">\n<li>Poderes generales y especiales;<\/li>\n<li>Hechos de notoriedad;<\/li>\n<li>Autenticaciones de firma;<\/li>\n<li>Declaraciones en lugar de declaraciones juradas, etc.<\/li>\n<\/ul>\n<p style=\"text-align: justify;\">Sin embargo, la Oficina no puede proporcionar asistencia jur\u00eddica directa. Adem\u00e1s, si se necesita este tipo de asistencia, es posible obtener una lista de bufetes de abogados a los que se les permite tener clientes extranjeros.<\/p>\n<p style=\"text-align: justify;\"><strong>Para realizar un poder, \u00bfqu\u00e9 datos es necesario proporcionar?<\/strong><br \/>\nEn primer lugar deber\u00e1 acreditar su identidad personal, mostrando al funcionario p\u00fablico un documento de identidad del que se puedan deducir, al mismo tiempo, los siguientes datos: nombre y apellidos, fecha y lugar de nacimiento.<br \/>\nPara los ciudadanos italianos, por ejemplo, basta con mostrar el pasaporte. Estos datos podr\u00e1n luego integrarse con especificaciones adicionales: residencia, c\u00f3digo fiscal (cuando sea posible), actividad profesional realizada por la parte.<\/p>\n<p style=\"text-align: justify;\"><strong>\u00bfQu\u00e9 otros datos hay que facilitar?<\/strong><br \/>\nQuien otorga el poder tambi\u00e9n deber\u00e1 proporcionar datos completos y precisos de la persona que ser\u00e1 designada como su apoderado. Y deber\u00e1, en relaci\u00f3n con el objeto del poder, poder proporcionar otras informaciones. Por ejemplo, para que un poder pueda vender, usted debe poder identificar la propiedad que se va a vender. Si se trata de un poder para disputas, a menos que sea general, debe poder proporcionar informaci\u00f3n sobre la disputa (caso, procedimiento, litigio, etc.) en curso.<\/p>\n<p style=\"text-align: justify;\"><strong>\u00bfDocumentos como poderes, firmas autenticadas y declaraciones juradas pueden realizarse \u00fanicamente en la Embajada?<\/strong><br \/>\nNo necesariamente. Tambi\u00e9n pueden ser recibidos por Notarios locales. Pero para que estos actos puedan aplicarse en Italia, deben ser legalizados por el Ministerio de Asuntos Exteriores local y posteriormente por la Embajada.<\/p>\n<p style=\"text-align: justify;\"><strong>\u00bfEn qu\u00e9 condiciones la legislaci\u00f3n italiana permite declaraciones en lugar de declaraciones juradas?<\/strong><br \/>\nSe trata de declaraciones, ya no necesariamente sujetas a autenticaci\u00f3n de firma, relativas a hechos, estados y cualidades personales del interesado, o de las que el propio interesado, si se refiere a terceros, tiene conocimiento directo. La ley permite que puedan ser realizadas por ciudadanos italianos, ciudadanos de pa\u00edses miembros de la Uni\u00f3n Europea y ciudadanos extracomunitarios residentes en Italia para acreditar estados, hechos y cualidades personales que pueden ser certificados por entidades p\u00fablicas o privadas italianas. Por lo tanto, los ciudadanos cubanos que no residen en nuestro pa\u00eds no son elegibles para estas declaraciones sustitutivas.<\/p>\n<p style=\"text-align: justify;\"><strong>\u00bfLa Oficina Consular traduce del espa\u00f1ol los documentos cubanos a legalizar?<\/strong><br \/>\nNo, la Canciller\u00eda no realiza las traducciones que puedan solicitarse a los traductores oficiales. Tambi\u00e9n cabe precisar que, para determinados documentos jur\u00eddicos, se requiere necesariamente la presencia de un int\u00e9rprete oficial para protecci\u00f3n del interesado y por su cuenta.<\/p>\n<p style=\"text-align: justify;\"><strong>\u00bfQuieres renovar tu permiso de conducir italiano?<\/strong><br \/>\nLa Canciller\u00eda Consular se encarga de la renovaci\u00f3n del permiso de conducir italiano de los ciudadanos italianos residentes en el extranjero y registrados en AIRE previa presentaci\u00f3n del permiso de conducir italiano y del certificado m\u00e9dico expedido por uno de los m\u00e9dicos de confianza del Consulado. La licencia no debe haber caducado por m\u00e1s de 3 a\u00f1os.<\/p>\n<h2 style=\"text-align: justify;\"><strong>PASAPORTES<\/strong><\/h2>\n<p style=\"text-align: justify;\"><strong>\u00bfQui\u00e9n puede solicitar la expedici\u00f3n de un pasaporte en la Embajada de Italia en La Habana?<\/strong><br \/>\nTodos los ciudadanos italianos residentes en Cuba, incluso aquellos que no residen en Cuba pueden solicitar la emisi\u00f3n de un pasaporte, pero en este caso es necesario esperar a la Nulla Osta de la Oficina (Jefatura de Polic\u00eda o Consulado Italiano) competente en el territorio. de residencia.<\/p>\n<p style=\"text-align: justify;\"><strong>\u00bfCu\u00e1nto tiempo es v\u00e1lido el pasaporte?<\/strong><br \/>\nEl pasaporte se expide con una validez de diez a\u00f1os, transcurridos los cuales se debe solicitar un nuevo documento.<\/p>\n<p style=\"text-align: justify;\"><strong>\u00bfQu\u00e9 se debe hacer y cu\u00e1nto tiempo se tarda en obtener un nuevo pasaporte?<\/strong><br \/>\nEs necesario reservar una cita en <a href=\"https:\/\/prenotami.esteri.it\">Reserva Online<\/a> y seguir las instrucciones contenidas en el portal. Si la documentaci\u00f3n presentada est\u00e1 completa, el pasaporte ser\u00e1 expedido el mismo d\u00eda de la cita en la Embajada.<\/p>\n<p style=\"text-align: justify;\"><strong>\u00bfQu\u00e9 debo hacer si me roban o pierdo mi pasaporte anterior?<\/strong><br \/>\nEs necesario presentar en la Oficina Consular la correspondiente denuncia de robo o extrav\u00edo realizada ante la autoridad policial local competente, dos fotograf\u00edas tama\u00f1o pasaporte y cuantos otros documentos sean necesarios para acreditar su identidad. Se expedir\u00e1 un documento de repatriaci\u00f3n gratuito en sustituci\u00f3n del pasaporte, v\u00e1lido \u00fanicamente para el viaje de regreso a Italia.<br \/>\nSi el compatriota reside en el Distrito Consular, se iniciar\u00e1 el tr\u00e1mite para la expedici\u00f3n de un duplicado de pasaporte.<\/p>\n<p style=\"text-align: justify;\"><strong>\u00bfQu\u00e9 se debe hacer si el otro progenitor niega el consentimiento para el menor?<\/strong><br \/>\nEs necesario presentar una declaraci\u00f3n ilustrando los motivos de la falta de consentimiento, completa con el \u00faltimo domicilio del otro progenitor, para que el Registro Consular pueda contactarlo directamente.<\/p>\n<p style=\"text-align: justify;\"><strong>\u00bfEl consentimiento del c\u00f3nyuge o del hijo menor s\u00f3lo puede expresarse personalmente?<\/strong><br \/>\nNo, tambi\u00e9n se acepta una declaraci\u00f3n de consentimiento expreso firmada y firmada ante una autoridad italiana o ante un notario cubano, en cuyo caso deber\u00e1 estar legalizada por el Ministerio de Relaciones Exteriores de Cuba.<\/p>\n<p style=\"text-align: justify;\"><strong>\u00bfPuede una mujer tener su apellido de casada en su pasaporte?<\/strong><br \/>\nS\u00ed. A petici\u00f3n expresa suya, el apellido de casada se anotar\u00e1 en la libreta, siempre que el matrimonio haya tenido lugar en Italia o est\u00e9 debidamente transcrito, si tuvo lugar en el extranjero.<\/p>\n<p style=\"text-align: justify;\"><strong>\u00bfLos residentes de origen italiano nacidos en el extranjero y que nunca han tenido un pasaporte italiano pueden solicitarlo en cualquier momento?<\/strong><br \/>\nS\u00ed, si el nacimiento ya est\u00e1 inscrito en los Registros del Estado Civil de un municipio italiano. En caso contrario, deber\u00e1 contactar primero con la Oficina de Ciudadan\u00eda de esta Oficina Consular y obtener cualquier reconocimiento de ciudadan\u00eda italiana.<\/p>\n<p style=\"text-align: justify;\"><strong>ASISTENCIA<\/strong><br \/>\n<strong>\u00bfSe encuentra en dificultades por falta de medios econ\u00f3micos?<\/strong><br \/>\nEl compatriota presente en la circunscripci\u00f3n consular puede dirigirse a la Oficina de Asistencia Social cuando, por emergencias graves y repentinas, se encuentre ante necesidades econ\u00f3micas que no puedan resolverse con la ayuda de familiares y conocidos.<br \/>\nLa Oficina Consular evaluar\u00e1 las solicitudes con base en la legislaci\u00f3n vigente para verificar el estado real de necesidad del compatriota.<\/p>\n<p style=\"text-align: justify;\"><strong>\u00bfTiene dificultades por cuestiones civiles o penales?<\/strong><br \/>\nLa Oficina Consular visita a los compatriotas detenidos en las c\u00e1rceles del distrito consular pero no brinda asistencia jur\u00eddica. La Canciller\u00eda Consular asesora a abogados locales, pero no paga sus honorarios, los cuales son responsabilidad de los interesados \u200b\u200bo sus familiares.<\/p>\n<p style=\"text-align: justify;\"><strong>\u00bfHa fallecido alg\u00fan familiar suyo?<\/strong><br \/>\nLamentablemente, incluso en los acontecimientos familiares dolorosos existe un aspecto burocr\u00e1tico. En tales circunstancias intentamos facilitar al m\u00e1ximo el cumplimiento de las obligaciones operando con la rapidez necesaria. Por lo tanto, les pedimos que sigan las informaciones a su regreso a Italia. La Oficina de Asistencia solicitar\u00e1 inmediatamente la autorizaci\u00f3n necesaria a la Prefectura italiana competente y traducir\u00e1 la documentaci\u00f3n presentada por la funeraria.<\/p>\n<p style=\"text-align: justify;\"><strong>En caso de regreso permanente a Italia, \u00bftengo derecho a alguna prestaci\u00f3n?<\/strong><br \/>\nLos compatriotas que residan en el extranjero durante al menos un a\u00f1o y deseen regresar a Italia de forma permanente pueden dirigirse al Consulado para obtener alivio aduanero. Para ello es necesario presentar, junto con el pasaporte italiano y el permiso de residencia, una solicitud que contenga la lista de enseres dom\u00e9sticos, escrita en italiano, con la indicaci\u00f3n de los n\u00fameros de serie de cualquier aparato electr\u00f3nico.<\/p>\n","protected":false},"excerpt":{"rendered":"AIRE \u00bfEs importante registrarse en AIRE? Es muy importante. AIRE permite al Estado italiano: garantizar y facilitar el ejercicio de los derechos pol\u00edticos (voto pol\u00edtico, votaciones y nominaciones para \u00f3rganos representativos); planificar de forma m\u00e1s racional las intervenciones de la Administraci\u00f3n P\u00fablica en favor de las comunidades de italianos residentes en el extranjero; prestar los [&hellip;]","protected":false},"author":5,"featured_media":0,"parent":208,"menu_order":15,"comment_status":"closed","ping_status":"closed","template":"","meta":{"footnotes":""},"class_list":["post-2037","page","type-page","status-publish","hentry"],"_links":{"self":[{"href":"https:\/\/amblavana.esteri.it\/es\/wp-json\/wp\/v2\/pages\/2037","targetHints":{"allow":["GET"]}}],"collection":[{"href":"https:\/\/amblavana.esteri.it\/es\/wp-json\/wp\/v2\/pages"}],"about":[{"href":"https:\/\/amblavana.esteri.it\/es\/wp-json\/wp\/v2\/types\/page"}],"author":[{"embeddable":true,"href":"https:\/\/amblavana.esteri.it\/es\/wp-json\/wp\/v2\/users\/5"}],"replies":[{"embeddable":true,"href":"https:\/\/amblavana.esteri.it\/es\/wp-json\/wp\/v2\/comments?post=2037"}],"version-history":[{"count":2,"href":"https:\/\/amblavana.esteri.it\/es\/wp-json\/wp\/v2\/pages\/2037\/revisions"}],"predecessor-version":[{"id":2719,"href":"https:\/\/amblavana.esteri.it\/es\/wp-json\/wp\/v2\/pages\/2037\/revisions\/2719"}],"up":[{"embeddable":true,"href":"https:\/\/amblavana.esteri.it\/es\/wp-json\/wp\/v2\/pages\/208"}],"wp:attachment":[{"href":"https:\/\/amblavana.esteri.it\/es\/wp-json\/wp\/v2\/media?parent=2037"}],"curies":[{"name":"wp","href":"https:\/\/api.w.org\/{rel}","templated":true}]}}