{"id":203,"date":"2023-04-11T18:24:38","date_gmt":"2023-04-11T22:24:38","guid":{"rendered":"https:\/\/amblavana.esteri.it\/italia-e-cuba\/diplomazia-culturale\/studiare-in-italia\/"},"modified":"2025-12-17T19:27:29","modified_gmt":"2025-12-17T23:27:29","slug":"studiare-in-italia","status":"publish","type":"page","link":"https:\/\/amblavana.esteri.it\/es\/italia-e-cuba\/diplomazia-culturale\/studiare-in-italia\/","title":{"rendered":"Estudiar en Italia"},"content":{"rendered":"<ul>\n<li><strong>Las escuelas en Italia:<\/strong><\/li>\n<\/ul>\n<p>Un listado completo de <a href=\"https:\/\/www.miur.gov.it\/web\/guest\/scuola\">Scuole Elementari, Medie e dei Licei Italiani<\/a> es actualizado permanentemente por el Ministerio de Educaci\u00f3n, Universidad y Investigaci\u00f3n de Italia.<\/p>\n<ul>\n<li><strong>La universidad en Italia:<\/strong><\/li>\n<\/ul>\n<p>Informaci\u00f3n general sobre la organizaci\u00f3n y el funcionamiento de las universidades italianas est\u00e1 disponible en el sitio del <a href=\"https:\/\/www.mur.gov.it\/it?msclkid=152a54aecfa411ecb945af35d5597c04\">Ministero dell\u2019Universit\u00e0 e della Ricerca (MUR)<\/a>.<\/p>\n<p>Los estudiantes extranjeros interesados en realizar estudios en universidades italianas pueden encontrar informaci\u00f3n \u00fatil sobre la oferta formativa y las plazas reservadas para ellos en el sitio\u00a0 <a href=\"http:\/\/www.universitaly.it\/\">Universitaly<\/a> gestionado por el MUR. Informaci\u00f3n adicional est\u00e1 disponible tambi\u00e9n en el sitio <a href=\"https:\/\/www.uni-italia.net\/\">Uni-Italia<\/a>.<\/p>\n<p>Las <strong data-start=\"966\" data-end=\"986\">becas de estudio<\/strong> pueden consultarse en el sitio <a href=\"https:\/\/studyinitaly.esteri.it\/\">Study in Italy<\/a>.<\/p>\n","protected":false},"excerpt":{"rendered":"Las escuelas en Italia: Un listado completo de Scuole Elementari, Medie e dei Licei Italiani es actualizado permanentemente por el Ministerio de Educaci\u00f3n, Universidad y Investigaci\u00f3n de Italia. La universidad en Italia: Informaci\u00f3n general sobre la organizaci\u00f3n y el funcionamiento de las universidades italianas est\u00e1 disponible en el sitio del Ministero dell\u2019Universit\u00e0 e della Ricerca [&hellip;]","protected":false},"author":1,"featured_media":0,"parent":200,"menu_order":0,"comment_status":"closed","ping_status":"closed","template":"","meta":{"footnotes":""},"class_list":["post-203","page","type-page","status-publish","hentry"],"_links":{"self":[{"href":"https:\/\/amblavana.esteri.it\/es\/wp-json\/wp\/v2\/pages\/203","targetHints":{"allow":["GET"]}}],"collection":[{"href":"https:\/\/amblavana.esteri.it\/es\/wp-json\/wp\/v2\/pages"}],"about":[{"href":"https:\/\/amblavana.esteri.it\/es\/wp-json\/wp\/v2\/types\/page"}],"author":[{"embeddable":true,"href":"https:\/\/amblavana.esteri.it\/es\/wp-json\/wp\/v2\/users\/1"}],"replies":[{"embeddable":true,"href":"https:\/\/amblavana.esteri.it\/es\/wp-json\/wp\/v2\/comments?post=203"}],"version-history":[{"count":2,"href":"https:\/\/amblavana.esteri.it\/es\/wp-json\/wp\/v2\/pages\/203\/revisions"}],"predecessor-version":[{"id":3972,"href":"https:\/\/amblavana.esteri.it\/es\/wp-json\/wp\/v2\/pages\/203\/revisions\/3972"}],"up":[{"embeddable":true,"href":"https:\/\/amblavana.esteri.it\/es\/wp-json\/wp\/v2\/pages\/200"}],"wp:attachment":[{"href":"https:\/\/amblavana.esteri.it\/es\/wp-json\/wp\/v2\/media?parent=203"}],"curies":[{"name":"wp","href":"https:\/\/api.w.org\/{rel}","templated":true}]}}