{"id":202,"date":"2023-04-11T18:24:28","date_gmt":"2023-04-11T22:24:28","guid":{"rendered":"https:\/\/amblavana.esteri.it\/italia-e-cuba\/diplomazia-culturale\/missioni-archeologiche\/"},"modified":"2025-12-17T19:17:19","modified_gmt":"2025-12-17T23:17:19","slug":"missioni-archeologiche","status":"publish","type":"page","link":"https:\/\/amblavana.esteri.it\/es\/italia-e-cuba\/diplomazia-culturale\/missioni-archeologiche\/","title":{"rendered":"Misiones arqueol\u00f3gicas"},"content":{"rendered":"<p data-start=\"140\" data-end=\"580\"><strong>En el marco de la cooperaci\u00f3n cient\u00edfica y cultural italiana en Cuba se incluyen las misiones arqueol\u00f3gicas iniciadas en 2021<\/strong> en el contexto del proyecto <em data-start=\"298\" data-end=\"351\">Arqueo-Cuba: arqueolog\u00eda y sostenibilidad ambiental<\/em>, financiado por la Agencia Italiana para la Cooperaci\u00f3n al Desarrollo (AICS) con el apoyo de la ONG ARCS Arci Culture Solidali y por el Ministerio de Asuntos Exteriores y Cooperaci\u00f3n Internacional (MAECI).<\/p>\n<p data-start=\"582\" data-end=\"856\">Estas actividades se centran en el estudio de materiales y restos \u00f3seos con <strong>el objetivo de profundizar el conocimiento sobre los procesos migratorios precolombinos<\/strong> que afectaron a la mayor de las Antillas y de esclarecer el origen de las poblaciones arcaicas de la isla.<\/p>\n<p data-start=\"858\" data-end=\"1232\">La colaboraci\u00f3n involucra a instituciones acad\u00e9micas y cient\u00edficas italianas, como la Universidad \u201cLa Sapienza\u201d de Roma, junto con socios cubanos, entre ellos la Oficina del Historiador de la Ciudad de La Habana, la Oficina del Conservador de la Ciudad de Matanzas y la Universidad de La Habana, con los que se han firmado acuerdos de cooperaci\u00f3n cient\u00edfica.<\/p>\n<p data-start=\"1234\" data-end=\"1626\">En 2025 se llevaron a cabo misiones dedicadas tanto a excavaciones arqueol\u00f3gicas \u2014con especial atenci\u00f3n a los modelos nutricionales y culturales de las sociedades prehisp\u00e1nicas\u2014 como a an\u00e1lisis bioarqueol\u00f3gicos y paleogen\u00e9ticos de amplias colecciones \u00f3seas, que han puesto de manifiesto diferenciaciones e interacciones entre poblaciones arcaicas y ceramistas. Se trata de:<\/p>\n<ul data-start=\"1628\" data-end=\"1990\">\n<li data-start=\"1628\" data-end=\"1809\">\n<p data-start=\"1630\" data-end=\"1809\">Proyecto C.U.B.A. (Cuba Unknown: Backup x Archaeology) (ARC-3303), dirigido por la Prof. Emanuela Cristiani (Departamento de Ciencias Odontostomatol\u00f3gicas y Maxilofaciales).<\/p>\n<\/li>\n<li data-start=\"1810\" data-end=\"1990\">\n<p data-start=\"1812\" data-end=\"1990\">Modelos Bio-Culturales para el an\u00e1lisis de las din\u00e1micas del poblamiento arcaico de Cuba (ARC-3104), dirigido por la Dra. Michaela Lucci (Departamento de Biolog\u00eda Ambiental).<\/p>\n<\/li>\n<\/ul>\n<p data-start=\"1992\" data-end=\"2157\">Para 2026 se prev\u00e9n nuevas actividades de excavaci\u00f3n e investigaci\u00f3n en el \u00e1rea de La Ca\u00f1ada (Matanzas), con el continuo apoyo de los socios cubanos e italianos.<\/p>\n","protected":false},"excerpt":{"rendered":"En el marco de la cooperaci\u00f3n cient\u00edfica y cultural italiana en Cuba se incluyen las misiones arqueol\u00f3gicas iniciadas en 2021 en el contexto del proyecto Arqueo-Cuba: arqueolog\u00eda y sostenibilidad ambiental, financiado por la Agencia Italiana para la Cooperaci\u00f3n al Desarrollo (AICS) con el apoyo de la ONG ARCS Arci Culture Solidali y por el Ministerio [&hellip;]","protected":false},"author":1,"featured_media":0,"parent":200,"menu_order":0,"comment_status":"closed","ping_status":"closed","template":"","meta":{"footnotes":""},"class_list":["post-202","page","type-page","status-publish","hentry"],"_links":{"self":[{"href":"https:\/\/amblavana.esteri.it\/es\/wp-json\/wp\/v2\/pages\/202","targetHints":{"allow":["GET"]}}],"collection":[{"href":"https:\/\/amblavana.esteri.it\/es\/wp-json\/wp\/v2\/pages"}],"about":[{"href":"https:\/\/amblavana.esteri.it\/es\/wp-json\/wp\/v2\/types\/page"}],"author":[{"embeddable":true,"href":"https:\/\/amblavana.esteri.it\/es\/wp-json\/wp\/v2\/users\/1"}],"replies":[{"embeddable":true,"href":"https:\/\/amblavana.esteri.it\/es\/wp-json\/wp\/v2\/comments?post=202"}],"version-history":[{"count":2,"href":"https:\/\/amblavana.esteri.it\/es\/wp-json\/wp\/v2\/pages\/202\/revisions"}],"predecessor-version":[{"id":3966,"href":"https:\/\/amblavana.esteri.it\/es\/wp-json\/wp\/v2\/pages\/202\/revisions\/3966"}],"up":[{"embeddable":true,"href":"https:\/\/amblavana.esteri.it\/es\/wp-json\/wp\/v2\/pages\/200"}],"wp:attachment":[{"href":"https:\/\/amblavana.esteri.it\/es\/wp-json\/wp\/v2\/media?parent=202"}],"curies":[{"name":"wp","href":"https:\/\/api.w.org\/{rel}","templated":true}]}}