{"id":200,"date":"2023-04-11T18:10:45","date_gmt":"2023-04-11T22:10:45","guid":{"rendered":"https:\/\/amblavana.esteri.it\/italia-e-cuba\/diplomazia-culturale\/"},"modified":"2023-12-13T13:54:14","modified_gmt":"2023-12-13T17:54:14","slug":"diplomazia-culturale","status":"publish","type":"page","link":"https:\/\/amblavana.esteri.it\/es\/italia-e-cuba\/diplomazia-culturale\/","title":{"rendered":"Diplomacia cultural"},"content":{"rendered":"<h3 style=\"text-align: justify;\">Cooperaci\u00f3n cultural<\/h3>\n<p style=\"text-align: justify;\"><strong>CULTURA ITALIANA<\/strong><\/p>\n<p style=\"text-align: justify;\">La programaci\u00f3n cultural de la Embajada tiene como objetivo promover la cultura italiana en Cuba y se desarrolla durante todo el a\u00f1o, involucrando a diversos sectores, desde la literatura hasta las artes figurativas, el teatro, la m\u00fasica en vivo y el cine. La Embajada tambi\u00e9n colabora con entidades culturales cubanas y apoya la participaci\u00f3n de artistas italianos en los principales festivales y eventos culturales organizados en la Isla, como el Festival Jazz Plaza, el Festival Internacional del Nuevo Cine Latinoamericano, el Festival Internacional de Ballet \u00abAlicia Alonso\u00bb, la Feria del Libro y la Bienal de La Habana.<\/p>\n<p style=\"text-align: justify;\">La Semana de la Cultura Italiana en Cuba fue fundada en 1996 y es organizada cada a\u00f1o, en la \u00faltima semana de noviembre, por la Embajada en colaboraci\u00f3n con el Ministerio de Cultura de Cuba y la Oficina del Historiador de la Ciudad de La Habana. Representa sin duda el principal evento en Cuba vinculado a la cultura italiana y es el evento cultural m\u00e1s antiguo y prestigioso entre los que organizan las Embajadas en Cuba.<\/p>\n<p style=\"text-align: justify;\">Desde 1998 funciona en la Facultad de Artes y Letras la Sala Italo Calvino, centro de investigaci\u00f3n fundado por la Prof. Mayerin Bello, de la misma Facultad, por Nicola Bottiglieri de la Universidad de Cassino y por Giancarlo Ferretti de la Universidad de Roma 3.<\/p>\n<p>&nbsp;<\/p>\n<p style=\"text-align: justify;\"><strong>IDIOMA ITALIANO<\/strong><\/p>\n<p style=\"text-align: justify;\">En Cuba hay alrededor de mil estudiantes de italiano, entre los cursos de la \u00abDante Alighieri\u00bb y las dem\u00e1s escuelas de idiomas que funcionan en la Isla. La televisi\u00f3n cubana tambi\u00e9n transmite un curso de idioma muy popular para aprender italiano (Universidad para Todos) impartido por profesores de Flex.<\/p>\n<p style=\"text-align: justify;\">La Semana de la Lengua es organizada por la Embajada de Italia, en colaboraci\u00f3n con la Facultad de Lenguas Extranjeras de la Universidad de La Habana (FLEX) y con otras instituciones culturales cubanas, incluido el Comit\u00e9 Cubano de la Sociedad Dante Alighieri. La Semana generalmente se divide en una serie de d\u00edas inspirados en el tema principal del evento.<\/p>\n<p style=\"text-align: justify;\">En el marco de la Semana, se desarrolla el Seminario de Italianistas Cubanos, organizado por la Embajada de Italia junto con las principales instituciones cubanas que se ocupan de la ense\u00f1anza de nuestra lengua, principalmente el Grupo de Italianistas Cubanos, la Universidad de La Habana (Facultad de Lenguas Extranjeras &#8211; FLEX y Facultad de Artes y Letras &#8211; FAYL), la Oficina del Historiador de la Ciudad de La Habana y muchas otras. El congreso suele contar con la participaci\u00f3n de acad\u00e9micos provenientes de nuestro pa\u00eds para este fin y de numerosos profesores de las provincias de Cuba, para quienes constituye una importante oportunidad de encuentro y debate, as\u00ed como de pr\u00e1ctica de la lengua italiana en talleres \u00abad hoc\u00bb.<\/p>\n<p>&nbsp;<\/p>\n","protected":false},"excerpt":{"rendered":"Cooperaci\u00f3n cultural CULTURA ITALIANA La programaci\u00f3n cultural de la Embajada tiene como objetivo promover la cultura italiana en Cuba y se desarrolla durante todo el a\u00f1o, involucrando a diversos sectores, desde la literatura hasta las artes figurativas, el teatro, la m\u00fasica en vivo y el cine. La Embajada tambi\u00e9n colabora con entidades culturales cubanas y [&hellip;]","protected":false},"author":1,"featured_media":0,"parent":190,"menu_order":2,"comment_status":"closed","ping_status":"closed","template":"","meta":{"footnotes":""},"class_list":["post-200","page","type-page","status-publish","hentry"],"_links":{"self":[{"href":"https:\/\/amblavana.esteri.it\/es\/wp-json\/wp\/v2\/pages\/200","targetHints":{"allow":["GET"]}}],"collection":[{"href":"https:\/\/amblavana.esteri.it\/es\/wp-json\/wp\/v2\/pages"}],"about":[{"href":"https:\/\/amblavana.esteri.it\/es\/wp-json\/wp\/v2\/types\/page"}],"author":[{"embeddable":true,"href":"https:\/\/amblavana.esteri.it\/es\/wp-json\/wp\/v2\/users\/1"}],"replies":[{"embeddable":true,"href":"https:\/\/amblavana.esteri.it\/es\/wp-json\/wp\/v2\/comments?post=200"}],"version-history":[{"count":3,"href":"https:\/\/amblavana.esteri.it\/es\/wp-json\/wp\/v2\/pages\/200\/revisions"}],"predecessor-version":[{"id":2029,"href":"https:\/\/amblavana.esteri.it\/es\/wp-json\/wp\/v2\/pages\/200\/revisions\/2029"}],"up":[{"embeddable":true,"href":"https:\/\/amblavana.esteri.it\/es\/wp-json\/wp\/v2\/pages\/190"}],"wp:attachment":[{"href":"https:\/\/amblavana.esteri.it\/es\/wp-json\/wp\/v2\/media?parent=200"}],"curies":[{"name":"wp","href":"https:\/\/api.w.org\/{rel}","templated":true}]}}