{"id":196,"date":"2023-04-11T18:08:31","date_gmt":"2023-04-11T22:08:31","guid":{"rendered":"https:\/\/amblavana.esteri.it\/chi-siamo\/la-rete-consolare\/"},"modified":"2023-12-11T19:06:49","modified_gmt":"2023-12-11T23:06:49","slug":"la-rete-consolare","status":"publish","type":"page","link":"https:\/\/amblavana.esteri.it\/es\/chi-siamo\/la-rete-consolare\/","title":{"rendered":"La Red Consular"},"content":{"rendered":"<p>Todos los servicios consulares son prestados por la Canciller\u00eda Consular de la Embajada de Italia en La Habana.<\/p>\n<p><strong>Canciller\u00eda Consular de La Habana<\/strong><\/p>\n<p>Jefe de la Canciller\u00eda Consular: Michele MIGLIOSI.<\/p>\n<p><strong>\u00a0<\/strong><\/p>\n<p><strong>Correo electr\u00f3nico<\/strong><\/p>\n<p>Oficina Consular: <a href=\"mailto:consolare.ambavana@esteri.it\">consolare.ambavana@esteri.it<\/a><\/p>\n<p><strong>\u00a0<\/strong><\/p>\n<p><strong>Correo electr\u00f3nico certificado<\/strong><\/p>\n<p>Servicios consulares: <a href=\"mailto:amb.lavana.consolare@cert.esteri.it\">amb.lavana.consolare@cert.esteri.it<\/a><\/p>\n<p>&nbsp;<\/p>\n<p><strong>Direcci\u00f3n\u00a0<\/strong><\/p>\n<p>5ta Avenida n. 402 \u2013 esquina Calle 4, Miramar \u2013 Playa, Ciudad de La Habana<\/p>\n<p>&nbsp;<\/p>\n<p><strong>Informaciones \u00fatiles<\/strong><\/p>\n<ul>\n<li style=\"list-style-type: none;\">\n<ul>\n<li><a href=\"https:\/\/amblavana.esteri.it\/es\/chi-siamo\/numeri-di-emergenza\/\">N\u00fameros de emergencia<\/a><\/li>\n<li><a href=\"https:\/\/amblavana.esteri.it\/es\/servizi-consolari-e-visti\/\">Horario de apertura de la oficina al p\u00fablico<\/a><\/li>\n<li><a href=\"https:\/\/prenotami.esteri.it\/\">Reserva Online de los servicios consulares<\/a><\/li>\n<\/ul>\n<\/li>\n<\/ul>\n<p>&nbsp;<\/p>\n<p>&nbsp;<\/p>\n<p>Corresponsal consular: Mario MAZZOLA<\/p>\n<p>Provincias de competencia: Santiago de Cuba, Guant\u00e1namo, Granma, Holgu\u00edn, Las Tunas, Camag\u00fcey.<\/p>\n<p><strong>Tel.<\/strong> (cubano): +53 5536 8545<\/p>\n<p><strong>Tel.<\/strong> (Whatsapp): +39 391 478 5279<\/p>\n<p>&nbsp;<\/p>\n<p><strong>Correo electr\u00f3nico<\/strong><\/p>\n<p><a href=\"mailto:dev.mazzola@gmail.com\">dev.mazzola@gmail.com<\/a><\/p>\n","protected":false},"excerpt":{"rendered":"Todos los servicios consulares son prestados por la Canciller\u00eda Consular de la Embajada de Italia en La Habana. Canciller\u00eda Consular de La Habana Jefe de la Canciller\u00eda Consular: Michele MIGLIOSI. \u00a0 Correo electr\u00f3nico Oficina Consular: consolare.ambavana@esteri.it \u00a0 Correo electr\u00f3nico certificado Servicios consulares: amb.lavana.consolare@cert.esteri.it &nbsp; Direcci\u00f3n\u00a0 5ta Avenida n. 402 \u2013 esquina Calle 4, Miramar \u2013 [&hellip;]","protected":false},"author":1,"featured_media":0,"parent":170,"menu_order":8,"comment_status":"closed","ping_status":"closed","template":"","meta":{"footnotes":""},"class_list":["post-196","page","type-page","status-publish","hentry"],"_links":{"self":[{"href":"https:\/\/amblavana.esteri.it\/es\/wp-json\/wp\/v2\/pages\/196","targetHints":{"allow":["GET"]}}],"collection":[{"href":"https:\/\/amblavana.esteri.it\/es\/wp-json\/wp\/v2\/pages"}],"about":[{"href":"https:\/\/amblavana.esteri.it\/es\/wp-json\/wp\/v2\/types\/page"}],"author":[{"embeddable":true,"href":"https:\/\/amblavana.esteri.it\/es\/wp-json\/wp\/v2\/users\/1"}],"replies":[{"embeddable":true,"href":"https:\/\/amblavana.esteri.it\/es\/wp-json\/wp\/v2\/comments?post=196"}],"version-history":[{"count":7,"href":"https:\/\/amblavana.esteri.it\/es\/wp-json\/wp\/v2\/pages\/196\/revisions"}],"predecessor-version":[{"id":1997,"href":"https:\/\/amblavana.esteri.it\/es\/wp-json\/wp\/v2\/pages\/196\/revisions\/1997"}],"up":[{"embeddable":true,"href":"https:\/\/amblavana.esteri.it\/es\/wp-json\/wp\/v2\/pages\/170"}],"wp:attachment":[{"href":"https:\/\/amblavana.esteri.it\/es\/wp-json\/wp\/v2\/media?parent=196"}],"curies":[{"name":"wp","href":"https:\/\/api.w.org\/{rel}","templated":true}]}}