{"id":195,"date":"2023-04-11T18:07:19","date_gmt":"2023-04-11T22:07:19","guid":{"rendered":"https:\/\/amblavana.esteri.it\/chi-siamo\/numeri-di-emergenza\/"},"modified":"2023-12-08T14:38:29","modified_gmt":"2023-12-08T18:38:29","slug":"numeri-di-emergenza","status":"publish","type":"page","link":"https:\/\/amblavana.esteri.it\/es\/chi-siamo\/numeri-di-emergenza\/","title":{"rendered":"N\u00fameros de emergencia"},"content":{"rendered":"<p><strong>Para emergencias<\/strong> (<strong>por ejemplo, accidentes, arrestos, muertes<\/strong>), est\u00e1n activos el funcionario de turno de la Embajada (s\u00e1bados, domingos y otros d\u00edas festivos): : <strong>+53 5280 5417<\/strong> y el funcionario de turno en la Farnesina (24\/7): : <strong>+39 06 3691 2666.<\/strong><\/p>\n","protected":false},"excerpt":{"rendered":"Para emergencias (por ejemplo, accidentes, arrestos, muertes), est\u00e1n activos el funcionario de turno de la Embajada (s\u00e1bados, domingos y otros d\u00edas festivos): : +53 5280 5417 y el funcionario de turno en la Farnesina (24\/7): : +39 06 3691 2666.","protected":false},"author":1,"featured_media":0,"parent":170,"menu_order":6,"comment_status":"closed","ping_status":"closed","template":"","meta":{"footnotes":""},"class_list":["post-195","page","type-page","status-publish","hentry"],"_links":{"self":[{"href":"https:\/\/amblavana.esteri.it\/es\/wp-json\/wp\/v2\/pages\/195","targetHints":{"allow":["GET"]}}],"collection":[{"href":"https:\/\/amblavana.esteri.it\/es\/wp-json\/wp\/v2\/pages"}],"about":[{"href":"https:\/\/amblavana.esteri.it\/es\/wp-json\/wp\/v2\/types\/page"}],"author":[{"embeddable":true,"href":"https:\/\/amblavana.esteri.it\/es\/wp-json\/wp\/v2\/users\/1"}],"replies":[{"embeddable":true,"href":"https:\/\/amblavana.esteri.it\/es\/wp-json\/wp\/v2\/comments?post=195"}],"version-history":[{"count":4,"href":"https:\/\/amblavana.esteri.it\/es\/wp-json\/wp\/v2\/pages\/195\/revisions"}],"predecessor-version":[{"id":1958,"href":"https:\/\/amblavana.esteri.it\/es\/wp-json\/wp\/v2\/pages\/195\/revisions\/1958"}],"up":[{"embeddable":true,"href":"https:\/\/amblavana.esteri.it\/es\/wp-json\/wp\/v2\/pages\/170"}],"wp:attachment":[{"href":"https:\/\/amblavana.esteri.it\/es\/wp-json\/wp\/v2\/media?parent=195"}],"curies":[{"name":"wp","href":"https:\/\/api.w.org\/{rel}","templated":true}]}}