{"id":190,"date":"2023-04-11T17:08:52","date_gmt":"2023-04-11T21:08:52","guid":{"rendered":"https:\/\/amblavana.esteri.it\/italia-e-cuba\/"},"modified":"2025-11-19T10:13:18","modified_gmt":"2025-11-19T14:13:18","slug":"italia-e-cuba","status":"publish","type":"page","link":"https:\/\/amblavana.esteri.it\/es\/italia-e-cuba\/","title":{"rendered":"Italia y Cuba"},"content":{"rendered":"<p data-start=\"33\" data-end=\"507\">Italia y Cuba gozan de una larga y s\u00f3lida amistad. El Mecanismo de Di\u00e1logo Pol\u00edtico, con reuniones peri\u00f3dicas de alto nivel que se celebran alternativamente en Roma y La Habana, representa desde 2011 el foro bilateral de referencia para debatir los temas de inter\u00e9s mutuo y los principales asuntos de relevancia internacional. Cuba garantiza adem\u00e1s, tradicionalmente, una participaci\u00f3n cualificada en la Conferencia Italia\u2013Am\u00e9rica Latina y el Caribe desde su inicio en 2003.<\/p>\n<p data-start=\"509\" data-end=\"968\">Viva y fruct\u00edfera es la cooperaci\u00f3n en el \u00e1mbito cultural, como lo demuestra el \u00e9xito de la Semana de la Cultura Italiana en Cuba, que anualmente constituye el principal evento de promoci\u00f3n y difusi\u00f3n de la cultura italiana en la isla. Son numerosos los artistas italianos que visitan Cuba para conocer su gran patrimonio, colaborar con sus talentos y promover su propio arte, as\u00ed como los representantes del mundo cultural cubano que son recibidos en Italia.<\/p>\n<p data-start=\"970\" data-end=\"1485\">Italia es para Cuba el segundo socio comercial europeo despu\u00e9s de Espa\u00f1a. La presencia empresarial italiana en la isla se concentra tradicionalmente en los sectores del turismo y de la industria alimentaria y gastron\u00f3mica, pero tambi\u00e9n estamos presentes en el sector de la construcci\u00f3n. Desde 2011 est\u00e1 activo un Comit\u00e9 Empresarial Italia\u2013Cuba cuyo objetivo es fortalecer las relaciones comerciales entre ambos pa\u00edses y proporcionar asistencia e informaci\u00f3n a las empresas italianas que operan en el mercado cubano.<\/p>\n<p data-start=\"1487\" data-end=\"2127\" data-is-last-node=\"\" data-is-only-node=\"\">Desde hace m\u00e1s de 10 a\u00f1os Cuba es un pa\u00eds prioritario para la Cooperaci\u00f3n italiana, que est\u00e1 presente aqu\u00ed con numerosos programas tanto de gesti\u00f3n directa como indirecta. Los sectores prioritarios de la cooperaci\u00f3n bilateral son la seguridad alimentaria y la recuperaci\u00f3n del patrimonio arquitect\u00f3nico. La cooperaci\u00f3n italiana gestiona adem\u00e1s, en nombre de la Uni\u00f3n Europea, un proyecto para la sostenibilidad alimentaria y energ\u00e9tica de los municipios. Por \u00faltimo, el Ministerio de Medio Ambiente y Seguridad Energ\u00e9tica colabora con las autoridades cubanas en los sectores de la lucha contra el cambio clim\u00e1tico y las energ\u00edas renovables.<\/p>\n","protected":false},"excerpt":{"rendered":"Italia y Cuba gozan de una larga y s\u00f3lida amistad. El Mecanismo de Di\u00e1logo Pol\u00edtico, con reuniones peri\u00f3dicas de alto nivel que se celebran alternativamente en Roma y La Habana, representa desde 2011 el foro bilateral de referencia para debatir los temas de inter\u00e9s mutuo y los principales asuntos de relevancia internacional. Cuba garantiza adem\u00e1s, [&hellip;]","protected":false},"author":1,"featured_media":0,"parent":0,"menu_order":4,"comment_status":"closed","ping_status":"closed","template":"","meta":{"footnotes":""},"class_list":["post-190","page","type-page","status-publish","hentry"],"_links":{"self":[{"href":"https:\/\/amblavana.esteri.it\/es\/wp-json\/wp\/v2\/pages\/190","targetHints":{"allow":["GET"]}}],"collection":[{"href":"https:\/\/amblavana.esteri.it\/es\/wp-json\/wp\/v2\/pages"}],"about":[{"href":"https:\/\/amblavana.esteri.it\/es\/wp-json\/wp\/v2\/types\/page"}],"author":[{"embeddable":true,"href":"https:\/\/amblavana.esteri.it\/es\/wp-json\/wp\/v2\/users\/1"}],"replies":[{"embeddable":true,"href":"https:\/\/amblavana.esteri.it\/es\/wp-json\/wp\/v2\/comments?post=190"}],"version-history":[{"count":3,"href":"https:\/\/amblavana.esteri.it\/es\/wp-json\/wp\/v2\/pages\/190\/revisions"}],"predecessor-version":[{"id":3878,"href":"https:\/\/amblavana.esteri.it\/es\/wp-json\/wp\/v2\/pages\/190\/revisions\/3878"}],"wp:attachment":[{"href":"https:\/\/amblavana.esteri.it\/es\/wp-json\/wp\/v2\/media?parent=190"}],"curies":[{"name":"wp","href":"https:\/\/api.w.org\/{rel}","templated":true}]}}