{"id":174,"date":"2023-04-11T17:53:01","date_gmt":"2023-04-11T21:53:01","guid":{"rendered":"https:\/\/amblavana.esteri.it\/chi-siamo\/lambasciatore\/"},"modified":"2025-11-10T17:37:59","modified_gmt":"2025-11-10T21:37:59","slug":"lambasciatore","status":"publish","type":"page","link":"https:\/\/amblavana.esteri.it\/es\/chi-siamo\/lambasciatore\/","title":{"rendered":"La Embajadora"},"content":{"rendered":"<p align=\"justify\">\u00a0 \u00a0 \u00a0 \u00a0 \u00a0 \u00a0 \u00a0 \u00a0 \u00a0 \u00a0 \u00a0 \u00a0 \u00a0 \u00a0 \u00a0 \u00a0 \u00a0 \u00a0 \u00a0 \u00a0 \u00a0 \u00a0 \u00a0 \u00a0 \u00a0 \u00a0 \u00a0 \u00a0 \u00a0 \u00a0 \u00a0 \u00a0 \u00a0 \u00a0 \u00a0 \u00a0 \u00a0 \u00a0 \u00a0 \u00a0 \u00a0 \u00a0 <img loading=\"lazy\" decoding=\"async\" class=\"alignnone size-medium wp-image-3844 img-fluid\" src=\"https:\/\/amblavana.esteri.it\/wp-content\/uploads\/2025\/11\/Foto-248x300.jpeg\" alt=\"\" width=\"248\" height=\"300\" srcset=\"https:\/\/amblavana.esteri.it\/wp-content\/uploads\/2025\/11\/Foto-248x300.jpeg 248w, https:\/\/amblavana.esteri.it\/wp-content\/uploads\/2025\/11\/Foto.jpeg 617w\" sizes=\"auto, (max-width: 248px) 100vw, 248px\" \/><\/p>\n<p style=\"text-align: justify;\">Licenciada en ciencias pol\u00edticas por la Universidad de N\u00e1poles en el a\u00f1o 2000.<\/p>\n<p style=\"text-align: justify;\">Tras superar el concurso para la carrera diplom\u00e1tica (especializaci\u00f3n comercial) en 2001 y asistir al correspondiente curso de formaci\u00f3n del Instituto Diplom\u00e1tico, fue nombrada Secretaria de legaci\u00f3n y prest\u00f3 servicio en el Ministerio de Asuntos Exteriores y Cooperaci\u00f3n Internacional &#8211; Direcci\u00f3n General de Integraci\u00f3n Europea, hasta septiembre de 2004.<\/p>\n<p style=\"text-align: justify;\">Posteriormente fue nombrada Segunda secretaria comercial en la Embajada de Italia en Ankara y confirmada en el mismo puesto como Primera secretaria comercial, hasta septiembre de 2008.<\/p>\n<p style=\"text-align: justify;\">Ocup\u00f3 el puesto de Primera secretaria en la Representaci\u00f3n Permanente ante la Uni\u00f3n Europea en Bruselas entre 2008 y 2011.<\/p>\n<p style=\"text-align: justify;\">De vuelta al Ministerio, trabaj\u00f3 en la Direcci\u00f3n General de Asuntos Pol\u00edticos y Seguridad para pasar en 2012 a la Secretar\u00eda particular del Viceministro Subsecretario de Estado, hasta mayo de 2013. Fue promovida al grado de Consejera de Legaci\u00f3n y en junio del mismo a\u00f1o fue encargada de desempe\u00f1ar las funciones de Jefa de la Oficina III de la Direcci\u00f3n General de la Uni\u00f3n Europea. Paralelamente, entre noviembre de 2012 y mayo de 2013, realiz\u00f3 el curso de actualizaci\u00f3n profesional para Consejeros de legaci\u00f3n.<\/p>\n<p style=\"text-align: justify;\">En agosto de 2015 fue destinada como Consejera a la Embajada en Beirut y ascendida en 2017 al grado de Consejera de Embajada.<\/p>\n<p style=\"text-align: justify;\">Entre 2019 y 2023 prest\u00f3 servicio como Primera consejera en la Representaci\u00f3n Permanente ante la ONU en Nueva York.<\/p>\n<p style=\"text-align: justify;\">Desde finales de 2023 se desempe\u00f1\u00f3 como Jefa de la Unidad de Asuntos Institucionales y Jur\u00eddicos de la Uni\u00f3n Europea de la Direcci\u00f3n General de Europa y Pol\u00edtica Comercial Internacional.<\/p>\n<p style=\"text-align: justify;\">En noviembre de 2025 asumi\u00f3 las funciones de Embajadora de Italia en Cuba.<\/p>\n","protected":false},"excerpt":{"rendered":"\u00a0 \u00a0 \u00a0 \u00a0 \u00a0 \u00a0 \u00a0 \u00a0 \u00a0 \u00a0 \u00a0 \u00a0 \u00a0 \u00a0 \u00a0 \u00a0 \u00a0 \u00a0 \u00a0 \u00a0 \u00a0 \u00a0 \u00a0 \u00a0 \u00a0 \u00a0 \u00a0 \u00a0 \u00a0 \u00a0 \u00a0 \u00a0 \u00a0 \u00a0 \u00a0 \u00a0 \u00a0 \u00a0 \u00a0 \u00a0 \u00a0 \u00a0 Licenciada en ciencias pol\u00edticas por la Universidad de N\u00e1poles en el a\u00f1o 2000. [&hellip;]","protected":false},"author":1,"featured_media":0,"parent":170,"menu_order":0,"comment_status":"closed","ping_status":"closed","template":"","meta":{"footnotes":""},"class_list":["post-174","page","type-page","status-publish","hentry"],"_links":{"self":[{"href":"https:\/\/amblavana.esteri.it\/es\/wp-json\/wp\/v2\/pages\/174","targetHints":{"allow":["GET"]}}],"collection":[{"href":"https:\/\/amblavana.esteri.it\/es\/wp-json\/wp\/v2\/pages"}],"about":[{"href":"https:\/\/amblavana.esteri.it\/es\/wp-json\/wp\/v2\/types\/page"}],"author":[{"embeddable":true,"href":"https:\/\/amblavana.esteri.it\/es\/wp-json\/wp\/v2\/users\/1"}],"replies":[{"embeddable":true,"href":"https:\/\/amblavana.esteri.it\/es\/wp-json\/wp\/v2\/comments?post=174"}],"version-history":[{"count":6,"href":"https:\/\/amblavana.esteri.it\/es\/wp-json\/wp\/v2\/pages\/174\/revisions"}],"predecessor-version":[{"id":3865,"href":"https:\/\/amblavana.esteri.it\/es\/wp-json\/wp\/v2\/pages\/174\/revisions\/3865"}],"up":[{"embeddable":true,"href":"https:\/\/amblavana.esteri.it\/es\/wp-json\/wp\/v2\/pages\/170"}],"wp:attachment":[{"href":"https:\/\/amblavana.esteri.it\/es\/wp-json\/wp\/v2\/media?parent=174"}],"curies":[{"name":"wp","href":"https:\/\/api.w.org\/{rel}","templated":true}]}}