{"id":173,"date":"2023-07-20T15:46:55","date_gmt":"2023-07-20T19:46:55","guid":{"rendered":"https:\/\/amblavana.esteri.it\/chi-siamo\/contatti\/"},"modified":"2023-12-13T15:28:32","modified_gmt":"2023-12-13T19:28:32","slug":"contatti","status":"publish","type":"page","link":"https:\/\/amblavana.esteri.it\/es\/chi-siamo\/contatti\/","title":{"rendered":"Contactos"},"content":{"rendered":"<p><strong>Tel\u00e9fono<\/strong><\/p>\n<p><strong>L\u00ednea activa<\/strong> <strong>de lunes a viernes, de las 9 am a las 4 pm: +53 7204 5615<\/strong><\/p>\n<p>&nbsp;<\/p>\n<p><strong>Para emergencias (por ejemplo, accidentes, detenciones, muertes)<\/strong>, est\u00e1n disponibles el funcionario de guardia de la Embajada (s\u00e1bados, domingos y otros d\u00edas festivos): <strong>+53 5280 5417<\/strong> y el funcionario de guardia del Ministerio de Relaciones Exteriores (24\/7): <strong>+39 06 3691 2666<\/strong><\/p>\n<p>&nbsp;<\/p>\n<p><strong>Correo electr\u00f3nico<\/strong><\/p>\n<p>Embajada: <a href=\"mailto:ambasciata.avana@esteri.it\">ambasciata.avana@esteri.it<\/a><\/p>\n<p>Secretar\u00eda: <a href=\"mailto:segreteria.avana@esteri.it\">segreteria.avana@esteri.it<\/a><\/p>\n<p>Oficina administrativa: <a href=\"mailto:amm.ambavana@esteri.it\">amm.ambavana@esteri.it<\/a><\/p>\n<p>Oficina de ventas: <a href=\"mailto:commerciale.ambavana@esteri.it\">commerciale.ambavana@esteri.it<\/a><\/p>\n<p>Oficina de Visas: <a href=\"mailto:visti.ambavana@esteri.it\">visti.ambavana@esteri.it<\/a><\/p>\n<p>Oficina consular: <a href=\"mailto:consolare.ambavana@esteri.it\">consolare.ambavana@esteri.it<\/a><\/p>\n<p>Corresponsal consular en Holgu\u00edn: <a href=\"mailto:dev.mazzola@gmail.com\">dev.mazzola@gmail.com<\/a><\/p>\n<p>&nbsp;<\/p>\n<p><strong>Correo electr\u00f3nico certificado<\/strong><\/p>\n<p>Embajada: <a href=\"mailto:amb.lavana@cert.esteri.it\">amb.lavana@cert.esteri.it<\/a><\/p>\n<p>Servicios consulares: <a href=\"mailto:amb.lavana.consolare@cert.esteri.it\">amb.lavana.consolare@cert.esteri.it<\/a><\/p>\n<p>Estado Civil: <a href=\"mailto:amb.lavana.statocivile@cert.esteri.it\">amb.lavana.statocivile@cert.esteri.it<\/a><\/p>\n<p>Pasaportes: <a href=\"mailto:amb.lavana.pass@cert.esteri.it\">amb.lavana.pass@cert.esteri.it<\/a><\/p>\n<p>Visados de entrada: <a href=\"mailto:amb.lavana.visti@cert.esteri.it\">amb.lavana.visti@cert.esteri.it<\/a><\/p>\n<p>&nbsp;<\/p>\n<p>&nbsp;<\/p>\n<p><strong>Nexus: su canal directo con las Oficinas comerciales del Ministerio de Asuntos Exteriores en el mundo<\/strong><\/p>\n<p><a href=\"https:\/\/nexus.esteri.it\/?sede=228\">www.nexus.esteri.it<\/a><\/p>\n<p>&nbsp;<\/p>\n<p><strong>Direcci\u00f3n<\/strong><\/p>\n<p>5ta Avenida n. 402 &#8211; esquina Calle 4, Miramar &#8211; Playa, Ciudad de La Habana<\/p>\n","protected":false},"excerpt":{"rendered":"Tel\u00e9fono L\u00ednea activa de lunes a viernes, de las 9 am a las 4 pm: +53 7204 5615 &nbsp; Para emergencias (por ejemplo, accidentes, detenciones, muertes), est\u00e1n disponibles el funcionario de guardia de la Embajada (s\u00e1bados, domingos y otros d\u00edas festivos): +53 5280 5417 y el funcionario de guardia del Ministerio de Relaciones Exteriores (24\/7): [&hellip;]","protected":false},"author":1,"featured_media":0,"parent":170,"menu_order":4,"comment_status":"closed","ping_status":"closed","template":"","meta":{"footnotes":""},"class_list":["post-173","page","type-page","status-publish","hentry"],"_links":{"self":[{"href":"https:\/\/amblavana.esteri.it\/es\/wp-json\/wp\/v2\/pages\/173","targetHints":{"allow":["GET"]}}],"collection":[{"href":"https:\/\/amblavana.esteri.it\/es\/wp-json\/wp\/v2\/pages"}],"about":[{"href":"https:\/\/amblavana.esteri.it\/es\/wp-json\/wp\/v2\/types\/page"}],"author":[{"embeddable":true,"href":"https:\/\/amblavana.esteri.it\/es\/wp-json\/wp\/v2\/users\/1"}],"replies":[{"embeddable":true,"href":"https:\/\/amblavana.esteri.it\/es\/wp-json\/wp\/v2\/comments?post=173"}],"version-history":[{"count":4,"href":"https:\/\/amblavana.esteri.it\/es\/wp-json\/wp\/v2\/pages\/173\/revisions"}],"predecessor-version":[{"id":2015,"href":"https:\/\/amblavana.esteri.it\/es\/wp-json\/wp\/v2\/pages\/173\/revisions\/2015"}],"up":[{"embeddable":true,"href":"https:\/\/amblavana.esteri.it\/es\/wp-json\/wp\/v2\/pages\/170"}],"wp:attachment":[{"href":"https:\/\/amblavana.esteri.it\/es\/wp-json\/wp\/v2\/media?parent=173"}],"curies":[{"name":"wp","href":"https:\/\/api.w.org\/{rel}","templated":true}]}}