{"id":170,"date":"2023-04-11T17:07:36","date_gmt":"2023-04-11T21:07:36","guid":{"rendered":"https:\/\/amblavana.esteri.it\/chi-siamo\/"},"modified":"2025-11-12T17:40:57","modified_gmt":"2025-11-12T21:40:57","slug":"chi-siamo","status":"publish","type":"page","link":"https:\/\/amblavana.esteri.it\/es\/chi-siamo\/","title":{"rendered":"Quienes somos"},"content":{"rendered":"<p><strong>Bienvenidos a la p\u00e1gina web de la Embajada de Italia en La Habana.<\/strong><\/p>\n<p>En las secciones del men\u00fa de la derecha y en la selecci\u00f3n de contenido de la parte superior, pueden encontrar los temas que le interesan.<\/p>\n<p>&nbsp;<\/p>\n<p><strong>Embajada de Italia en La Habana.<\/strong><\/p>\n<p>La Jefa de Misi\u00f3n es la Embajadora <b>Simona De Martino<\/b>.<\/p>\n<p>&nbsp;<\/p>\n<p>Las funciones de la Embajada de Italia en Cuba son, entre otras, las siguientes:<\/p>\n<ul>\n<li>representar a Italia en la Rep\u00fablica de Cuba;<\/li>\n<li>velar por los intereses de Italia y de sus ciudadanos, dentro de los l\u00edmites permitidos por la ley;<\/li>\n<li>negociar con el gobierno de Cuba;<\/li>\n<li>informarse de las condiciones y evoluci\u00f3n de los acontecimientos en Cuba e informar al Estado italiano;<\/li>\n<li>promover las relaciones amistosas y desarrollar las relaciones econ\u00f3micas, culturales y cient\u00edficas entre Italia y la Rep\u00fablica de Cuba.<\/li>\n<\/ul>\n<p>A trav\u00e9s de su Canciller\u00eda Consular, la Embajada tambi\u00e9n presta servicios a los ciudadanos italianos y extranjeros que residen en el territorio de su circunscripci\u00f3n consular.<\/p>\n<p>La Embajada coordina una red compuesta por una <a href=\"https:\/\/lavana.aics.gov.it\/\">Oficina AICS<\/a> y una <a href=\"https:\/\/www.ice.it\/it\/mercati\/cuba?fbclid=IwAR0M49komhTPFmbtMWCOwjnD2KwlYkYkAGWv9G54s8qVx7rfFlZb2IuymSo\">Oficina ICE<\/a>.<\/p>\n","protected":false},"excerpt":{"rendered":"Bienvenidos a la p\u00e1gina web de la Embajada de Italia en La Habana. En las secciones del men\u00fa de la derecha y en la selecci\u00f3n de contenido de la parte superior, pueden encontrar los temas que le interesan. &nbsp; Embajada de Italia en La Habana. La Jefa de Misi\u00f3n es la Embajadora Simona De Martino. [&hellip;]","protected":false},"author":1,"featured_media":0,"parent":0,"menu_order":2,"comment_status":"closed","ping_status":"closed","template":"","meta":{"footnotes":""},"class_list":["post-170","page","type-page","status-publish","hentry"],"_links":{"self":[{"href":"https:\/\/amblavana.esteri.it\/es\/wp-json\/wp\/v2\/pages\/170","targetHints":{"allow":["GET"]}}],"collection":[{"href":"https:\/\/amblavana.esteri.it\/es\/wp-json\/wp\/v2\/pages"}],"about":[{"href":"https:\/\/amblavana.esteri.it\/es\/wp-json\/wp\/v2\/types\/page"}],"author":[{"embeddable":true,"href":"https:\/\/amblavana.esteri.it\/es\/wp-json\/wp\/v2\/users\/1"}],"replies":[{"embeddable":true,"href":"https:\/\/amblavana.esteri.it\/es\/wp-json\/wp\/v2\/comments?post=170"}],"version-history":[{"count":6,"href":"https:\/\/amblavana.esteri.it\/es\/wp-json\/wp\/v2\/pages\/170\/revisions"}],"predecessor-version":[{"id":3868,"href":"https:\/\/amblavana.esteri.it\/es\/wp-json\/wp\/v2\/pages\/170\/revisions\/3868"}],"wp:attachment":[{"href":"https:\/\/amblavana.esteri.it\/es\/wp-json\/wp\/v2\/media?parent=170"}],"curies":[{"name":"wp","href":"https:\/\/api.w.org\/{rel}","templated":true}]}}